{"id":779460,"date":"2025-12-30T11:55:16","date_gmt":"2025-12-30T08:55:16","guid":{"rendered":"https:\/\/roveyayinevi.com.tr\/index.php\/urun\/milliyetci-muhafazakar-neslin-catisi\/"},"modified":"2026-04-15T03:44:11","modified_gmt":"2026-04-15T00:44:11","slug":"milliyetci-muhafazakar-neslin-catisi","status":"publish","type":"product","link":"https:\/\/roveyayinevi.com.tr\/index.php\/urun\/milliyetci-muhafazakar-neslin-catisi\/","title":{"rendered":"Milliyet\u00e7i Muhafazakar Neslin \u00c7at\u0131s\u0131"},"content":{"rendered":"<p>Cemiyetin kurulu\u015f ve y\u00fckseli\u015f y\u0131llar\u0131n\u0131 kavramak, ayn\u0131 zamanda 1980 sonras\u0131 y\u00fckselen \u0130sl\u00e2mi muhafazak\u00e2r dalgay\u0131 anlayabilmek a\u00e7\u0131s\u0131ndan hayati \u00f6nem ta\u015f\u0131maktad\u0131r. \u0130lim Yayma Cemiyeti yaln\u0131zca bir din\u00ee grup yahut dernek de\u011fil, bizatihi T\u00fcrkiye\u2019de \u00fclkeyi idare edebilecek muhafazak\u00e2r nesillerin yeti\u015ftirilmesinde \u00f6nemli g\u00f6rev \u00fcstlenmi\u015f bir \u00f6rg\u00fctlenmedir.\u201d   \u0130sl\u00e2mi muhafazak\u00e2r dalgan\u0131n 1980 Darbesi\u2019nden sonra g\u00f6r\u00fcn\u00fcrle\u015fmesi, \u0130sl\u00e2m\u2019\u0131n T\u00fcrkiye siyasal hayat\u0131nda 1980 sonras\u0131 bir olguymu\u015f gibi anla\u015f\u0131lmas\u0131nda b\u00fcy\u00fck pay sahibidir. Ancak bir uyan\u0131\u015f\u0131 veya dalgay\u0131 anlamak onun \u00f6rg\u00fctlenmesini, toplumsal taban\u0131n\u0131, \u00f6ne \u00e7\u0131kan fig\u00fcrlerini ve d\u00fc\u015f\u00fcnsel k\u00f6klerini takip etmeyi gerektirir.   Mehmet G\u00fcldal, Milliyet\u00e7i Muhafazak\u00e2r Neslin \u00c7at\u0131s\u0131: \u0130lim Yayma Cemiyeti (1951-1981) kitab\u0131nda bu takibi yap\u0131yor. \u0130lim Yayma Cemiyeti\u2019nin ortaya \u00e7\u0131kmas\u0131n\u0131 m\u00fcmk\u00fcn k\u0131lan tarihsel kesiti tart\u0131\u015f\u0131rken, dindar\/muhafazak\u00e2r nesil yeti\u015ftirme idealinin, reaksiyoner modernist anlay\u0131\u015f\u0131n\u0131n, \u00f6nc\u00fc ve \u00f6nc\u00fcl \u015fahsiyetlerinin teferruatl\u0131 tahlilini yap\u0131yor. B\u00f6ylelikle cemiyetin milliyet\u00e7i muhafazak\u00e2r bir \u00e7at\u0131 h\u00fcviyetini tespit ediyor.   T\u00fcrkiye\u2019de milliyet\u00e7i muhafazak\u00e2rl\u0131\u011f\u0131n geli\u015fimini, \u00f6rg\u00fctlenmesini ve ideolojik y\u00f6nelimlerini merak eden okurlara seslenirken kom\u00fcnizmle m\u00fccadele dernekleri, Ak\u0131nc\u0131lar hareketi, \u201cM\u00fccadeleciler\u201d gibi hareketlerle beraber hitap etti\u011fi sa\u011f siyaset d\u00fcnyas\u0131n\u0131n \u00e7er\u00e7evesini geni\u015fletiyor.<\/p>\n","protected":false},"excerpt":{"rendered":"<p>Cemiyetin kurulu\u015f ve y\u00fckseli\u015f y\u0131llar\u0131n\u0131 kavramak, ayn\u0131 zamanda 1980 sonras\u0131 y\u00fckselen \u0130sl\u00e2mi muhafazak\u00e2r dalgay\u0131 anlayabilmek a\u00e7\u0131s\u0131ndan hayati \u00f6nem ta\u015f\u0131maktad\u0131r. \u0130lim Yayma Cemiyeti yaln\u0131zca bir din\u00ee grup<span class=\"excerpt-hellip\"> [\u2026]<\/span><\/p>\n","protected":false},"featured_media":0,"template":"","meta":{"_monsterinsights_skip_tracking":false,"_monsterinsights_sitenote_active":false,"_monsterinsights_sitenote_note":"","_monsterinsights_sitenote_category":0},"product_brand":[],"product_cat":[13590,12337],"product_tag":[],"class_list":{"0":"post-779460","1":"product","2":"type-product","3":"status-publish","5":"product_cat-arastirma-inceleme-politika-siyaset","6":"product_cat-politika-siyaset","7":"pa_cilt-ciltsiz","8":"pa_tur-kitap","9":"pa_yayinevi-iletisim-yayinlari","10":"pa_yazar-mehmet-guldal","12":"first","13":"instock","14":"sale","15":"shipping-taxable","16":"purchasable","17":"product-type-simple"},"_links":{"self":[{"href":"https:\/\/roveyayinevi.com.tr\/index.php\/wp-json\/wp\/v2\/product\/779460","targetHints":{"allow":["GET"]}}],"collection":[{"href":"https:\/\/roveyayinevi.com.tr\/index.php\/wp-json\/wp\/v2\/product"}],"about":[{"href":"https:\/\/roveyayinevi.com.tr\/index.php\/wp-json\/wp\/v2\/types\/product"}],"wp:attachment":[{"href":"https:\/\/roveyayinevi.com.tr\/index.php\/wp-json\/wp\/v2\/media?parent=779460"}],"wp:term":[{"taxonomy":"product_brand","embeddable":true,"href":"https:\/\/roveyayinevi.com.tr\/index.php\/wp-json\/wp\/v2\/product_brand?post=779460"},{"taxonomy":"product_cat","embeddable":true,"href":"https:\/\/roveyayinevi.com.tr\/index.php\/wp-json\/wp\/v2\/product_cat?post=779460"},{"taxonomy":"product_tag","embeddable":true,"href":"https:\/\/roveyayinevi.com.tr\/index.php\/wp-json\/wp\/v2\/product_tag?post=779460"}],"curies":[{"name":"wp","href":"https:\/\/api.w.org\/{rel}","templated":true}]}}