{"id":779459,"date":"2025-12-30T11:55:15","date_gmt":"2025-12-30T08:55:15","guid":{"rendered":"https:\/\/roveyayinevi.com.tr\/index.php\/urun\/roman-aleviler\/"},"modified":"2026-04-15T03:44:10","modified_gmt":"2026-04-15T00:44:10","slug":"roman-aleviler","status":"publish","type":"product","link":"https:\/\/roveyayinevi.com.tr\/index.php\/urun\/roman-aleviler\/","title":{"rendered":"Roman Aleviler"},"content":{"rendered":"<p>\u201cAlevi Romanlar\u0131n tahakk\u00fcm ili\u015fkileriyle y\u00fczle\u015fme bi\u00e7imleri (farkl\u0131 etnik k\u00f6kenlere mensup Aleviler taraf\u0131ndan d\u0131\u015fland\u0131klar\u0131 d\u00fc\u015f\u00fcn\u00fcld\u00fc\u011f\u00fcnde) \u00e7ifte tahakk\u00fcm\u00fc de a\u015far. \u00d6rne\u011fin T\u00fcrk Aleviler taraf\u0131ndan d\u0131\u015flanan K\u00fcrt ya da Arap Aleviler, Roman bir Aleviyle kar\u015f\u0131la\u015ft\u0131\u011f\u0131nda onu d\u0131\u015flayabilmektedir. Bu nedenle Aleviler i\u00e7erisinde Roman olmak ile T\u00fcrkiye\u2019de Roman olmak aras\u0131nda anlaml\u0131 bir fark bulunmad\u0131\u011f\u0131 s\u00f6ylenebilir. Zira benzer kodlar\u0131n her iki alanda da \u00e7al\u0131\u015ft\u0131\u011f\u0131 g\u00f6r\u00fcl\u00fcr. Di\u011fer taraftan tahakk\u00fcm ili\u015fkileri Alevi Romanlar\u0131n kendi i\u00e7lerinde de mevcuttur.\u201d Ozan Do\u011fan, T\u00fcrkiye\u2019de hem Alevilerin hem Romanlar\u0131n az bilinen bir toplulu\u011funun, Roman Alevilerin ger\u00e7ekli\u011fine \u0131\u015f\u0131k tutuyor. Roman Aleviler, katmerli bir d\u0131\u015flaman\u0131n, ba\u015fka bir deyi\u015fle bizzat d\u0131\u015flananlar aras\u0131nda da d\u0131\u015flanman\u0131n \u00e7arp\u0131c\u0131 bir \u00f6rne\u011fi: \u201cHer grubun g\u00fcnah ke\u00e7isi\u201d onlar. \u0130\u00e7lerinden birine \u201cNe vatanda\u015f\u0131z ne M\u00fcsl\u00fcman\u0131z ne Aleviyiz. Kimsenin umurunda de\u011filiz\u201d dedirten bir tahakk\u00fcme tabiler. U\u015fak \u00f6rne\u011finde yap\u0131lan saha \u00e7al\u0131\u015fmas\u0131na dayanan kitap, ya\u015fant\u0131 ve rit\u00fcellerini tasvir etti\u011fi toplulu\u011fun i\u00e7indeki farkl\u0131 gruplar\u0131n \u00f6zelliklerine de e\u011filiyor (demirciler, elek\u00e7iler, sepet\u00e7iler, abdallar). Ve Roman Alevilerin maruz kald\u0131klar\u0131 d\u0131\u015flanmayla ba\u015f etme stratejilerini, var olma m\u00fccadelelerini de g\u00f6z ard\u0131 etmiyor.<\/p>\n","protected":false},"excerpt":{"rendered":"<p>\u201cAlevi Romanlar\u0131n tahakk\u00fcm ili\u015fkileriyle y\u00fczle\u015fme bi\u00e7imleri (farkl\u0131 etnik k\u00f6kenlere mensup Aleviler taraf\u0131ndan d\u0131\u015fland\u0131klar\u0131 d\u00fc\u015f\u00fcn\u00fcld\u00fc\u011f\u00fcnde) \u00e7ifte tahakk\u00fcm\u00fc de a\u015far. \u00d6rne\u011fin T\u00fcrk Aleviler taraf\u0131ndan d\u0131\u015flanan K\u00fcrt ya da<span class=\"excerpt-hellip\"> [\u2026]<\/span><\/p>\n","protected":false},"featured_media":0,"template":"","meta":{"_monsterinsights_skip_tracking":false,"_monsterinsights_sitenote_active":false,"_monsterinsights_sitenote_note":"","_monsterinsights_sitenote_category":0},"product_brand":[],"product_cat":[13575,12718,12719],"product_tag":[],"class_list":{"0":"post-779459","1":"product","2":"type-product","3":"status-publish","5":"product_cat-alevilik-bektasilik","6":"product_cat-din","7":"product_cat-islam","8":"pa_cilt-ciltsiz","9":"pa_tur-kitap","10":"pa_yayinevi-iletisim-yayinlari","11":"pa_yazar-ozan-dogan","13":"first","14":"instock","15":"sale","16":"shipping-taxable","17":"purchasable","18":"product-type-simple"},"_links":{"self":[{"href":"https:\/\/roveyayinevi.com.tr\/index.php\/wp-json\/wp\/v2\/product\/779459","targetHints":{"allow":["GET"]}}],"collection":[{"href":"https:\/\/roveyayinevi.com.tr\/index.php\/wp-json\/wp\/v2\/product"}],"about":[{"href":"https:\/\/roveyayinevi.com.tr\/index.php\/wp-json\/wp\/v2\/types\/product"}],"wp:attachment":[{"href":"https:\/\/roveyayinevi.com.tr\/index.php\/wp-json\/wp\/v2\/media?parent=779459"}],"wp:term":[{"taxonomy":"product_brand","embeddable":true,"href":"https:\/\/roveyayinevi.com.tr\/index.php\/wp-json\/wp\/v2\/product_brand?post=779459"},{"taxonomy":"product_cat","embeddable":true,"href":"https:\/\/roveyayinevi.com.tr\/index.php\/wp-json\/wp\/v2\/product_cat?post=779459"},{"taxonomy":"product_tag","embeddable":true,"href":"https:\/\/roveyayinevi.com.tr\/index.php\/wp-json\/wp\/v2\/product_tag?post=779459"}],"curies":[{"name":"wp","href":"https:\/\/api.w.org\/{rel}","templated":true}]}}