{"id":779457,"date":"2025-12-30T11:55:11","date_gmt":"2025-12-30T08:55:11","guid":{"rendered":"https:\/\/roveyayinevi.com.tr\/index.php\/urun\/sostakovic\/"},"modified":"2026-04-15T03:44:10","modified_gmt":"2026-04-15T00:44:10","slug":"sostakovic","status":"publish","type":"product","link":"https:\/\/roveyayinevi.com.tr\/index.php\/urun\/sostakovic\/","title":{"rendered":"\u015eostakovi\u00e7"},"content":{"rendered":"<p>20. y\u00fczy\u0131l b\u00fcy\u00fck devrimlerin, sava\u015flar\u0131n, ulusal kurtulu\u015f m\u00fccadelelerinin ve kar\u015f\u0131devrimlerin \u00e7a\u011f\u0131yd\u0131. Politikada oldu\u011fu kadar k\u00fclt\u00fcr-sanat alan\u0131nda da b\u00fcy\u00fck k\u0131r\u0131lmalara ve yarat\u0131c\u0131 patlamalara gebeydi. \u015eostakovi\u00e7, \u00f6zelde senfoni t\u00fcr\u00fcnde genelde m\u00fczik d\u00fcnyas\u0131nda yeni ufuklara \u00e7a\u011flayan bir yatakt\u0131r. Y\u00fczy\u0131l\u0131n ortas\u0131nda y\u00f6n\u00fcn\u00fc arayan insanla \u201cm\u00fczik d\u00fc\u015f\u00fcncesi\u201d \u00fczerinde bulu\u015farak kendi sesini aram\u0131\u015f; insan\u0131n \u00e7ok boyutlulukla y\u00fckl\u00fc \u201cdram\u0131\u201dn\u0131 yine onun yarat\u0131c\u0131 g\u00fcc\u00fcne duydu\u011fu g\u00fcvenle a\u015fmaya \u00e7al\u0131\u015fm\u0131\u015ft\u0131r. O, uygarl\u0131\u011f\u0131n derin dokusuna, kendi kuma\u015f\u0131nda bi\u00e7ti\u011fi evrensele kucak a\u00e7an bir yorum katt\u0131. Sovyet insan\u0131n\u0131n g\u00fcndelik tasalar\u0131n\u0131; 1905 ve 1917 Devrimlerini, \u0130\u00e7sava\u015f\u0131, tar\u0131mda kolektivizasyonu, \u0130kinci D\u00fcnya Sava\u015f\u0131\u2019n\u0131 hep derinlikle, incelikle, \u00fclke sevgisiyle evrensel bi\u00e7ime b\u00fcr\u00fcd\u00fc. So\u011fuk Sava\u015f\u2019\u0131n antikom\u00fcnist histerisine kap\u0131lmadan, \u00f6zg\u00fcn bir h\u00fcmanizma geli\u015ftirdi. Bu tarihsel u\u011frak bizi \u201c\u015eostakovi\u00e7\u2019i nas\u0131l dinlemeli?\u201d sorusuna getiriyor. Dinleyiciyi, So\u011fuk Sava\u015f\u2019\u0131n yaratt\u0131\u011f\u0131 tahribatla \u015fekillenen \u201cpiyasa mahk\u00fbmu\u201d olmak zorunda de\u011fil. Bilakis, m\u00fczik \u00f6n\u00fcnde \u201ckendi sayg\u0131nl\u0131\u011f\u0131n\u0131 bilen ki\u015fi\u201d olmak zorunlulu\u011fundad\u0131r. Cumhuriyet bilgesi Bilsay Kuru\u00e7, yal\u0131n ama \u00f6zl\u00fc \u00e7al\u0131\u015fmas\u0131nda, \u015eostakovi\u00e7\u2019i tarihsel ba\u011flam\u0131 i\u00e7inde incelerken hem salt t\u00fcketici konumuna itilmeye \u00e7al\u0131\u015f\u0131lan \u201cm\u00fczikseverlik\u201d fikrine meydan okuyor, m\u00fczi\u011fin kolektif do\u011fas\u0131n\u0131 an\u0131msat\u0131yor hem de Sovyet k\u00fclt\u00fcr ya\u015fam\u0131na dair \u2013So\u011fuk Sava\u015f yalanlar\u0131na pabu\u00e7 b\u0131rakmadan\u2013 derin ipu\u00e7lar\u0131 veriyor. <\/p>\n","protected":false},"excerpt":{"rendered":"<p>20. y\u00fczy\u0131l b\u00fcy\u00fck devrimlerin, sava\u015flar\u0131n, ulusal kurtulu\u015f m\u00fccadelelerinin ve kar\u015f\u0131devrimlerin \u00e7a\u011f\u0131yd\u0131. Politikada oldu\u011fu kadar k\u00fclt\u00fcr-sanat alan\u0131nda da b\u00fcy\u00fck k\u0131r\u0131lmalara ve yarat\u0131c\u0131 patlamalara gebeydi. \u015eostakovi\u00e7, \u00f6zelde senfoni<span class=\"excerpt-hellip\"> [\u2026]<\/span><\/p>\n","protected":false},"featured_media":0,"template":"","meta":{"_monsterinsights_skip_tracking":false,"_monsterinsights_sitenote_active":false,"_monsterinsights_sitenote_note":"","_monsterinsights_sitenote_category":0},"product_brand":[],"product_cat":[12408],"product_tag":[],"class_list":{"0":"post-779457","1":"product","2":"type-product","3":"status-publish","5":"product_cat-sanat","6":"pa_cilt-ciltsiz","7":"pa_tur-defter","8":"pa_yayinevi-kirmizi-kedi-yayinevi","9":"pa_yazar-bilsay-kuruc","11":"first","12":"instock","13":"sale","14":"shipping-taxable","15":"purchasable","16":"product-type-simple"},"_links":{"self":[{"href":"https:\/\/roveyayinevi.com.tr\/index.php\/wp-json\/wp\/v2\/product\/779457","targetHints":{"allow":["GET"]}}],"collection":[{"href":"https:\/\/roveyayinevi.com.tr\/index.php\/wp-json\/wp\/v2\/product"}],"about":[{"href":"https:\/\/roveyayinevi.com.tr\/index.php\/wp-json\/wp\/v2\/types\/product"}],"wp:attachment":[{"href":"https:\/\/roveyayinevi.com.tr\/index.php\/wp-json\/wp\/v2\/media?parent=779457"}],"wp:term":[{"taxonomy":"product_brand","embeddable":true,"href":"https:\/\/roveyayinevi.com.tr\/index.php\/wp-json\/wp\/v2\/product_brand?post=779457"},{"taxonomy":"product_cat","embeddable":true,"href":"https:\/\/roveyayinevi.com.tr\/index.php\/wp-json\/wp\/v2\/product_cat?post=779457"},{"taxonomy":"product_tag","embeddable":true,"href":"https:\/\/roveyayinevi.com.tr\/index.php\/wp-json\/wp\/v2\/product_tag?post=779457"}],"curies":[{"name":"wp","href":"https:\/\/api.w.org\/{rel}","templated":true}]}}