{"id":779456,"date":"2025-12-30T11:55:08","date_gmt":"2025-12-30T08:55:08","guid":{"rendered":"https:\/\/roveyayinevi.com.tr\/index.php\/urun\/omur-hanimla-guz-konusmalari\/"},"modified":"2026-04-15T03:44:10","modified_gmt":"2026-04-15T00:44:10","slug":"omur-hanimla-guz-konusmalari","status":"publish","type":"product","link":"https:\/\/roveyayinevi.com.tr\/index.php\/urun\/omur-hanimla-guz-konusmalari\/","title":{"rendered":"\u00d6m\u00fcr Han\u0131m\u2019la G\u00fcz Konu\u015fmalar\u0131"},"content":{"rendered":"<p>Susmak yaln\u0131zl\u0131\u011f\u0131n ana dilidir \u00f6m\u00fcr han\u0131m, \u015fiiridir. Kim kimin derinli\u011fini g\u00f6rebilir, hem hangi g\u00f6zle? <\/p>\n","protected":false},"excerpt":{"rendered":"<p>Susmak yaln\u0131zl\u0131\u011f\u0131n ana dilidir \u00f6m\u00fcr han\u0131m, \u015fiiridir. Kim kimin derinli\u011fini g\u00f6rebilir, hem hangi g\u00f6zle?<\/p>\n","protected":false},"featured_media":0,"template":"","meta":{"_monsterinsights_skip_tracking":false,"_monsterinsights_sitenote_active":false,"_monsterinsights_sitenote_note":"","_monsterinsights_sitenote_category":0},"product_brand":[],"product_cat":[12291,12509],"product_tag":[],"class_list":{"0":"post-779456","1":"product","2":"type-product","3":"status-publish","5":"product_cat-edebiyat","6":"product_cat-siir","7":"pa_cilt-ciltsiz","8":"pa_tur-kitap","9":"pa_yayinevi-kirmizi-kedi-yayinevi","10":"pa_yazar-sukru-erbas","12":"first","13":"instock","14":"sale","15":"shipping-taxable","16":"purchasable","17":"product-type-simple"},"_links":{"self":[{"href":"https:\/\/roveyayinevi.com.tr\/index.php\/wp-json\/wp\/v2\/product\/779456","targetHints":{"allow":["GET"]}}],"collection":[{"href":"https:\/\/roveyayinevi.com.tr\/index.php\/wp-json\/wp\/v2\/product"}],"about":[{"href":"https:\/\/roveyayinevi.com.tr\/index.php\/wp-json\/wp\/v2\/types\/product"}],"wp:attachment":[{"href":"https:\/\/roveyayinevi.com.tr\/index.php\/wp-json\/wp\/v2\/media?parent=779456"}],"wp:term":[{"taxonomy":"product_brand","embeddable":true,"href":"https:\/\/roveyayinevi.com.tr\/index.php\/wp-json\/wp\/v2\/product_brand?post=779456"},{"taxonomy":"product_cat","embeddable":true,"href":"https:\/\/roveyayinevi.com.tr\/index.php\/wp-json\/wp\/v2\/product_cat?post=779456"},{"taxonomy":"product_tag","embeddable":true,"href":"https:\/\/roveyayinevi.com.tr\/index.php\/wp-json\/wp\/v2\/product_tag?post=779456"}],"curies":[{"name":"wp","href":"https:\/\/api.w.org\/{rel}","templated":true}]}}