{"id":779455,"date":"2025-12-30T11:55:06","date_gmt":"2025-12-30T08:55:06","guid":{"rendered":"https:\/\/roveyayinevi.com.tr\/index.php\/urun\/cocuk-hastaliklari-ve-duygusal-sebepleri\/"},"modified":"2026-04-15T03:44:10","modified_gmt":"2026-04-15T00:44:10","slug":"cocuk-hastaliklari-ve-duygusal-sebepleri","status":"publish","type":"product","link":"https:\/\/roveyayinevi.com.tr\/index.php\/urun\/cocuk-hastaliklari-ve-duygusal-sebepleri\/","title":{"rendered":"\u00c7ocuk Hastal\u0131klar\u0131 ve Duygusal Sebepleri"},"content":{"rendered":"<p>Hastal\u0131k sadece bedende olu\u015fan bir sorunun sonucu mu yoksa ruhumuzun derinden gelen seslerinin yans\u0131mas\u0131 m\u0131d\u0131r?   \u00d6zellikle de \u00e7ocuklar\u0131n k\u00fc\u00e7\u00fck kalplerinde ve ruhlar\u0131nda gizlenen duygular, sessizce bedenlerine mi yans\u0131r? Bu kitap, \u00e7ocukluk hastal\u0131klar\u0131n\u0131 sadece t\u0131bbi bir tablo olarak de\u011fil, ayn\u0131 zamanda duygusal bir harita olarak ele al\u0131yor. Ate\u015ften ast\u0131ma, alerjiden kar\u0131n a\u011fr\u0131lar\u0131na kadar bir\u00e7ok rahats\u0131zl\u0131\u011f\u0131n arkas\u0131ndaki duygu dilini \u00e7\u00f6z\u00fcmlemeye davet ediyor. \u00c7ocu\u011funuzun s\u0131k hastalanmas\u0131n\u0131n ard\u0131nda bast\u0131r\u0131lm\u0131\u015f \u00f6fke olabilir mi? S\u00fcrekli tekrarlayan rahats\u0131zl\u0131klar, g\u00f6r\u00fclme ve anla\u015f\u0131lma \u00e7\u0131\u011fl\u0131\u011f\u0131 m\u0131 at\u0131yor? Bedenin verdi\u011fi her belirti, asl\u0131nda ruhun g\u00f6nderdi\u011fi bir mesaj olabilir mi? \u00c7ocukluk d\u00f6nemi hastal\u0131klar\u0131 yaln\u0131zca biyolojik s\u00fcre\u00e7lerin de\u011fil, ayn\u0131 zamanda duygusal ve psiko-sosyal dinamiklerin de bir yans\u0131mas\u0131d\u0131r. Bu kitap, \u00e7ocuk sa\u011fl\u0131\u011f\u0131na b\u00fct\u00fcnc\u00fcl bir bak\u0131\u015f a\u00e7\u0131s\u0131yla yakla\u015farak bedensel belirtilerin ard\u0131nda gizlenen duygusal k\u00f6kenleri ele al\u0131yor. \u00c7ocuklar\u0131n duygu d\u00fcnyas\u0131 ile fiziksel sa\u011fl\u0131klar\u0131 aras\u0131ndaki ince ba\u011flar\u0131 anlamak, yaln\u0131zca tedavi s\u00fcrecini de\u011fil, ebeveyn-\u00e7ocuk ili\u015fkisini de d\u00f6n\u00fc\u015ft\u00fcrme ve onlar\u0131n karakterlerini yeniden d\u00fczenleme potansiyeline sahiptir. \u00c7ocu\u011funuzun hastal\u0131\u011f\u0131n\u0131 yaln\u0131zca bir te\u015fhis olarak de\u011fil, bir anlam aray\u0131\u015f\u0131 olarak okumaya davetlisiniz. <\/p>\n","protected":false},"excerpt":{"rendered":"<p>Hastal\u0131k sadece bedende olu\u015fan bir sorunun sonucu mu yoksa ruhumuzun derinden gelen seslerinin yans\u0131mas\u0131 m\u0131d\u0131r? \u00d6zellikle de \u00e7ocuklar\u0131n k\u00fc\u00e7\u00fck kalplerinde ve ruhlar\u0131nda gizlenen duygular, sessizce bedenlerine<span class=\"excerpt-hellip\"> [\u2026]<\/span><\/p>\n","protected":false},"featured_media":0,"template":"","meta":{"_monsterinsights_skip_tracking":false,"_monsterinsights_sitenote_active":false,"_monsterinsights_sitenote_note":"","_monsterinsights_sitenote_category":0},"product_brand":[],"product_cat":[12357],"product_tag":[],"class_list":{"0":"post-779455","1":"product","2":"type-product","3":"status-publish","5":"product_cat-psikoloji","6":"pa_cilt-ciltsiz","7":"pa_tur-kitap","8":"pa_yayinevi-destek-yayinlari","9":"pa_yazar-zeynep-dizmen","11":"first","12":"instock","13":"sale","14":"shipping-taxable","15":"purchasable","16":"product-type-simple"},"_links":{"self":[{"href":"https:\/\/roveyayinevi.com.tr\/index.php\/wp-json\/wp\/v2\/product\/779455","targetHints":{"allow":["GET"]}}],"collection":[{"href":"https:\/\/roveyayinevi.com.tr\/index.php\/wp-json\/wp\/v2\/product"}],"about":[{"href":"https:\/\/roveyayinevi.com.tr\/index.php\/wp-json\/wp\/v2\/types\/product"}],"wp:attachment":[{"href":"https:\/\/roveyayinevi.com.tr\/index.php\/wp-json\/wp\/v2\/media?parent=779455"}],"wp:term":[{"taxonomy":"product_brand","embeddable":true,"href":"https:\/\/roveyayinevi.com.tr\/index.php\/wp-json\/wp\/v2\/product_brand?post=779455"},{"taxonomy":"product_cat","embeddable":true,"href":"https:\/\/roveyayinevi.com.tr\/index.php\/wp-json\/wp\/v2\/product_cat?post=779455"},{"taxonomy":"product_tag","embeddable":true,"href":"https:\/\/roveyayinevi.com.tr\/index.php\/wp-json\/wp\/v2\/product_tag?post=779455"}],"curies":[{"name":"wp","href":"https:\/\/api.w.org\/{rel}","templated":true}]}}