{"id":779453,"date":"2025-12-30T11:55:03","date_gmt":"2025-12-30T08:55:03","guid":{"rendered":"https:\/\/roveyayinevi.com.tr\/index.php\/urun\/askin-kara-kutusu\/"},"modified":"2026-04-15T03:44:10","modified_gmt":"2026-04-15T00:44:10","slug":"askin-kara-kutusu","status":"publish","type":"product","link":"https:\/\/roveyayinevi.com.tr\/index.php\/urun\/askin-kara-kutusu\/","title":{"rendered":"A\u015fk\u0131n Kara Kutusu"},"content":{"rendered":"<p>\u201cKIRILDI\u011eIN YER, \u00d6\u011eREND\u0130\u011e\u0130N YERD\u0130R.\u201d   Her ili\u015fki bir u\u00e7u\u015f gibidir. Kimi g\u00fcvenle iner, kimi d\u00fc\u015fer, kiminin kara kutusu bile bulunamaz. Psikoterapist A. Sibel Bi\u00e7er, bu kitapta kalbimizin gizli kay\u0131tlar\u0131n\u0131 \u00e7\u00f6z\u00fcmlerken \u015fu sorular\u0131n pe\u015fine d\u00fc\u015f\u00fcyor: Neden hep ayn\u0131 hatalar\u0131 yap\u0131yoruz? Neden sevgi sand\u0131\u011f\u0131m\u0131z \u015fey bazen bizi t\u00fcketiyor? A\u015fk\u0131n Kara Kutusu, ili\u015fkilerdeki g\u00f6r\u00fcnmez dinamikleri, bilin\u00e7d\u0131\u015f\u0131 se\u00e7imleri ve duygusal miraslar\u0131m\u0131z\u0131 anlamak i\u00e7in yaz\u0131ld\u0131. Okuduk\u00e7a fark edeceksiniz: A\u015fk bir s\u0131r de\u011fil, bir fark\u0131ndal\u0131k meselesi. Ger\u00e7ek bir y\u00fczle\u015fmeye haz\u0131r m\u0131s\u0131n\u0131z? Korku, kayg\u0131, i\u00e7 s\u0131k\u0131\u015fmas\u0131, hatta ad\u0131na \u201cb\u00fcy\u00fc\u201d dedi\u011fimiz o g\u00f6r\u00fcnmez ba\u011flar\u2026 Hepsinin ard\u0131nda \u00e7\u00f6z\u00fclmeyi bekleyen bir hik\u00e2ye var. Bu topraklardan vakalarla o hik\u00e2yeyi birlikte okuyaca\u011f\u0131z. <\/p>\n","protected":false},"excerpt":{"rendered":"<p>\u201cKIRILDI\u011eIN YER, \u00d6\u011eREND\u0130\u011e\u0130N YERD\u0130R.\u201d Her ili\u015fki bir u\u00e7u\u015f gibidir. Kimi g\u00fcvenle iner, kimi d\u00fc\u015fer, kiminin kara kutusu bile bulunamaz. Psikoterapist A. Sibel Bi\u00e7er, bu kitapta kalbimizin<span class=\"excerpt-hellip\"> [\u2026]<\/span><\/p>\n","protected":false},"featured_media":0,"template":"","meta":{"_monsterinsights_skip_tracking":false,"_monsterinsights_sitenote_active":false,"_monsterinsights_sitenote_note":"","_monsterinsights_sitenote_category":0},"product_brand":[],"product_cat":[12364,12376],"product_tag":[],"class_list":{"0":"post-779453","1":"product","2":"type-product","3":"status-publish","5":"product_cat-genel-konular","6":"product_cat-kisisel-gelisim","7":"pa_cilt-ciltsiz","8":"pa_tur-kitap","9":"pa_yayinevi-destek-yayinlari","10":"pa_yazar-doc-dr-a-sibel-bicer","12":"first","13":"instock","14":"sale","15":"shipping-taxable","16":"purchasable","17":"product-type-simple"},"_links":{"self":[{"href":"https:\/\/roveyayinevi.com.tr\/index.php\/wp-json\/wp\/v2\/product\/779453","targetHints":{"allow":["GET"]}}],"collection":[{"href":"https:\/\/roveyayinevi.com.tr\/index.php\/wp-json\/wp\/v2\/product"}],"about":[{"href":"https:\/\/roveyayinevi.com.tr\/index.php\/wp-json\/wp\/v2\/types\/product"}],"wp:attachment":[{"href":"https:\/\/roveyayinevi.com.tr\/index.php\/wp-json\/wp\/v2\/media?parent=779453"}],"wp:term":[{"taxonomy":"product_brand","embeddable":true,"href":"https:\/\/roveyayinevi.com.tr\/index.php\/wp-json\/wp\/v2\/product_brand?post=779453"},{"taxonomy":"product_cat","embeddable":true,"href":"https:\/\/roveyayinevi.com.tr\/index.php\/wp-json\/wp\/v2\/product_cat?post=779453"},{"taxonomy":"product_tag","embeddable":true,"href":"https:\/\/roveyayinevi.com.tr\/index.php\/wp-json\/wp\/v2\/product_tag?post=779453"}],"curies":[{"name":"wp","href":"https:\/\/api.w.org\/{rel}","templated":true}]}}