{"id":779451,"date":"2025-12-30T11:54:58","date_gmt":"2025-12-30T08:54:58","guid":{"rendered":"https:\/\/roveyayinevi.com.tr\/index.php\/urun\/donusumun-simyasi\/"},"modified":"2026-04-03T03:35:39","modified_gmt":"2026-04-03T00:35:39","slug":"donusumun-simyasi","status":"publish","type":"product","link":"https:\/\/roveyayinevi.com.tr\/index.php\/urun\/donusumun-simyasi\/","title":{"rendered":"D\u00f6n\u00fc\u015f\u00fcm\u00fcn Simyas\u0131"},"content":{"rendered":"<p>\u201cSen kendi i\u00e7inde sakl\u0131 bir hazine ta\u015f\u0131yorsun. Bu kitap, o hazineyi a\u00e7acak t\u0131ls\u0131ml\u0131 anahtar.\u201d   Zihin, dua ve kelimenin g\u00fcc\u00fcyle \u015fekillenen bir evrende ya\u015f\u0131yoruz. Her d\u00fc\u015f\u00fcnce bir tohum, her kelime bir kader&#8230; Ama insan, \u00e7o\u011fu zaman kendi bah\u00e7esine ne ekti\u011fini bilemez.   D\u00f6n\u00fc\u015f\u00fcm\u00fcn Simyas\u0131, bilimin kan\u0131tlad\u0131\u011f\u0131 verilerle tasavvufun kadim bilgisini birle\u015ftiriyor; Esm\u00e2\u2019\u00fcl H\u00fcsn\u00e2\u2019lar\u0131n ilahi frekanslar\u0131n\u0131 bilin\u00e7alt\u0131n\u0131n diliyle bulu\u015fturuyor. N\u00f6robilim, epigenetik ve kuantum felsefesi e\u015fli\u011finde, insan\u0131n hem zihinsel hem ruhsal kodlar\u0131n\u0131 d\u00f6n\u00fc\u015ft\u00fcrmenin yollar\u0131n\u0131 g\u00f6steriyor. P\u0131nar \u00d6zkan, y\u0131llard\u0131r dan\u0131\u015fanlar\u0131 ve \u00f6\u011frencileriyle deneyimledi\u011fi d\u00f6n\u00fc\u015f\u00fcm tekniklerini, uygulamalarla dolu bir sistem haline getirerek okura sunuyor. Bu kitap sadece bilgi de\u011fil; bir fark\u0131ndal\u0131k deneyimi, i\u00e7sel d\u00f6n\u00fc\u015f\u00fcme davet. Zihnini yeniden programlamak, bilin\u00e7alt\u0131ndaki kay\u0131tlar\u0131 Esm\u00e2\u2019\u00fcl H\u00fcsn\u00e2\u2019lar\u0131n nuruyla d\u00f6n\u00fc\u015ft\u00fcrmek ve ilahi potansiyelini hat\u0131rlamak isteyen herkes i\u00e7in g\u00fc\u00e7l\u00fc bir rehber&#8230; <\/p>\n","protected":false},"excerpt":{"rendered":"<p>\u201cSen kendi i\u00e7inde sakl\u0131 bir hazine ta\u015f\u0131yorsun. Bu kitap, o hazineyi a\u00e7acak t\u0131ls\u0131ml\u0131 anahtar.\u201d Zihin, dua ve kelimenin g\u00fcc\u00fcyle \u015fekillenen bir evrende ya\u015f\u0131yoruz. Her d\u00fc\u015f\u00fcnce bir<span class=\"excerpt-hellip\"> [\u2026]<\/span><\/p>\n","protected":false},"featured_media":0,"template":"","meta":{"_monsterinsights_skip_tracking":false,"_monsterinsights_sitenote_active":false,"_monsterinsights_sitenote_note":"","_monsterinsights_sitenote_category":0},"product_brand":[],"product_cat":[12364,12376],"product_tag":[],"class_list":{"0":"post-779451","1":"product","2":"type-product","3":"status-publish","5":"product_cat-genel-konular","6":"product_cat-kisisel-gelisim","7":"pa_cilt-ciltsiz","8":"pa_tur-kitap","9":"pa_yayinevi-destek-yayinlari","10":"pa_yazar-pinar-ozkan","12":"first","13":"instock","14":"sale","15":"shipping-taxable","16":"purchasable","17":"product-type-simple"},"_links":{"self":[{"href":"https:\/\/roveyayinevi.com.tr\/index.php\/wp-json\/wp\/v2\/product\/779451","targetHints":{"allow":["GET"]}}],"collection":[{"href":"https:\/\/roveyayinevi.com.tr\/index.php\/wp-json\/wp\/v2\/product"}],"about":[{"href":"https:\/\/roveyayinevi.com.tr\/index.php\/wp-json\/wp\/v2\/types\/product"}],"wp:attachment":[{"href":"https:\/\/roveyayinevi.com.tr\/index.php\/wp-json\/wp\/v2\/media?parent=779451"}],"wp:term":[{"taxonomy":"product_brand","embeddable":true,"href":"https:\/\/roveyayinevi.com.tr\/index.php\/wp-json\/wp\/v2\/product_brand?post=779451"},{"taxonomy":"product_cat","embeddable":true,"href":"https:\/\/roveyayinevi.com.tr\/index.php\/wp-json\/wp\/v2\/product_cat?post=779451"},{"taxonomy":"product_tag","embeddable":true,"href":"https:\/\/roveyayinevi.com.tr\/index.php\/wp-json\/wp\/v2\/product_tag?post=779451"}],"curies":[{"name":"wp","href":"https:\/\/api.w.org\/{rel}","templated":true}]}}