{"id":779447,"date":"2025-12-30T11:54:48","date_gmt":"2025-12-30T08:54:48","guid":{"rendered":"https:\/\/roveyayinevi.com.tr\/index.php\/urun\/zihnin-gorunmeyen-mesaisi\/"},"modified":"2026-04-15T03:44:10","modified_gmt":"2026-04-15T00:44:10","slug":"zihnin-gorunmeyen-mesaisi","status":"publish","type":"product","link":"https:\/\/roveyayinevi.com.tr\/index.php\/urun\/zihnin-gorunmeyen-mesaisi\/","title":{"rendered":"Zihnin G\u00f6r\u00fcnmeyen Mesaisi"},"content":{"rendered":"<p>\u0130\u015f Yerinde Sessizce \u00c7al\u0131\u015fan Psikolojiyi Anlamak ve D\u00f6n\u00fc\u015ft\u00fcrmek \u00dczerine Bir Rehber Ba\u015far\u0131lar kutlan\u0131yor, projeler ilerliyor, toplant\u0131lar bitmiyor\u2026 Ama zihinsel y\u00fckler kimsenin g\u00fcndeminde de\u011fil. &#8211; Bir \u00e7al\u0131\u015fan neden sabah i\u015fe gitmekte zorlan\u0131r? &#8211; Sessizce i\u015ften ayr\u0131lan biri asl\u0131nda ne zamand\u0131r i\u00e7ten i\u00e7e kopmu\u015ftur? &#8211; Bir y\u00f6netici \u00f6fkesini neden kontrol edemez? &#8211; Ve kurumlar, ruhsal olarak nas\u0131l sessizce t\u00fckenir? Bu kitap; i\u015f d\u00fcnyas\u0131nda g\u00f6r\u00fcnmeyen ama her an hissedilen duygusal \u00e7at\u0131\u015fmalara, bast\u0131r\u0131lan streslere ve konu\u015fulamayan insani ihtiya\u00e7lara cesurca \u0131\u015f\u0131k tutuyor. Sadece CEO\u2019lara de\u011fil; insan kaynaklar\u0131 uzmanlar\u0131na, tak\u0131m liderlerine, \u00e7al\u0131\u015fanlar\u0131n\u0131 \u00f6nemseyen y\u00f6neticilere ve t\u00fckenmeden \u00fcretmek isteyen herkese\u2026 Kitapta bulacaklar\u0131n\u0131z: \u2013 Psikolojik g\u00fcven iklimi nas\u0131l in\u015fa edilir? \u2013 T\u00fckenmi\u015flik, i\u015f performans\u0131n\u0131 nas\u0131l etkiler? \u2013 Kriz zamanlar\u0131nda kurum nas\u0131l konu\u015fur, lider nas\u0131l susar? \u2013 Sessiz istifa neden yayg\u0131nla\u015ft\u0131? \u2013 Terfi, performans ve \u00e7at\u0131\u015fmalar zihinsel sa\u011fl\u0131\u011f\u0131 nas\u0131l etkiler? Kurumsal psikolojik dan\u0131\u015fmanl\u0131k deneyimiyle yaz\u0131lm\u0131\u015f bu rehber, \u00e7al\u0131\u015fma hayat\u0131n\u0131n g\u00f6r\u00fcnmeyen mesaisini g\u00f6r\u00fcn\u00fcr k\u0131lmak i\u00e7in yaz\u0131ld\u0131. \u00dcretenlerin i\u00e7 sesi, liderlerin pusulas\u0131, \u00e7al\u0131\u015fanlar\u0131n aynas\u0131 olacak. \u00c7\u00fcnk\u00fc zihinsel sa\u011fl\u0131k olmadan kurumsal ba\u015far\u0131 s\u00fcrd\u00fcr\u00fclemez.<\/p>\n","protected":false},"excerpt":{"rendered":"<p>\u0130\u015f Yerinde Sessizce \u00c7al\u0131\u015fan Psikolojiyi Anlamak ve D\u00f6n\u00fc\u015ft\u00fcrmek \u00dczerine Bir Rehber Ba\u015far\u0131lar kutlan\u0131yor, projeler ilerliyor, toplant\u0131lar bitmiyor\u2026 Ama zihinsel y\u00fckler kimsenin g\u00fcndeminde de\u011fil. &#8211; Bir \u00e7al\u0131\u015fan<span class=\"excerpt-hellip\"> [\u2026]<\/span><\/p>\n","protected":false},"featured_media":0,"template":"","meta":{"_monsterinsights_skip_tracking":false,"_monsterinsights_sitenote_active":false,"_monsterinsights_sitenote_note":"","_monsterinsights_sitenote_category":0},"product_brand":[],"product_cat":[12364,12376],"product_tag":[],"class_list":{"0":"post-779447","1":"product","2":"type-product","3":"status-publish","5":"product_cat-genel-konular","6":"product_cat-kisisel-gelisim","7":"pa_cilt-ciltsiz","8":"pa_tur-kitap","9":"pa_yayinevi-luna-yayinlari","10":"pa_yazar-yusuf-yerli","12":"first","13":"instock","14":"sale","15":"shipping-taxable","16":"purchasable","17":"product-type-simple"},"_links":{"self":[{"href":"https:\/\/roveyayinevi.com.tr\/index.php\/wp-json\/wp\/v2\/product\/779447","targetHints":{"allow":["GET"]}}],"collection":[{"href":"https:\/\/roveyayinevi.com.tr\/index.php\/wp-json\/wp\/v2\/product"}],"about":[{"href":"https:\/\/roveyayinevi.com.tr\/index.php\/wp-json\/wp\/v2\/types\/product"}],"wp:attachment":[{"href":"https:\/\/roveyayinevi.com.tr\/index.php\/wp-json\/wp\/v2\/media?parent=779447"}],"wp:term":[{"taxonomy":"product_brand","embeddable":true,"href":"https:\/\/roveyayinevi.com.tr\/index.php\/wp-json\/wp\/v2\/product_brand?post=779447"},{"taxonomy":"product_cat","embeddable":true,"href":"https:\/\/roveyayinevi.com.tr\/index.php\/wp-json\/wp\/v2\/product_cat?post=779447"},{"taxonomy":"product_tag","embeddable":true,"href":"https:\/\/roveyayinevi.com.tr\/index.php\/wp-json\/wp\/v2\/product_tag?post=779447"}],"curies":[{"name":"wp","href":"https:\/\/api.w.org\/{rel}","templated":true}]}}