{"id":779443,"date":"2025-12-30T11:54:38","date_gmt":"2025-12-30T08:54:38","guid":{"rendered":"https:\/\/roveyayinevi.com.tr\/index.php\/urun\/firin-yolculugu\/"},"modified":"2026-04-15T03:44:10","modified_gmt":"2026-04-15T00:44:10","slug":"firin-yolculugu","status":"publish","type":"product","link":"https:\/\/roveyayinevi.com.tr\/index.php\/urun\/firin-yolculugu\/","title":{"rendered":"F\u0131r\u0131n Yolculu\u011fu"},"content":{"rendered":"<p>\u201cPazar g\u00fcnleri s\u0131radand\u0131r. Kahvalt\u0131 masas\u0131nda ba\u015flayan sabahlar, \u00f6\u011fleye kadar uzar. Koltukta yuvarlanarak, kitap okuyarak g\u00fcn tamamlan\u0131r. Pazar g\u00fcn\u00fcn\u00fc, s\u0131ra d\u0131\u015f\u0131 yapmaya kimsenin g\u00fcc\u00fc yetmez. Haftan\u0131n bu g\u00fcn\u00fcnde zaman hem h\u0131zl\u0131 hem de yava\u015f ge\u00e7er. \u00d6devler hep son anda biter, oyunlar yar\u0131m kal\u0131r.\u201d   Bir limonlu kek kokusu\u2026 Bir m\u00fczik notas\u0131\u2026 Ve bir anda ba\u015flayan b\u00fcy\u00fcl\u00fc bir yolculuk! Deniz\u2019in anneannesi, mutfakta kek yaparken kaybolur&#8230; Evet yanl\u0131\u015f okumad\u0131n\u0131z, kek yaparken kaybolur. Deniz, anneannesinin izine d\u00fc\u015fer. Orta \u00c7a\u011f\u2019\u0131n Frans\u0131z gezgin m\u00fczisyenleriyle birlikte ta\u015f sokaklarda dola\u015f\u0131r, m\u00fczi\u011fin tarihine uzanan bir yolculu\u011fun i\u00e7inde bulur kendisini. Her durakta anneannesine biraz daha yakla\u015f\u0131r; hem m\u00fczi\u011fin hem de hat\u0131ralar\u0131n sesini duyar. Peki, Deniz bu m\u00fczik dolu yolculukta anneannesini bulabilecek mi? Limon kokulu bu hik\u00e2yede, ge\u00e7mi\u015fin melodileriyle bug\u00fcn\u00fcn sevgisi bulu\u015fuyor. Yazar I\u015f\u0131nsu Ermi\u015f Kobal, F\u0131r\u0131n Yolculu\u011fu\u2019nda hayallerin pe\u015finden gitmenin \u00f6nemini vurguluyor. <\/p>\n","protected":false},"excerpt":{"rendered":"<p>\u201cPazar g\u00fcnleri s\u0131radand\u0131r. Kahvalt\u0131 masas\u0131nda ba\u015flayan sabahlar, \u00f6\u011fleye kadar uzar. Koltukta yuvarlanarak, kitap okuyarak g\u00fcn tamamlan\u0131r. Pazar g\u00fcn\u00fcn\u00fc, s\u0131ra d\u0131\u015f\u0131 yapmaya kimsenin g\u00fcc\u00fc yetmez. Haftan\u0131n bu<span class=\"excerpt-hellip\"> [\u2026]<\/span><\/p>\n","protected":false},"featured_media":0,"template":"","meta":{"_monsterinsights_skip_tracking":false,"_monsterinsights_sitenote_active":false,"_monsterinsights_sitenote_note":"","_monsterinsights_sitenote_category":0},"product_brand":[],"product_cat":[12274,12284],"product_tag":[],"class_list":{"0":"post-779443","1":"product","2":"type-product","3":"status-publish","5":"product_cat-cocuk-ve-genclik-kitaplari","6":"product_cat-hikayeler","7":"pa_cilt-ciltsiz","8":"pa_tur-kitap","9":"pa_yayinevi-kirmizi-kedi-yayinevi","10":"pa_yazar-isinsu-ermis-kobal","12":"first","13":"instock","14":"sale","15":"shipping-taxable","16":"purchasable","17":"product-type-simple"},"_links":{"self":[{"href":"https:\/\/roveyayinevi.com.tr\/index.php\/wp-json\/wp\/v2\/product\/779443","targetHints":{"allow":["GET"]}}],"collection":[{"href":"https:\/\/roveyayinevi.com.tr\/index.php\/wp-json\/wp\/v2\/product"}],"about":[{"href":"https:\/\/roveyayinevi.com.tr\/index.php\/wp-json\/wp\/v2\/types\/product"}],"wp:attachment":[{"href":"https:\/\/roveyayinevi.com.tr\/index.php\/wp-json\/wp\/v2\/media?parent=779443"}],"wp:term":[{"taxonomy":"product_brand","embeddable":true,"href":"https:\/\/roveyayinevi.com.tr\/index.php\/wp-json\/wp\/v2\/product_brand?post=779443"},{"taxonomy":"product_cat","embeddable":true,"href":"https:\/\/roveyayinevi.com.tr\/index.php\/wp-json\/wp\/v2\/product_cat?post=779443"},{"taxonomy":"product_tag","embeddable":true,"href":"https:\/\/roveyayinevi.com.tr\/index.php\/wp-json\/wp\/v2\/product_tag?post=779443"}],"curies":[{"name":"wp","href":"https:\/\/api.w.org\/{rel}","templated":true}]}}