{"id":779442,"date":"2025-12-30T11:54:36","date_gmt":"2025-12-30T08:54:36","guid":{"rendered":"https:\/\/roveyayinevi.com.tr\/index.php\/urun\/kemalizm-ve-yasam\/"},"modified":"2026-04-15T03:44:10","modified_gmt":"2026-04-15T00:44:10","slug":"kemalizm-ve-yasam","status":"publish","type":"product","link":"https:\/\/roveyayinevi.com.tr\/index.php\/urun\/kemalizm-ve-yasam\/","title":{"rendered":"Kemalizm ve Ya\u015fam"},"content":{"rendered":"<p>Cumhuriyet\u2019in ilan\u0131yla birlikte, Kemalizm ba\u011f\u0131ms\u0131zl\u0131k m\u00fccadelesinin ideolojisi olman\u0131n \u00f6tesine ge\u00e7erek, T\u00fcrkiye\u2019nin toplumsal ve siyasal dokusunu \u015fekillendiren bir g\u00fc\u00e7 haline geldi. Ancak, bu ideoloji, her d\u00f6nemde oldu\u011fu gibi, \u00f6zellikle 1980\u2019lerde uluslararas\u0131 egemen g\u00fc\u00e7lerin hedefinde oldu. Haydar Aksoy, Kemalizm ve Ya\u015fam adl\u0131 eserinde, Kemalist Devrim at\u0131l\u0131m\u0131n\u0131, bu devrime y\u00f6nelik sald\u0131r\u0131lar\u0131 ve 1980 darbesinin Kemalizme vurdu\u011fu darbeyi derinlemesine irdeliyor. Aksoy, yaln\u0131zca Cumhuriyet\u2019in kurucu de\u011ferlerine sahip \u00e7\u0131kmakla kalm\u0131yor, ayn\u0131 zamanda d\u00fc\u015f\u00fcnce d\u00fcnyas\u0131ndaki h\u00e2kimiyetin toplumsal alandaki yans\u0131malar\u0131na da dikkat \u00e7ekiyor. Aksoy, Cumhuriyet\u2019in yeni y\u00fczy\u0131l\u0131nda laiklik ve toplumsal dayan\u0131\u015fman\u0131n \u00f6nemine dikkat \u00e7ekerken Cumhuriyet\u00e7ilere d\u00fc\u015fen g\u00f6revleri de hat\u0131rlat\u0131yor. Emperyalizmin sald\u0131r\u0131lar\u0131n\u0131 da de\u011ferlendiren Aksoy, Filistin sorununda at\u0131lmas\u0131 gereken ad\u0131mlar\u0131 da inceliyor. Kemalizm ve Ya\u015fam, ge\u00e7mi\u015fin ve bug\u00fcn\u00fcn kesi\u015fim noktas\u0131nda, Cumhuriyet\u2019i savunmak ve ayd\u0131nl\u0131k yar\u0131nlara umutla bakmak i\u00e7in bir rehber. <\/p>\n","protected":false},"excerpt":{"rendered":"<p>Cumhuriyet\u2019in ilan\u0131yla birlikte, Kemalizm ba\u011f\u0131ms\u0131zl\u0131k m\u00fccadelesinin ideolojisi olman\u0131n \u00f6tesine ge\u00e7erek, T\u00fcrkiye\u2019nin toplumsal ve siyasal dokusunu \u015fekillendiren bir g\u00fc\u00e7 haline geldi. Ancak, bu ideoloji, her d\u00f6nemde oldu\u011fu<span class=\"excerpt-hellip\"> [\u2026]<\/span><\/p>\n","protected":false},"featured_media":0,"template":"","meta":{"_monsterinsights_skip_tracking":false,"_monsterinsights_sitenote_active":false,"_monsterinsights_sitenote_note":"","_monsterinsights_sitenote_category":0},"product_brand":[],"product_cat":[12370,12304],"product_tag":[],"class_list":{"0":"post-779442","1":"product","2":"type-product","3":"status-publish","5":"product_cat-arastirma-inceleme","6":"product_cat-tarih","7":"pa_cilt-ciltsiz","8":"pa_tur-kitap","9":"pa_yayinevi-kirmizi-kedi-yayinevi","10":"pa_yazar-haydar-aksoy","12":"first","13":"instock","14":"sale","15":"shipping-taxable","16":"purchasable","17":"product-type-simple"},"_links":{"self":[{"href":"https:\/\/roveyayinevi.com.tr\/index.php\/wp-json\/wp\/v2\/product\/779442","targetHints":{"allow":["GET"]}}],"collection":[{"href":"https:\/\/roveyayinevi.com.tr\/index.php\/wp-json\/wp\/v2\/product"}],"about":[{"href":"https:\/\/roveyayinevi.com.tr\/index.php\/wp-json\/wp\/v2\/types\/product"}],"wp:attachment":[{"href":"https:\/\/roveyayinevi.com.tr\/index.php\/wp-json\/wp\/v2\/media?parent=779442"}],"wp:term":[{"taxonomy":"product_brand","embeddable":true,"href":"https:\/\/roveyayinevi.com.tr\/index.php\/wp-json\/wp\/v2\/product_brand?post=779442"},{"taxonomy":"product_cat","embeddable":true,"href":"https:\/\/roveyayinevi.com.tr\/index.php\/wp-json\/wp\/v2\/product_cat?post=779442"},{"taxonomy":"product_tag","embeddable":true,"href":"https:\/\/roveyayinevi.com.tr\/index.php\/wp-json\/wp\/v2\/product_tag?post=779442"}],"curies":[{"name":"wp","href":"https:\/\/api.w.org\/{rel}","templated":true}]}}