{"id":779441,"date":"2025-12-30T11:54:33","date_gmt":"2025-12-30T08:54:33","guid":{"rendered":"https:\/\/roveyayinevi.com.tr\/index.php\/urun\/comert-gul\/"},"modified":"2026-04-15T03:44:10","modified_gmt":"2026-04-15T00:44:10","slug":"comert-gul","status":"publish","type":"product","link":"https:\/\/roveyayinevi.com.tr\/index.php\/urun\/comert-gul\/","title":{"rendered":"C\u00f6mert G\u00fcl"},"content":{"rendered":"<p>Can\u0131m G\u00fcl\u2019\u00fcm Anneme Annemize bah\u00e7eden d\u00fcnk\u00fc a\u015fklard\u0131k daha yaz geli\u015fler olurdu bayg\u0131n g\u00fcne\u015fleriyle bir g\u00fcle do\u011fru ak\u015fam sokulurdu yuvaya ye\u015fil yapraktan nefes taze s\u00f6zc\u00fck ko\u015fard\u0131k bir babayd\u0131 kap\u0131da bah\u00e7eyi a\u00e7an zaman g\u00fcnlerin da\u011f\u0131l\u0131\u015f\u0131 suyu \u00e7ekilen mevsim yaral\u0131 bir ku\u015f olup d\u00fc\u015f\u00fcverdi yelkovan nerede d\u00fc\u015fbaz kiraz \u00e7\u0131lg\u0131n erik nerede akrebin k\u0131saltt\u0131\u011f\u0131 bir r\u00fcyaym\u0131\u015f g\u00f6rmedik kafda\u011f\u0131ndan simurgla \u015fehrazat binbir gece gitti\u011fimizden daha uzun gam\u0131 d\u00f6n\u00fc\u015f\u00fcn ak\u015famlar uya\u011f\u0131nda erimeye gelmi\u015fler sanki mum gibi s\u00f6nen birer birer karde\u015fler karde\u015flerim g\u00fcne\u015fler ey aylar ve y\u0131ld\u0131zlar \u00fclker, z\u00fchre, asuman, a\u00e7\u0131k ve gen\u00e7 g\u00fcl\u00fc\u015fler gece ve g\u00fcnd\u00fcz yolunu g\u00f6zledi\u011fim o d\u00fc\u015fler g\u00f6lgede bir sal\u0131ncak \u015fiirde sallanacak araba saman dolu g\u00f6\u011f\u00fcm\u00fcz samanyolu iki g\u00f6z\u00fcm haziran sular ayd\u0131nlanacak karahindibalar m\u0131 birlikte \u00e7ocuk olduk y\u0131llar sonra birbirimizi hikayelerde bulduk bir g\u00fcl ki bir bah\u00e7eye hem g\u00fcne\u015f olur hem ay nazl\u0131 olmayan bir g\u00fcl varsa annemdir benim \u00f6yle c\u00f6mert bir g\u00fcl ki bah\u00e7eden daha derin <\/p>\n","protected":false},"excerpt":{"rendered":"<p>Can\u0131m G\u00fcl\u2019\u00fcm Anneme Annemize bah\u00e7eden d\u00fcnk\u00fc a\u015fklard\u0131k daha yaz geli\u015fler olurdu bayg\u0131n g\u00fcne\u015fleriyle bir g\u00fcle do\u011fru ak\u015fam sokulurdu yuvaya ye\u015fil yapraktan nefes taze s\u00f6zc\u00fck ko\u015fard\u0131k bir<span class=\"excerpt-hellip\"> [\u2026]<\/span><\/p>\n","protected":false},"featured_media":0,"template":"","meta":{"_monsterinsights_skip_tracking":false,"_monsterinsights_sitenote_active":false,"_monsterinsights_sitenote_note":"","_monsterinsights_sitenote_category":0},"product_brand":[],"product_cat":[12291,12509],"product_tag":[],"class_list":{"0":"post-779441","1":"product","2":"type-product","3":"status-publish","5":"product_cat-edebiyat","6":"product_cat-siir","7":"pa_cilt-ciltsiz","8":"pa_tur-kitap","9":"pa_yayinevi-kirmizi-kedi-yayinevi","10":"pa_yazar-haydar-ergulen","12":"first","13":"instock","14":"sale","15":"shipping-taxable","16":"purchasable","17":"product-type-simple"},"_links":{"self":[{"href":"https:\/\/roveyayinevi.com.tr\/index.php\/wp-json\/wp\/v2\/product\/779441","targetHints":{"allow":["GET"]}}],"collection":[{"href":"https:\/\/roveyayinevi.com.tr\/index.php\/wp-json\/wp\/v2\/product"}],"about":[{"href":"https:\/\/roveyayinevi.com.tr\/index.php\/wp-json\/wp\/v2\/types\/product"}],"wp:attachment":[{"href":"https:\/\/roveyayinevi.com.tr\/index.php\/wp-json\/wp\/v2\/media?parent=779441"}],"wp:term":[{"taxonomy":"product_brand","embeddable":true,"href":"https:\/\/roveyayinevi.com.tr\/index.php\/wp-json\/wp\/v2\/product_brand?post=779441"},{"taxonomy":"product_cat","embeddable":true,"href":"https:\/\/roveyayinevi.com.tr\/index.php\/wp-json\/wp\/v2\/product_cat?post=779441"},{"taxonomy":"product_tag","embeddable":true,"href":"https:\/\/roveyayinevi.com.tr\/index.php\/wp-json\/wp\/v2\/product_tag?post=779441"}],"curies":[{"name":"wp","href":"https:\/\/api.w.org\/{rel}","templated":true}]}}