{"id":779438,"date":"2025-12-30T11:53:50","date_gmt":"2025-12-30T08:53:50","guid":{"rendered":"https:\/\/roveyayinevi.com.tr\/index.php\/urun\/fosil-agaci\/"},"modified":"2026-04-15T03:44:10","modified_gmt":"2026-04-15T00:44:10","slug":"fosil-agaci","status":"publish","type":"product","link":"https:\/\/roveyayinevi.com.tr\/index.php\/urun\/fosil-agaci\/","title":{"rendered":"Fosil A\u011fac\u0131"},"content":{"rendered":"<p>Saye, k\u0131rkl\u0131 ya\u015flar\u0131n\u0131 s\u00fcren, bir hastanenin onkoloji b\u00f6l\u00fcm\u00fcnde \u00e7al\u0131\u015fan bir hem\u015firedir. Yoksul bir mahallede, tek katl\u0131, k\u00fc\u00e7\u00fck bir evde yaln\u0131z ya\u015famaktad\u0131r. \u0130nsanlarla yak\u0131nl\u0131k kurmada zorlanan Saye&#8217;nin yo\u011fun bir i\u015fg\u00fcn\u00fc \u00e7\u0131k\u0131\u015f\u0131nda tesad\u00fcf etti\u011fi bir olay onun t\u00fcm hayat\u0131n\u0131 etkileyecektir. Birbirine b\u0131\u00e7ak \u00e7eken iki erke\u011fin aras\u0131na girerek kavgay\u0131 sonland\u0131ran bir kad\u0131n onu b\u00fcy\u00fcler. Kavga yat\u0131\u015f\u0131nca ortadan kaybolan bu kad\u0131n onun b\u00fct\u00fcn d\u00fcnyas\u0131n\u0131 doldurur. Onu bulmaya, bir yandan da neden onu s\u00fcrekli d\u00fc\u015f\u00fcnd\u00fc\u011f\u00fcn\u00fc anlamaya \u00e7al\u0131\u015f\u0131r. Hayatlar\u0131 birka\u00e7 kez daha kesi\u015fir. Kad\u0131n (Nini) evinin bir odas\u0131n\u0131 ona kiraya vermesini ister. Paraya s\u0131k\u0131\u015f\u0131k ya\u015fayan Saye i\u00e7in bu durum o kadar mutluluk vericidir ki Nini&#8217;nin sonraki tuhaf talepleri g\u00f6z\u00fcne basit g\u00f6r\u00fcn\u00fcr. Bah\u00e7edeki toprakla dolu kay\u0131\u011f\u0131n ve Saye&#8217;nin hem\u015fire olmas\u0131n\u0131n, Nini&#8217;yi neden bu kadar sevindirdi\u011fini ya\u015fayarak anlayacakt\u0131r.Kanad\u0131 K\u0131r\u0131k Mart\u0131 ile Kay\u0131k adl\u0131 masal metin i\u00e7i metinlerdendir ve ana metinle ortak motiflere sahiptir. <\/p>\n","protected":false},"excerpt":{"rendered":"<p>Saye, k\u0131rkl\u0131 ya\u015flar\u0131n\u0131 s\u00fcren, bir hastanenin onkoloji b\u00f6l\u00fcm\u00fcnde \u00e7al\u0131\u015fan bir hem\u015firedir. Yoksul bir mahallede, tek katl\u0131, k\u00fc\u00e7\u00fck bir evde yaln\u0131z ya\u015famaktad\u0131r. \u0130nsanlarla yak\u0131nl\u0131k kurmada zorlanan Saye&#8217;nin<span class=\"excerpt-hellip\"> [\u2026]<\/span><\/p>\n","protected":false},"featured_media":0,"template":"","meta":{"_monsterinsights_skip_tracking":false,"_monsterinsights_sitenote_active":false,"_monsterinsights_sitenote_note":"","_monsterinsights_sitenote_category":0},"product_brand":[],"product_cat":[12291,12711],"product_tag":[],"class_list":{"0":"post-779438","1":"product","2":"type-product","3":"status-publish","5":"product_cat-edebiyat","6":"product_cat-roman-oyku","7":"pa_cilt-ciltsiz","8":"pa_tur-kitap","9":"pa_yayinevi-yitik-ulke-yayinlari","10":"pa_yazar-tulay-guzeler","12":"first","13":"instock","14":"sale","15":"shipping-taxable","16":"purchasable","17":"product-type-simple"},"_links":{"self":[{"href":"https:\/\/roveyayinevi.com.tr\/index.php\/wp-json\/wp\/v2\/product\/779438","targetHints":{"allow":["GET"]}}],"collection":[{"href":"https:\/\/roveyayinevi.com.tr\/index.php\/wp-json\/wp\/v2\/product"}],"about":[{"href":"https:\/\/roveyayinevi.com.tr\/index.php\/wp-json\/wp\/v2\/types\/product"}],"wp:attachment":[{"href":"https:\/\/roveyayinevi.com.tr\/index.php\/wp-json\/wp\/v2\/media?parent=779438"}],"wp:term":[{"taxonomy":"product_brand","embeddable":true,"href":"https:\/\/roveyayinevi.com.tr\/index.php\/wp-json\/wp\/v2\/product_brand?post=779438"},{"taxonomy":"product_cat","embeddable":true,"href":"https:\/\/roveyayinevi.com.tr\/index.php\/wp-json\/wp\/v2\/product_cat?post=779438"},{"taxonomy":"product_tag","embeddable":true,"href":"https:\/\/roveyayinevi.com.tr\/index.php\/wp-json\/wp\/v2\/product_tag?post=779438"}],"curies":[{"name":"wp","href":"https:\/\/api.w.org\/{rel}","templated":true}]}}