{"id":779436,"date":"2025-12-30T11:53:44","date_gmt":"2025-12-30T08:53:44","guid":{"rendered":"https:\/\/roveyayinevi.com.tr\/index.php\/urun\/elveda-demeden-once\/"},"modified":"2026-04-15T03:44:10","modified_gmt":"2026-04-15T00:44:10","slug":"elveda-demeden-once","status":"publish","type":"product","link":"https:\/\/roveyayinevi.com.tr\/index.php\/urun\/elveda-demeden-once\/","title":{"rendered":"Elveda Demeden \u00d6nce"},"content":{"rendered":"<p>Zamanda yolculuk edip geriye d\u00f6nmek hi\u00e7bir \u015feyi de\u011fi\u015ftirmez belki ama ge\u00e7mi\u015fle y\u00fczle\u015fmek\u2026 \u0130\u015fte bu, her \u015feyi de\u011fi\u015ftirir!   Tokyo\u2019nun arka sokaklar\u0131nda gizlenen o k\u00fc\u00e7\u00fck kafede zaman yine farkl\u0131 ak\u0131yor.  Burada oturan herkesin kalbinde yar\u0131m kalm\u0131\u015f bir c\u00fcmle, s\u00f6ylenmemi\u015f bir s\u00f6z var. Her g\u00fcn yaln\u0131zca bir kez ayaklan\u0131p konuklar\u0131 ge\u00e7mi\u015fe g\u00f6t\u00fcren sandalyeyi bu yolculu\u011fa \u00e7\u0131kmak isteyenler i\u00e7in bo\u015f b\u0131rakan hayaletse kat\u0131 bir ger\u00e7e\u011fin hat\u0131rlat\u0131c\u0131s\u0131 gibi s\u00fcz\u00fcl\u00fcyor kafede: Bu sandalyeye yaln\u0131zca cesareti olanlar oturabilir. Yola \u00e7\u0131kmaktan \u00e7ok, hi\u00e7bir \u015feyi de\u011fi\u015ftiremeyece\u011fini bildi\u011fi h\u00e2lde gitme cesareti olanlar. Kalbinizde onca \u00f6zlem, dudaklar\u0131n\u0131zda hi\u00e7 dillendirilememi\u015f onca s\u00f6z, i\u00e7inizde doldurulmas\u0131 m\u00fcmk\u00fcn olmayan bo\u015fluklar varken bu ger\u00e7e\u011fi bilerek ge\u00e7mi\u015fe d\u00f6nmek hi\u00e7 de kolay de\u011fil ne de olsa\u2026   Toshikazu Kawaguchi, sevgi, kay\u0131p ve ba\u011f\u0131\u015flama \u00fczerine kurdu\u011fu b\u00fcy\u00fcleyici serisi Kahve So\u011fumadan \u00d6nce\u2019nin d\u00f6rd\u00fcnc\u00fc kitab\u0131yla bir kez daha kar\u015f\u0131n\u0131zda\u2026 Her sayfa bir veda kadar h\u00fcz\u00fcnl\u00fc, beklenmedik zamanlarda gelen o g\u00fczel bulu\u015fmalar kadar da umut dolu.   Elveda Demeden \u00d6nce, sevmenin, affetmenin ve vedala\u015fman\u0131n inceli\u011fini f\u0131s\u0131ld\u0131yor: Baz\u0131 ayr\u0131l\u0131klar, kalman\u0131n ba\u015fka bir yoludur. <\/p>\n","protected":false},"excerpt":{"rendered":"<p>Zamanda yolculuk edip geriye d\u00f6nmek hi\u00e7bir \u015feyi de\u011fi\u015ftirmez belki ama ge\u00e7mi\u015fle y\u00fczle\u015fmek\u2026 \u0130\u015fte bu, her \u015feyi de\u011fi\u015ftirir! Tokyo\u2019nun arka sokaklar\u0131nda gizlenen o k\u00fc\u00e7\u00fck kafede zaman yine<span class=\"excerpt-hellip\"> [\u2026]<\/span><\/p>\n","protected":false},"featured_media":0,"template":"","meta":{"_monsterinsights_skip_tracking":false,"_monsterinsights_sitenote_active":false,"_monsterinsights_sitenote_note":"","_monsterinsights_sitenote_category":0},"product_brand":[],"product_cat":[12291,12711],"product_tag":[],"class_list":{"0":"post-779436","1":"product","2":"type-product","3":"status-publish","5":"product_cat-edebiyat","6":"product_cat-roman-oyku","7":"pa_cilt-ciltsiz","8":"pa_tur-kitap","9":"pa_yayinevi-epsilon-yayinlari","10":"pa_yazar-toshikazu-kawaguchi","12":"first","13":"instock","14":"sale","15":"shipping-taxable","16":"purchasable","17":"product-type-simple"},"_links":{"self":[{"href":"https:\/\/roveyayinevi.com.tr\/index.php\/wp-json\/wp\/v2\/product\/779436","targetHints":{"allow":["GET"]}}],"collection":[{"href":"https:\/\/roveyayinevi.com.tr\/index.php\/wp-json\/wp\/v2\/product"}],"about":[{"href":"https:\/\/roveyayinevi.com.tr\/index.php\/wp-json\/wp\/v2\/types\/product"}],"wp:attachment":[{"href":"https:\/\/roveyayinevi.com.tr\/index.php\/wp-json\/wp\/v2\/media?parent=779436"}],"wp:term":[{"taxonomy":"product_brand","embeddable":true,"href":"https:\/\/roveyayinevi.com.tr\/index.php\/wp-json\/wp\/v2\/product_brand?post=779436"},{"taxonomy":"product_cat","embeddable":true,"href":"https:\/\/roveyayinevi.com.tr\/index.php\/wp-json\/wp\/v2\/product_cat?post=779436"},{"taxonomy":"product_tag","embeddable":true,"href":"https:\/\/roveyayinevi.com.tr\/index.php\/wp-json\/wp\/v2\/product_tag?post=779436"}],"curies":[{"name":"wp","href":"https:\/\/api.w.org\/{rel}","templated":true}]}}