{"id":779435,"date":"2025-12-30T11:53:40","date_gmt":"2025-12-30T08:53:40","guid":{"rendered":"https:\/\/roveyayinevi.com.tr\/index.php\/urun\/kozmos-3\/"},"modified":"2026-04-15T03:44:09","modified_gmt":"2026-04-15T00:44:09","slug":"kozmos-3","status":"publish","type":"product","link":"https:\/\/roveyayinevi.com.tr\/index.php\/urun\/kozmos-3\/","title":{"rendered":"Kozmos 3"},"content":{"rendered":"<p>EL\u0130T A\u0130LELER\u0130N ZEK\u0130 \u00c7OCUKLARI ARASINDA KURULAN H\u0130YERAR\u015e\u0130, G\u00dc\u00c7 SAVA\u015eLARI VE SOSYETEN\u0130N KARANLIK SIRLARI\u2026   Neva Koleji; g\u00f6rkemli binas\u0131, k\u00f6kl\u00fc ge\u00e7mi\u015fi ve y\u00fcksek duvarlar\u0131n\u0131n ard\u0131na gizledi\u011fi s\u0131rlar\u0131na ra\u011fmen y\u0131llar i\u00e7inde kazand\u0131\u011f\u0131 itibar\u0131n\u0131 korumay\u0131 ba\u015farm\u0131\u015ft\u0131r. Bu prestijli okul, d\u0131\u015f d\u00fcnya i\u00e7in her zaman merak uyand\u0131ran bir cazibe merkezi olmu\u015f, i\u00e7erideki g\u00f6r\u00fcnmez d\u00fczen ise yaln\u0131zca se\u00e7ilmi\u015f olanlar\u0131n bildi\u011fi bir oyuna d\u00f6n\u00fc\u015fm\u00fc\u015ft\u00fcr.    Fakat yeni okul y\u0131l\u0131yla birlikte ortaya \u00e7\u0131kan KAOS isimli bir sanal oyun uygulamas\u0131, t\u00fcm dengeleri alt\u00fcst edecek; Neva Koleji\u2019ni geri d\u00f6n\u00fc\u015f\u00fc zor bir \u00e7\u0131kmaz\u0131n e\u015fi\u011fine getirerek uzun s\u00fcredir sakl\u0131 kalan s\u0131rlar\u0131 g\u00fcn y\u00fcz\u00fcne \u00e7\u0131karacakt\u0131r.   3. B\u00d6L\u00dcM: METE  \u201cKar\u0131ncalar ve \u015eeytanlar\u201d   Mete\u2019nin akl\u0131nda yaln\u0131zca bir soru vard\u0131r: \u201cTan\u0131mad\u0131\u011f\u0131n bir d\u00fc\u015fmanla nas\u0131l ba\u015f edersin?\u201d KAOS\u2019taki maskelerinin ard\u0131na saklanan bir grup gen\u00e7, kendi ger\u00e7ekliklerinin seyircisi olmaktan fazlas\u0131na d\u00f6n\u00fc\u015fm\u00fc\u015ft\u00fcr art\u0131k. Ar\u0131n h\u00e2l\u00e2 kendi dertleriyle bo\u011fu\u015furken Mete olaylar\u0131n kontrol\u00fcn\u00fc ele al\u0131p herkesi ilgilendiren bir s\u0131rr\u0131n pe\u015fine d\u00fc\u015fer.    Gizli Kul\u00fcp\u2019te bulunan b\u00f6cek kamera Ar\u0131n, Mete, Dora ve di\u011ferlerini g\u00f6r\u00fcnmez bir a\u011f\u0131n i\u00e7ine \u00e7eker. Kimin izledi\u011fi, kimin oynad\u0131\u011f\u0131, kimin yazd\u0131\u011f\u0131 belli de\u011fildir art\u0131k.    Melina, KAOS\u2019un ard\u0131ndaki s\u0131r perdesini aralamaya yakla\u015fm\u0131\u015fken tan\u0131d\u0131k bir g\u00f6z\u00fcn radar\u0131na tak\u0131l\u0131r. Bundan sonra ne olaca\u011f\u0131n\u0131 kimse bilmiyordur. B\u00fc\u015fra Y\u0131lmaz, Kozmos evreninin \u00fc\u00e7\u00fcnc\u00fc b\u00f6l\u00fcm\u00fcnde kameray\u0131 Mete\u2019nin zihnine \u00e7eviriyor ve onun zek\u00e2s\u0131yla cazibesinin tehlikeli yollar\u0131n\u0131 ke\u015ffediyor.   Her c\u00fcmlesi bir kadraj, her sessizli\u011fi bir \u201ckay\u0131t\u201d sesi kadar ger\u00e7ek. Bir ad\u0131m geriye \u00e7ekil\u2026 ve kameran\u0131n ard\u0131na ge\u00e7.   <\/p>\n","protected":false},"excerpt":{"rendered":"<p>EL\u0130T A\u0130LELER\u0130N ZEK\u0130 \u00c7OCUKLARI ARASINDA KURULAN H\u0130YERAR\u015e\u0130, G\u00dc\u00c7 SAVA\u015eLARI VE SOSYETEN\u0130N KARANLIK SIRLARI\u2026 Neva Koleji; g\u00f6rkemli binas\u0131, k\u00f6kl\u00fc ge\u00e7mi\u015fi ve y\u00fcksek duvarlar\u0131n\u0131n ard\u0131na gizledi\u011fi s\u0131rlar\u0131na ra\u011fmen<span class=\"excerpt-hellip\"> [\u2026]<\/span><\/p>\n","protected":false},"featured_media":0,"template":"","meta":{"_monsterinsights_skip_tracking":false,"_monsterinsights_sitenote_active":false,"_monsterinsights_sitenote_note":"","_monsterinsights_sitenote_category":0},"product_brand":[],"product_cat":[12291,12711],"product_tag":[],"class_list":{"0":"post-779435","1":"product","2":"type-product","3":"status-publish","5":"product_cat-edebiyat","6":"product_cat-roman-oyku","7":"pa_cilt-ciltsiz","8":"pa_tur-kitap","9":"pa_yayinevi-epsilon-yayinlari","10":"pa_yazar-busra-yilmaz","12":"first","13":"instock","14":"sale","15":"shipping-taxable","16":"purchasable","17":"product-type-simple"},"_links":{"self":[{"href":"https:\/\/roveyayinevi.com.tr\/index.php\/wp-json\/wp\/v2\/product\/779435","targetHints":{"allow":["GET"]}}],"collection":[{"href":"https:\/\/roveyayinevi.com.tr\/index.php\/wp-json\/wp\/v2\/product"}],"about":[{"href":"https:\/\/roveyayinevi.com.tr\/index.php\/wp-json\/wp\/v2\/types\/product"}],"wp:attachment":[{"href":"https:\/\/roveyayinevi.com.tr\/index.php\/wp-json\/wp\/v2\/media?parent=779435"}],"wp:term":[{"taxonomy":"product_brand","embeddable":true,"href":"https:\/\/roveyayinevi.com.tr\/index.php\/wp-json\/wp\/v2\/product_brand?post=779435"},{"taxonomy":"product_cat","embeddable":true,"href":"https:\/\/roveyayinevi.com.tr\/index.php\/wp-json\/wp\/v2\/product_cat?post=779435"},{"taxonomy":"product_tag","embeddable":true,"href":"https:\/\/roveyayinevi.com.tr\/index.php\/wp-json\/wp\/v2\/product_tag?post=779435"}],"curies":[{"name":"wp","href":"https:\/\/api.w.org\/{rel}","templated":true}]}}