{"id":779433,"date":"2025-12-30T11:53:36","date_gmt":"2025-12-30T08:53:36","guid":{"rendered":"https:\/\/roveyayinevi.com.tr\/index.php\/urun\/kemalist-devrim-ve-sosyal-demokrat-ihanet\/"},"modified":"2026-04-15T03:44:09","modified_gmt":"2026-04-15T00:44:09","slug":"kemalist-devrim-ve-sosyal-demokrat-ihanet","status":"publish","type":"product","link":"https:\/\/roveyayinevi.com.tr\/index.php\/urun\/kemalist-devrim-ve-sosyal-demokrat-ihanet\/","title":{"rendered":"Kemalist Devrim ve Sosyal Demokrat \u0130hanet"},"content":{"rendered":"<p>Emperyalist s\u00f6m\u00fcr\u00fc zindanlar\u0131n\u0131n buzlanm\u0131\u015f demir parmaklar\u0131ndan senfoni haz\u0131rlayan g\u00fcler y\u00fczl\u00fc gardiyan sosyal demokrasiyle h\u00fcrriyet ve tam ba\u011f\u0131ms\u0131zl\u0131k ate\u015fiyle bedenini sarm\u0131\u015f, T\u00fcrk milletinin devrimci kurtulu\u015fu sayesinde t\u00fcm d\u00fcnya milletlerine \u00f6rnek olan Kemalist devrimin ezeli sava\u015f\u0131, belgeleriyle masaya yat\u0131r\u0131l\u0131yor!   On y\u0131llard\u0131r ezilenlerin m\u00fccadelesi, sosyalist devrim ve milletlerin kurtulu\u015f hareketleri nam\u0131na, i\u015f\u00e7i s\u00f6m\u00fcr\u00fcs\u00fc \u00fczerine in\u015fa edilen sosyal demokrat yalanlar\u0131n sahte belgeleri teker teker y\u0131rt\u0131l\u0131p tarihin karanl\u0131\u011f\u0131na at\u0131l\u0131yor.   Emperyalist s\u00f6m\u00fcr\u00fc d\u00fczeninin \u201ciyi polisi\u201d, turuncu devrimlerin bek\u00e7isi, s\u00f6zde kurtulu\u015f\u00e7u \u00f6zde tetik\u00e7i sosyal demokrasinin mahk\u00fbm edildi\u011fi bu kitab\u0131, Kemalizm ad\u0131na yap\u0131lan her kar\u015f\u0131 devrimci eylemde a\u00e7\u0131p okuyacaks\u0131n\u0131z\u2026   &#8211;          Bat\u0131l\u0131 i\u015f\u00e7i s\u0131n\u0131f\u0131, emperyalistlerin nas\u0131l payandas\u0131 yap\u0131ld\u0131? &#8211;          Turuncu devrimlerin sosyal demokrat \u00f6nderleri kimlerdir? &#8211;          S\u00f6m\u00fcrgecili\u011fi destekleyen sol hareketler nelerdir? &#8211;          Sosyalist enternasyonal mi yoksa sosyetik enternasyonal mi? &#8211;          CHP\u2019de sosyal demokrat \u00e7\u00fcr\u00fcme ne zaman ba\u015flad\u0131? &#8211;          CHP\u2019de Kemalizm\u2019in \u201ctasfiyesi\u201d i\u00e7in sosyal demokrat darbe! <\/p>\n","protected":false},"excerpt":{"rendered":"<p>Emperyalist s\u00f6m\u00fcr\u00fc zindanlar\u0131n\u0131n buzlanm\u0131\u015f demir parmaklar\u0131ndan senfoni haz\u0131rlayan g\u00fcler y\u00fczl\u00fc gardiyan sosyal demokrasiyle h\u00fcrriyet ve tam ba\u011f\u0131ms\u0131zl\u0131k ate\u015fiyle bedenini sarm\u0131\u015f, T\u00fcrk milletinin devrimci kurtulu\u015fu sayesinde t\u00fcm<span class=\"excerpt-hellip\"> [\u2026]<\/span><\/p>\n","protected":false},"featured_media":0,"template":"","meta":{"_monsterinsights_skip_tracking":false,"_monsterinsights_sitenote_active":false,"_monsterinsights_sitenote_note":"","_monsterinsights_sitenote_category":0},"product_brand":[],"product_cat":[12337],"product_tag":[],"class_list":{"0":"post-779433","1":"product","2":"type-product","3":"status-publish","5":"product_cat-politika-siyaset","6":"pa_cilt-ciltsiz","7":"pa_tur-kitap","8":"pa_yayinevi-pankus-yayinlari","9":"pa_yazar-yildirim-koc","11":"first","12":"instock","13":"sale","14":"shipping-taxable","15":"purchasable","16":"product-type-simple"},"_links":{"self":[{"href":"https:\/\/roveyayinevi.com.tr\/index.php\/wp-json\/wp\/v2\/product\/779433","targetHints":{"allow":["GET"]}}],"collection":[{"href":"https:\/\/roveyayinevi.com.tr\/index.php\/wp-json\/wp\/v2\/product"}],"about":[{"href":"https:\/\/roveyayinevi.com.tr\/index.php\/wp-json\/wp\/v2\/types\/product"}],"wp:attachment":[{"href":"https:\/\/roveyayinevi.com.tr\/index.php\/wp-json\/wp\/v2\/media?parent=779433"}],"wp:term":[{"taxonomy":"product_brand","embeddable":true,"href":"https:\/\/roveyayinevi.com.tr\/index.php\/wp-json\/wp\/v2\/product_brand?post=779433"},{"taxonomy":"product_cat","embeddable":true,"href":"https:\/\/roveyayinevi.com.tr\/index.php\/wp-json\/wp\/v2\/product_cat?post=779433"},{"taxonomy":"product_tag","embeddable":true,"href":"https:\/\/roveyayinevi.com.tr\/index.php\/wp-json\/wp\/v2\/product_tag?post=779433"}],"curies":[{"name":"wp","href":"https:\/\/api.w.org\/{rel}","templated":true}]}}