{"id":779432,"date":"2025-12-30T11:53:34","date_gmt":"2025-12-30T08:53:34","guid":{"rendered":"https:\/\/roveyayinevi.com.tr\/index.php\/urun\/ag-toplumu\/"},"modified":"2026-04-15T03:44:09","modified_gmt":"2026-04-15T00:44:09","slug":"ag-toplumu","status":"publish","type":"product","link":"https:\/\/roveyayinevi.com.tr\/index.php\/urun\/ag-toplumu\/","title":{"rendered":"A\u011f Toplumu"},"content":{"rendered":"<p>\u201c\u0130leti\u015fim tarihinin en \u00f6nemli sosyal ve teknik d\u00f6n\u00fc\u015f\u00fcmlerinden birinin alt\u0131nda yatan karma\u015f\u0131k ve ilgi \u00e7ekici temelleri anlamak veya bunlar\u0131 \u00f6\u011fretmek istiyorsan\u0131z, do\u011fru kitab\u0131 buldunuz. \u00c7e\u015fitli, geni\u015f kapsaml\u0131, teorik ve pratik, dikkatlice yaz\u0131lm\u0131\u015f, ansiklopediye benzer ve erdemli.\u201d   Ronal E. Rice, Arthur N. Rupe Kitle \u0130leti\u015fiminde Sosyal Etkiler dal\u0131, California \u00dcniversitesi, Santa Barbara   \u201cYeni medyan\u0131n hayatlar\u0131m\u0131zdaki \u00f6nemiyle ilgili derinlemesine disiplinleraras\u0131 bir bak\u0131\u015f a\u00e7\u0131s\u0131 sunmakta. Giderek ak\u0131ll\u0131 hale d\u00f6n\u00fc\u015fen makineler ve insanlar\u0131n istekleri aras\u0131ndaki s\u00fcrt\u00fc\u015fmeleri neden anlamam\u0131z gerekti\u011fini anahatlar\u0131yla \u00f6zetliyor. Ki bu \u00f6zeti de olduk\u00e7a a\u00e7\u0131k ve anla\u015f\u0131l\u0131r bir \u015fekilde yaparak, a\u011f toplumuna d\u00f6n\u00fc\u015fme s\u00fcrecimizin \u00e7ok de\u011ferli ele\u015ftirel bir de\u011ferlendirmesini sunuyor.\u201d   Profes\u00f6r Robin Mansell, Londra Ekonomi ve Siyasi Bilimler \u00dcniversitesi   A\u011f Toplumu, belki de daha \u00f6nce hi\u00e7 olmad\u0131\u011f\u0131 kadar, dijital ileti\u015fimin ge\u00e7mi\u015fi, sonu\u00e7lar\u0131 ve gelece\u011fine ili\u015fkin \u00f6nemli ve esasl\u0131 bir rehber.   Tamamen revize edilen bu \u00fc\u00e7\u00fcnc\u00fc bask\u0131 kritik yeni konular\u0131 ve g\u00fcncellemeleri de i\u00e7ermektedir:   \u2022 Sosyal medya ve Web 2.0\u2019\u0131n uzun tarih\u00e7esi: Bu tarih\u00e7enin asl\u0131nda d\u00fc\u015f\u00fcnd\u00fc\u011f\u00fcm\u00fcz gibi yeni olmamas\u0131n\u0131n nedenleri.   \u2022 Gelecekteki yeni medya kullan\u0131m\u0131n\u0131n \u00f6nc\u00fcs\u00fc olan dijital gen\u00e7lik k\u00fclt\u00fcr\u00fc   \u2022 \u0130nternet\u2019in kontrol\u00fc i\u00e7in Microsoft, Google, Apple ve Facebook aras\u0131ndaki m\u00fccadele   \u2022 Medya a\u011flar\u0131n\u0131n g\u00fcncel finansal krize katk\u0131lar\u0131   \u2022 \u0130nternet\u2019le ilgili ger\u00e7ekler, kuramlar ve e\u011filimler ve \u0130nternet teknolojileri hakk\u0131ndaki literat\u00fcr\u00fcn tam bir g\u00fcncellemesi   \u2022 B\u00f6l\u00fcmlerle ilgili sorular, sonu\u00e7lar ve ana kavramlar\u0131n kutular i\u00e7indeki a\u00e7\u0131klamalar\u0131 ile \u00f6\u011frenciler i\u00e7in yeni \u00f6zellikler   Bu kitap \u00e7a\u011fda\u015f toplumda yeni medyan\u0131n ne \u015fekilde i\u015fledi\u011fine dair eri\u015filebilir, kapsaml\u0131 ve mutlaka okunmas\u0131 gereken bir giri\u015f olma niteli\u011fini s\u00fcrd\u00fcr\u00fcyor .<\/p>\n","protected":false},"excerpt":{"rendered":"<p>\u201c\u0130leti\u015fim tarihinin en \u00f6nemli sosyal ve teknik d\u00f6n\u00fc\u015f\u00fcmlerinden birinin alt\u0131nda yatan karma\u015f\u0131k ve ilgi \u00e7ekici temelleri anlamak veya bunlar\u0131 \u00f6\u011fretmek istiyorsan\u0131z, do\u011fru kitab\u0131 buldunuz. \u00c7e\u015fitli, geni\u015f<span class=\"excerpt-hellip\"> [\u2026]<\/span><\/p>\n","protected":false},"featured_media":0,"template":"","meta":{"_monsterinsights_skip_tracking":false,"_monsterinsights_sitenote_active":false,"_monsterinsights_sitenote_note":"","_monsterinsights_sitenote_category":0},"product_brand":[],"product_cat":[15983,13488],"product_tag":[],"class_list":{"0":"post-779432","1":"product","2":"type-product","3":"status-publish","5":"product_cat-iletisim-ve-medya","6":"product_cat-toplum-ve-insan","7":"pa_cilt-ciltsiz","8":"pa_tur-kitap","9":"pa_yayinevi-epsilon-yayinlari","10":"pa_yazar-jan-van-dijk","12":"first","13":"instock","14":"sale","15":"shipping-taxable","16":"purchasable","17":"product-type-simple"},"_links":{"self":[{"href":"https:\/\/roveyayinevi.com.tr\/index.php\/wp-json\/wp\/v2\/product\/779432","targetHints":{"allow":["GET"]}}],"collection":[{"href":"https:\/\/roveyayinevi.com.tr\/index.php\/wp-json\/wp\/v2\/product"}],"about":[{"href":"https:\/\/roveyayinevi.com.tr\/index.php\/wp-json\/wp\/v2\/types\/product"}],"wp:attachment":[{"href":"https:\/\/roveyayinevi.com.tr\/index.php\/wp-json\/wp\/v2\/media?parent=779432"}],"wp:term":[{"taxonomy":"product_brand","embeddable":true,"href":"https:\/\/roveyayinevi.com.tr\/index.php\/wp-json\/wp\/v2\/product_brand?post=779432"},{"taxonomy":"product_cat","embeddable":true,"href":"https:\/\/roveyayinevi.com.tr\/index.php\/wp-json\/wp\/v2\/product_cat?post=779432"},{"taxonomy":"product_tag","embeddable":true,"href":"https:\/\/roveyayinevi.com.tr\/index.php\/wp-json\/wp\/v2\/product_tag?post=779432"}],"curies":[{"name":"wp","href":"https:\/\/api.w.org\/{rel}","templated":true}]}}