{"id":779430,"date":"2025-12-30T11:53:29","date_gmt":"2025-12-30T08:53:29","guid":{"rendered":"https:\/\/roveyayinevi.com.tr\/index.php\/urun\/dijitallesme-surecinde-maliyet-ve-yonetim-muhasebesi-kuramsal-ve-uygulamali-yaklasimlar\/"},"modified":"2026-04-15T03:44:09","modified_gmt":"2026-04-15T00:44:09","slug":"dijitallesme-surecinde-maliyet-ve-yonetim-muhasebesi-kuramsal-ve-uygulamali-yaklasimlar","status":"publish","type":"product","link":"https:\/\/roveyayinevi.com.tr\/index.php\/urun\/dijitallesme-surecinde-maliyet-ve-yonetim-muhasebesi-kuramsal-ve-uygulamali-yaklasimlar\/","title":{"rendered":"Dijitalle\u015fme S\u00fcrecinde Maliyet Ve Y\u00f6netim Muhasebesi: Kuramsal Ve Uygulamal\u0131 Yakla\u015f\u0131mlar"},"content":{"rendered":"<p>\u0130\u00e7indekiler :   \u00b7         MAL\u0130YET VE Y\u00d6NET\u0130M MUHASEBES\u0130NDE YAPAY ZEK\u00c2 UYGULAMALARI: YEN\u0130 YAKLA\u015eIMLAR, OLANAKLAR VE SINIRLILIKLAR \u00b7         \u00dcRET\u0130M S\u00dcRE\u00c7LER\u0130NDE ROBOT\u0130K S\u00dcRE\u00c7 OTOMASYONLARININ MAL\u0130YETLEND\u0130RME \u00dcZER\u0130NDEK\u0130 ETK\u0130LER\u0130 \u00b7         KATMANLI \u00dcRET\u0130M TEKNOLOJ\u0130LER\u0130N\u0130N MAL\u0130YET MUHASEBES\u0130 UYGULAMALARINA ETK\u0130S\u0130 \u00b7         END\u00dcSTR\u0130YEL ROBOTLAR MI? GELENEKSEL MAK\u0130NELER M\u0130? HAZIR G\u0130Y\u0130M SEKT\u00d6R\u00dcNDE \u00dcRET\u0130M MAL\u0130YETLER\u0130 \u00b7         Y\u00d6NET\u0130M MUHASEBES\u0130NDE B\u00dcY\u00dcK VER\u0130 ANAL\u0130T\u0130\u011e\u0130N\u0130N KULLANIMI VE STRATEJ\u0130K KARAR S\u00dcRE\u00c7LER\u0130NE ETK\u0130S\u0130 \u00b7         NESNELER\u0130N \u0130NTERNET\u0130 \u0130LE Y\u00d6NET\u0130M MUHASEBES\u0130NDE D\u0130J\u0130TAL D\u00d6N\u00dc\u015e\u00dcM: AKILLI C\u0130HAZLARDAN, AKILLI KARARLARA \u00b7         D\u0130J\u0130TALLE\u015eME S\u00dcREC\u0130NDE MAL\u0130YET VE Y\u00d6NET\u0130M MUHASEBES\u0130: MAL\u0130YET VE Y\u00d6NET\u0130M D\u0130J\u0130TAL D\u00d6N\u00dc\u015e\u00dcMLER: ARTIRILMI\u015e GER\u00c7EKL\u0130K, S\u0130M\u00dcLASYON VE D\u0130J\u0130TAL \u0130K\u0130Z \u00b7         ERP (KURUMSAL KAYNAK PLANLAMASI) TABANLI KARAR DESTEK S\u0130STEMLER\u0130N\u0130N (KDS) MAL\u0130YET VE Y\u00d6NET\u0130M MUHASEBES\u0130 \u00dcZER\u0130NE ETK\u0130LER\u0130   \u00b7         D\u0130J\u0130TAL YALIN \u00dcRET\u0130M S\u0130STEMLER\u0130N\u0130N MAL\u0130YET VE Y\u00d6NET\u0130M MUHASEBES\u0130NE ETK\u0130LER\u0130 \u00b7         YEN\u0130 NES\u0130L \u00dcRET\u0130M MODEL\u0130 OLARAK KARANLIK FABR\u0130KALARIN MAL\u0130YET VE Y\u00d6NET\u0130M MUHASEBES\u0130 A\u00c7ISINDAN DE\u011eERLEND\u0130R\u0130LMES\u0130 \u00b7         D\u0130J\u0130TALLE\u015eEN VE DE\u011e\u0130\u015eEN \u0130\u015e ORTAMINDA MAL\u0130YET VE Y\u00d6NET\u0130M MUHASEBEC\u0130LER\u0130N\u0130N YEN\u0130 ROLLER\u0130 VE YETK\u0130NL\u0130KLER\u0130 \u00b7         D\u0130J\u0130TALLE\u015eME VE END\u00dcSTR\u0130 4.0 BA\u011eLAMINDA MAL\u0130YET VE Y\u00d6NET\u0130M MUHASEBES\u0130 ALANINDA YAPILAN \u00c7ALI\u015eMALARIN B\u0130BL\u0130YOMETR\u0130K ANAL\u0130Z\u0130 <\/p>\n","protected":false},"excerpt":{"rendered":"<p>\u0130\u00e7indekiler : \u00b7 MAL\u0130YET VE Y\u00d6NET\u0130M MUHASEBES\u0130NDE YAPAY ZEK\u00c2 UYGULAMALARI: YEN\u0130 YAKLA\u015eIMLAR, OLANAKLAR VE SINIRLILIKLAR \u00b7 \u00dcRET\u0130M S\u00dcRE\u00c7LER\u0130NDE ROBOT\u0130K S\u00dcRE\u00c7 OTOMASYONLARININ MAL\u0130YETLEND\u0130RME \u00dcZER\u0130NDEK\u0130 ETK\u0130LER\u0130 \u00b7 KATMANLI<span class=\"excerpt-hellip\"> [\u2026]<\/span><\/p>\n","protected":false},"featured_media":0,"template":"","meta":{"_monsterinsights_skip_tracking":false,"_monsterinsights_sitenote_active":false,"_monsterinsights_sitenote_note":"","_monsterinsights_sitenote_category":0},"product_brand":[],"product_cat":[13043,14381],"product_tag":[],"class_list":{"0":"post-779430","1":"product","2":"type-product","3":"status-publish","5":"product_cat-ekonomi","6":"product_cat-isletme-muhasebe-maliye","7":"pa_cilt-ciltsiz","8":"pa_tur-kitap","9":"pa_yayinevi-gazi-kitabevi","10":"pa_yazar-kolektif","12":"first","13":"instock","14":"sale","15":"shipping-taxable","16":"purchasable","17":"product-type-simple"},"_links":{"self":[{"href":"https:\/\/roveyayinevi.com.tr\/index.php\/wp-json\/wp\/v2\/product\/779430","targetHints":{"allow":["GET"]}}],"collection":[{"href":"https:\/\/roveyayinevi.com.tr\/index.php\/wp-json\/wp\/v2\/product"}],"about":[{"href":"https:\/\/roveyayinevi.com.tr\/index.php\/wp-json\/wp\/v2\/types\/product"}],"wp:attachment":[{"href":"https:\/\/roveyayinevi.com.tr\/index.php\/wp-json\/wp\/v2\/media?parent=779430"}],"wp:term":[{"taxonomy":"product_brand","embeddable":true,"href":"https:\/\/roveyayinevi.com.tr\/index.php\/wp-json\/wp\/v2\/product_brand?post=779430"},{"taxonomy":"product_cat","embeddable":true,"href":"https:\/\/roveyayinevi.com.tr\/index.php\/wp-json\/wp\/v2\/product_cat?post=779430"},{"taxonomy":"product_tag","embeddable":true,"href":"https:\/\/roveyayinevi.com.tr\/index.php\/wp-json\/wp\/v2\/product_tag?post=779430"}],"curies":[{"name":"wp","href":"https:\/\/api.w.org\/{rel}","templated":true}]}}