{"id":779426,"date":"2025-12-30T11:53:18","date_gmt":"2025-12-30T08:53:18","guid":{"rendered":"https:\/\/roveyayinevi.com.tr\/index.php\/urun\/saglam-kemikten-bir-ev\/"},"modified":"2026-04-15T03:44:09","modified_gmt":"2026-04-15T00:44:09","slug":"saglam-kemikten-bir-ev","status":"publish","type":"product","link":"https:\/\/roveyayinevi.com.tr\/index.php\/urun\/saglam-kemikten-bir-ev\/","title":{"rendered":"Sa\u011flam Kemikten Bir Ev"},"content":{"rendered":"<p>Sam Montgomery, Kuzey Carolina\u2019daki anne evine plans\u0131z bir ziyaret ger\u00e7ekle\u015ftirir. Bu nadir ziyaret i\u00e7in epey heyecanl\u0131d\u0131r ve annesiyle birlikte \u015farap i\u00e7ip polisiye diziler izlemeyi, katilin kim oldu\u011funu tahmin etmeyi d\u00f6rt g\u00f6zle beklemektedir. Ne var ki i\u00e7eri ad\u0131m\u0131n\u0131 atar atmaz, evin eskisi gibi olmad\u0131\u011f\u0131 dikkatini \u00e7eker. Art\u0131k annesiyle \u00f6zde\u015fle\u015ftirdi\u011fi o s\u0131cakl\u0131k hissi yoktur. Duvarlar boyanm\u0131\u015f, e\u015fyalar\u0131n yeri de\u011fi\u015fmi\u015ftir. Annesi diken \u00fcst\u00fcnde gibidir ve en k\u00fc\u00e7\u00fck seste dahi yerinden s\u0131\u00e7ramaktad\u0131r. Sam kafas\u0131n\u0131 toplamak i\u00e7in d\u0131\u015far\u0131 \u00e7\u0131kt\u0131\u011f\u0131nda, m\u00fckemmel g\u00f6r\u00fcnen g\u00fcl fidanlar\u0131n\u0131n alt\u0131na saklanm\u0131\u015f bir kavanoz dolusu di\u015f bulur. Bu esnada akbabalar da bah\u00e7ede u\u00e7up durmaktad\u0131r. Sam, annesini kendi evinde bu kadar korkutan \u015feyin ne oldu\u011funu \u00f6\u011frenmek i\u00e7in ger\u00e7e\u011fi ara\u015ft\u0131rmaya ba\u015flar. Ancak baz\u0131 s\u0131rlar\u0131n g\u00f6m\u00fcl\u00fc kalmas\u0131 belki de herkes i\u00e7in en iyisidir. Korku ve fantezi edebiyat\u0131 ustas\u0131 T. Kingfisher\u2019dan unutulmazlar aras\u0131na girecek bir roman daha. Sa\u011flam Kemikten Bir Ev, m\u00fckemmel bir ev ve aile g\u00f6r\u00fcnt\u00fcs\u00fc alt\u0131nda gizlenen karanl\u0131k, \u00e7arp\u0131k k\u00f6kleri ke\u015ffediyor. <\/p>\n","protected":false},"excerpt":{"rendered":"<p>Sam Montgomery, Kuzey Carolina\u2019daki anne evine plans\u0131z bir ziyaret ger\u00e7ekle\u015ftirir. Bu nadir ziyaret i\u00e7in epey heyecanl\u0131d\u0131r ve annesiyle birlikte \u015farap i\u00e7ip polisiye diziler izlemeyi, katilin kim<span class=\"excerpt-hellip\"> [\u2026]<\/span><\/p>\n","protected":false},"featured_media":0,"template":"","meta":{"_monsterinsights_skip_tracking":false,"_monsterinsights_sitenote_active":false,"_monsterinsights_sitenote_note":"","_monsterinsights_sitenote_category":0},"product_brand":[],"product_cat":[12291,17033],"product_tag":[],"class_list":{"0":"post-779426","1":"product","2":"type-product","3":"status-publish","5":"product_cat-edebiyat","6":"product_cat-korku-gerilim","7":"pa_cilt-ciltsiz","8":"pa_tur-kitap","9":"pa_yayinevi-eksik-parca-yayinlari","10":"pa_yazar-t-kingfisher","12":"first","13":"instock","14":"sale","15":"shipping-taxable","16":"purchasable","17":"product-type-simple"},"_links":{"self":[{"href":"https:\/\/roveyayinevi.com.tr\/index.php\/wp-json\/wp\/v2\/product\/779426","targetHints":{"allow":["GET"]}}],"collection":[{"href":"https:\/\/roveyayinevi.com.tr\/index.php\/wp-json\/wp\/v2\/product"}],"about":[{"href":"https:\/\/roveyayinevi.com.tr\/index.php\/wp-json\/wp\/v2\/types\/product"}],"wp:attachment":[{"href":"https:\/\/roveyayinevi.com.tr\/index.php\/wp-json\/wp\/v2\/media?parent=779426"}],"wp:term":[{"taxonomy":"product_brand","embeddable":true,"href":"https:\/\/roveyayinevi.com.tr\/index.php\/wp-json\/wp\/v2\/product_brand?post=779426"},{"taxonomy":"product_cat","embeddable":true,"href":"https:\/\/roveyayinevi.com.tr\/index.php\/wp-json\/wp\/v2\/product_cat?post=779426"},{"taxonomy":"product_tag","embeddable":true,"href":"https:\/\/roveyayinevi.com.tr\/index.php\/wp-json\/wp\/v2\/product_tag?post=779426"}],"curies":[{"name":"wp","href":"https:\/\/api.w.org\/{rel}","templated":true}]}}