{"id":779425,"date":"2025-12-30T11:53:14","date_gmt":"2025-12-30T08:53:14","guid":{"rendered":"https:\/\/roveyayinevi.com.tr\/index.php\/urun\/kadinlar-ofkeli\/"},"modified":"2026-04-15T03:44:09","modified_gmt":"2026-04-15T00:44:09","slug":"kadinlar-ofkeli","status":"publish","type":"product","link":"https:\/\/roveyayinevi.com.tr\/index.php\/urun\/kadinlar-ofkeli\/","title":{"rendered":"Kad\u0131nlar \u00d6fkeli"},"content":{"rendered":"<p>YA DEPRESYONDA DE\u011e\u0130LSEN? YA KRON\u0130K YORGUNLU\u011eUN YOKSA? YA SADECE&#8230; \u00d6FKEL\u0130YSEN?   Kad\u0131nlar kendilerine \u00f6fkelerinin ortaya \u00e7\u0131kmas\u0131 i\u00e7in izin vermiyor. K\u00fc\u00e7\u00fck veya b\u00fcy\u00fck \u00f6l\u00e7ekli adaletsizlikler ki\u015fisel hik\u00e2yelerimizin dokusuna i\u015flemi\u015f durumda. Bu izleri bedenlerimizde ve zihinlerimizde ta\u015f\u0131yoruz. Bu izlere \u00e7o\u011fu zaman otoimm\u00fcn sa\u011fl\u0131k sorunlar\u0131 da e\u015flik ediyor. Bu kitap, \u00f6fke ve beraberindeki duygular\u0131 fark etmeye ve y\u0131k\u0131c\u0131 olmaktan \u00e7\u0131kar\u0131p yap\u0131c\u0131 bir g\u00fcce d\u00f6n\u00fc\u015ft\u00fcrmeye y\u00f6nelik bir acil \u00e7a\u011fr\u0131d\u0131r. Aksi halde, bu duygular bizi mahvedecek. Dr. Jennifer Cox\u2019a g\u00f6re kad\u0131nlar\u0131n \u00f6fkelerini ger\u00e7ekten ifade etmelerine hi\u00e7 zaman izin verilmedi, bu da hepimizi \u00e7ileden \u00e7\u0131kar\u0131yor. K\u0131z \u00e7ocuklar\u0131n\u0131n \u201ciyi\u201d olmaya ve \u201colay \u00e7\u0131karmamaya\u201d ko\u015fulland\u0131r\u0131ld\u0131\u011f\u0131 erken \u00e7ocukluktan, orta ya\u015fta sorumluluklar\u0131n alt\u0131nda ezildikleri d\u00f6neme kadar kad\u0131nlar\u0131n \u00f6fkesi bast\u0131r\u0131l\u0131r, gizlenir, en sonunda zehre d\u00f6n\u00fc\u015f\u00fcr. Bu kitap, o \u00f6fkenin nerede gizlendi\u011fini ve onu nas\u0131l serbest b\u0131rakabilece\u011finizi g\u00f6steriyor. <\/p>\n","protected":false},"excerpt":{"rendered":"<p>YA DEPRESYONDA DE\u011e\u0130LSEN? YA KRON\u0130K YORGUNLU\u011eUN YOKSA? YA SADECE&#8230; \u00d6FKEL\u0130YSEN? Kad\u0131nlar kendilerine \u00f6fkelerinin ortaya \u00e7\u0131kmas\u0131 i\u00e7in izin vermiyor. K\u00fc\u00e7\u00fck veya b\u00fcy\u00fck \u00f6l\u00e7ekli adaletsizlikler ki\u015fisel hik\u00e2yelerimizin dokusuna<span class=\"excerpt-hellip\"> [\u2026]<\/span><\/p>\n","protected":false},"featured_media":0,"template":"","meta":{"_monsterinsights_skip_tracking":false,"_monsterinsights_sitenote_active":false,"_monsterinsights_sitenote_note":"","_monsterinsights_sitenote_category":0},"product_brand":[],"product_cat":[12291,12711],"product_tag":[],"class_list":{"0":"post-779425","1":"product","2":"type-product","3":"status-publish","5":"product_cat-edebiyat","6":"product_cat-roman-oyku","7":"pa_cilt-ciltsiz","8":"pa_tur-kitap","9":"pa_yayinevi-eksik-parca-yayinlari","10":"pa_yazar-jennifer-cox","12":"first","13":"instock","14":"sale","15":"shipping-taxable","16":"purchasable","17":"product-type-simple"},"_links":{"self":[{"href":"https:\/\/roveyayinevi.com.tr\/index.php\/wp-json\/wp\/v2\/product\/779425","targetHints":{"allow":["GET"]}}],"collection":[{"href":"https:\/\/roveyayinevi.com.tr\/index.php\/wp-json\/wp\/v2\/product"}],"about":[{"href":"https:\/\/roveyayinevi.com.tr\/index.php\/wp-json\/wp\/v2\/types\/product"}],"wp:attachment":[{"href":"https:\/\/roveyayinevi.com.tr\/index.php\/wp-json\/wp\/v2\/media?parent=779425"}],"wp:term":[{"taxonomy":"product_brand","embeddable":true,"href":"https:\/\/roveyayinevi.com.tr\/index.php\/wp-json\/wp\/v2\/product_brand?post=779425"},{"taxonomy":"product_cat","embeddable":true,"href":"https:\/\/roveyayinevi.com.tr\/index.php\/wp-json\/wp\/v2\/product_cat?post=779425"},{"taxonomy":"product_tag","embeddable":true,"href":"https:\/\/roveyayinevi.com.tr\/index.php\/wp-json\/wp\/v2\/product_tag?post=779425"}],"curies":[{"name":"wp","href":"https:\/\/api.w.org\/{rel}","templated":true}]}}