{"id":779423,"date":"2025-12-30T11:53:07","date_gmt":"2025-12-30T08:53:07","guid":{"rendered":"https:\/\/roveyayinevi.com.tr\/index.php\/urun\/maizy-chenin-son-sansi\/"},"modified":"2026-04-15T03:44:09","modified_gmt":"2026-04-15T00:44:09","slug":"maizy-chenin-son-sansi","status":"publish","type":"product","link":"https:\/\/roveyayinevi.com.tr\/index.php\/urun\/maizy-chenin-son-sansi\/","title":{"rendered":"Maizy Chen\u2019in Son \u015eans\u0131"},"content":{"rendered":"<p>On iki ya\u015f\u0131ndaki Maizy Chen, annesiyle birlikte Minnesota\u2019n\u0131n Last Chance kasabas\u0131nda ya\u015fayan b\u00fcy\u00fckanne ve b\u00fcy\u00fckbabas\u0131n\u0131 ziyarete gider. Planlar\u0131, rahats\u0131z olan b\u00fcy\u00fckbabas\u0131 iyile\u015fene kadar kasabada kalmakt\u0131r. Ancak planlar de\u011fi\u015fir, Maizy ve annesinin ziyaretleri uzar. B\u00f6ylece Maizy, kasabadaki tek Asya k\u00f6kenli Amerikal\u0131lar olan ailesinin ve nesillerdir i\u015flettikleri Golden Palace adl\u0131 restoran\u0131n uzun mu uzun ge\u00e7mi\u015fini ke\u015ffetme f\u0131rsat\u0131 bulur. Ama Maizy ne kadar \u00e7ok \u015fey \u00f6\u011frenirse, kafas\u0131nda o kadar fazla soru dola\u015fmaya ba\u015flar. Mesela neden annesiyle b\u00fcy\u00fckannesi s\u00fcrekli tart\u0131\u015f\u0131yordur? Peki ya Golden Palace\u2019\u0131n duvarlar\u0131nda as\u0131l\u0131 foto\u011fraflardaki insanlar kimdir? Ama sonra t\u00fcm kasaban\u0131n sevdi\u011fi, de\u011ferli bir heykel \u00e7al\u0131n\u0131p geriye \u0131rk\u00e7\u0131 bir not b\u0131rak\u0131l\u0131r. B\u00f6ylece Maizy kafas\u0131ndaki sorular\u0131n cevaplar\u0131n\u0131 bulma zaman\u0131n\u0131n geldi\u011fine karar verir. <\/p>\n","protected":false},"excerpt":{"rendered":"<p>On iki ya\u015f\u0131ndaki Maizy Chen, annesiyle birlikte Minnesota\u2019n\u0131n Last Chance kasabas\u0131nda ya\u015fayan b\u00fcy\u00fckanne ve b\u00fcy\u00fckbabas\u0131n\u0131 ziyarete gider. Planlar\u0131, rahats\u0131z olan b\u00fcy\u00fckbabas\u0131 iyile\u015fene kadar kasabada kalmakt\u0131r. Ancak<span class=\"excerpt-hellip\"> [\u2026]<\/span><\/p>\n","protected":false},"featured_media":0,"template":"","meta":{"_monsterinsights_skip_tracking":false,"_monsterinsights_sitenote_active":false,"_monsterinsights_sitenote_note":"","_monsterinsights_sitenote_category":0},"product_brand":[],"product_cat":[12291,12711],"product_tag":[],"class_list":{"0":"post-779423","1":"product","2":"type-product","3":"status-publish","5":"product_cat-edebiyat","6":"product_cat-roman-oyku","7":"pa_cilt-ciltsiz","8":"pa_tur-kitap","9":"pa_yayinevi-eksik-parca-yayinlari","10":"pa_yazar-lisa-yee","12":"first","13":"instock","14":"sale","15":"shipping-taxable","16":"purchasable","17":"product-type-simple"},"_links":{"self":[{"href":"https:\/\/roveyayinevi.com.tr\/index.php\/wp-json\/wp\/v2\/product\/779423","targetHints":{"allow":["GET"]}}],"collection":[{"href":"https:\/\/roveyayinevi.com.tr\/index.php\/wp-json\/wp\/v2\/product"}],"about":[{"href":"https:\/\/roveyayinevi.com.tr\/index.php\/wp-json\/wp\/v2\/types\/product"}],"wp:attachment":[{"href":"https:\/\/roveyayinevi.com.tr\/index.php\/wp-json\/wp\/v2\/media?parent=779423"}],"wp:term":[{"taxonomy":"product_brand","embeddable":true,"href":"https:\/\/roveyayinevi.com.tr\/index.php\/wp-json\/wp\/v2\/product_brand?post=779423"},{"taxonomy":"product_cat","embeddable":true,"href":"https:\/\/roveyayinevi.com.tr\/index.php\/wp-json\/wp\/v2\/product_cat?post=779423"},{"taxonomy":"product_tag","embeddable":true,"href":"https:\/\/roveyayinevi.com.tr\/index.php\/wp-json\/wp\/v2\/product_tag?post=779423"}],"curies":[{"name":"wp","href":"https:\/\/api.w.org\/{rel}","templated":true}]}}