{"id":779419,"date":"2025-12-30T11:52:56","date_gmt":"2025-12-30T08:52:56","guid":{"rendered":"https:\/\/roveyayinevi.com.tr\/index.php\/urun\/buroda\/"},"modified":"2026-04-15T03:44:09","modified_gmt":"2026-04-15T00:44:09","slug":"buroda","status":"publish","type":"product","link":"https:\/\/roveyayinevi.com.tr\/index.php\/urun\/buroda\/","title":{"rendered":"B\u00fcroda"},"content":{"rendered":"<p>&#8220;Walser gibi yazarlar d\u00fcnyay\u0131 y\u00f6netenler aras\u0131nda yer alsayd\u0131,  sava\u015f olmazd\u0131. Y\u00fcz bin okuru olsayd\u0131, d\u00fcnya daha iyi bir yer olurdu.&#8221; -Hermann Hesse   Robert Walser&#8217;e g\u00f6re b\u00fcro, insan\u0131n kendi hayat\u0131na yabanc\u0131la\u015ft\u0131\u011f\u0131 ama bu yabanc\u0131l\u0131\u011f\u0131n i\u00e7inde d\u00fc\u015f g\u00f6rmeyi ke\u015ffetti\u011fi bir yerdir. Tam da bu y\u00fczden kalemini bu ikili\u011fin k\u0131y\u0131s\u0131na yerle\u015ftirir. Bir yanda disiplinin, kurallar\u0131n, saatlerin ve dosyalar\u0131n a\u011f\u0131rl\u0131\u011f\u0131&#8230; Di\u011fer yanda hayallerin, i\u00e7 sesin ve k\u00fc\u00e7\u00fck bir ba\u015fkald\u0131r\u0131n\u0131n k\u0131p\u0131rt\u0131s\u0131&#8230;   1900&#8217;lerin ba\u015f\u0131nda bir bankada yard\u0131mc\u0131 k\u00e2tip olarak ya\u015fad\u0131\u011f\u0131 deneyimleri edebiyata d\u00f6n\u00fc\u015ft\u00fcren Walser, modern d\u00fcnyan\u0131n en sessiz fig\u00fcrlerini; k\u00e2tipleri, yard\u0131mc\u0131lar\u0131, memurlar\u0131, bir k\u0131s\u0131r d\u00f6ng\u00fcye tak\u0131lm\u0131\u015f fakat d\u00fc\u015fbaz beyaz yakal\u0131lar\u0131 g\u00f6r\u00fcn\u00fcr k\u0131l\u0131yor. Onlar\u0131n s\u0131radan gibi g\u00f6r\u00fcnen g\u00fcnleri, Walser&#8217;in kaleminde insan ruhunun karma\u015f\u0131k bir haritas\u0131na d\u00f6n\u00fc\u015f\u00fcyor.   Melville&#8217;in, Gogol&#8217;\u00fcn ve Kafka&#8217;n\u0131n hicivlerini an\u0131msatan B\u00fcroda, \u00e7al\u0131\u015fma d\u00fcnyas\u0131n\u0131 hem ayd\u0131nlat\u0131c\u0131 hem de k\u0131vrak bir ironiyle \u00e7\u00f6z\u00fcml\u00fcyor. Fakat bu kez s\u00f6z patronlarda de\u011fil, masan\u0131n \u00f6teki taraf\u0131nda oturanlarda.   Walser&#8217;in hik\u00e2yeleri, tekd\u00fcze bir b\u00fcro sabah\u0131n\u0131n i\u00e7inde yank\u0131lanan o hafif f\u0131s\u0131lt\u0131y\u0131 duyabilenler i\u00e7in: sessiz ama sars\u0131c\u0131, sade ama derin bir edebiyat&#8230; <\/p>\n","protected":false},"excerpt":{"rendered":"<p>&#8220;Walser gibi yazarlar d\u00fcnyay\u0131 y\u00f6netenler aras\u0131nda yer alsayd\u0131, sava\u015f olmazd\u0131. Y\u00fcz bin okuru olsayd\u0131, d\u00fcnya daha iyi bir yer olurdu.&#8221; -Hermann Hesse Robert Walser&#8217;e g\u00f6re b\u00fcro,<span class=\"excerpt-hellip\"> [\u2026]<\/span><\/p>\n","protected":false},"featured_media":0,"template":"","meta":{"_monsterinsights_skip_tracking":false,"_monsterinsights_sitenote_active":false,"_monsterinsights_sitenote_note":"","_monsterinsights_sitenote_category":0},"product_brand":[],"product_cat":[12291,18202],"product_tag":[],"class_list":{"0":"post-779419","1":"product","2":"type-product","3":"status-publish","5":"product_cat-edebiyat","6":"product_cat-hikaye","7":"pa_cilt-ciltsiz","8":"pa_tur-kitap","9":"pa_yayinevi-profil-kitap","10":"pa_yazar-robert-walser","12":"first","13":"instock","14":"sale","15":"shipping-taxable","16":"purchasable","17":"product-type-simple"},"_links":{"self":[{"href":"https:\/\/roveyayinevi.com.tr\/index.php\/wp-json\/wp\/v2\/product\/779419","targetHints":{"allow":["GET"]}}],"collection":[{"href":"https:\/\/roveyayinevi.com.tr\/index.php\/wp-json\/wp\/v2\/product"}],"about":[{"href":"https:\/\/roveyayinevi.com.tr\/index.php\/wp-json\/wp\/v2\/types\/product"}],"wp:attachment":[{"href":"https:\/\/roveyayinevi.com.tr\/index.php\/wp-json\/wp\/v2\/media?parent=779419"}],"wp:term":[{"taxonomy":"product_brand","embeddable":true,"href":"https:\/\/roveyayinevi.com.tr\/index.php\/wp-json\/wp\/v2\/product_brand?post=779419"},{"taxonomy":"product_cat","embeddable":true,"href":"https:\/\/roveyayinevi.com.tr\/index.php\/wp-json\/wp\/v2\/product_cat?post=779419"},{"taxonomy":"product_tag","embeddable":true,"href":"https:\/\/roveyayinevi.com.tr\/index.php\/wp-json\/wp\/v2\/product_tag?post=779419"}],"curies":[{"name":"wp","href":"https:\/\/api.w.org\/{rel}","templated":true}]}}