{"id":779418,"date":"2025-12-30T11:52:54","date_gmt":"2025-12-30T08:52:54","guid":{"rendered":"https:\/\/roveyayinevi.com.tr\/index.php\/urun\/dusun-ve-zengin-ol-5\/"},"modified":"2026-04-15T03:44:09","modified_gmt":"2026-04-15T00:44:09","slug":"dusun-ve-zengin-ol-5","status":"publish","type":"product","link":"https:\/\/roveyayinevi.com.tr\/index.php\/urun\/dusun-ve-zengin-ol-5\/","title":{"rendered":"D\u00fc\u015f\u00fcn ve Zengin Ol!"},"content":{"rendered":"<p>\u201cBu, hi\u00e7bir \u015feyim yokken beni milyoner yapan, ki\u015fisel ba\u015far\u0131 \u00fczerine yaz\u0131lm\u0131\u015f en iyi kitapt\u0131r.\u201dBRIAN TRACY &#8211; Milyon Dolarl\u0131k Al\u0131\u015fkanl\u0131klar kitab\u0131n\u0131n yazar\u0131Hayat\u0131n\u0131z\u0131n her alan\u0131nda istedi\u011finiz ba\u015far\u0131 ve zenginli\u011fe  ula\u015fmak i\u00e7in ihtiyac\u0131n\u0131z olan tek \u015fey ya bir kitap olsayd\u0131?Dr. Napoleon Hill, D\u00fc\u015f\u00fcn ve Zengin Ol!&#8217;un her b\u00f6l\u00fcm\u00fcnde ekonomik ba\u011f\u0131ms\u0131zl\u0131\u011f\u0131n ve hatta servet elde etmenin s\u0131rlar\u0131n\u0131 a\u00e7\u0131kl\u0131yor. 500\u2019den fazla zengin ve ba\u015far\u0131l\u0131 insan\u0131n zenginlik s\u0131rlar\u0131n\u0131, uzun y\u0131llara varan ara\u015ft\u0131rmalardan sonra 13 evrensel ilkeyle ortaya koyuyor.Elinizdeki rehber, sahip olman\u0131z gereken tek ve \u00f6zg\u00fcn \u201cNas\u0131l Yap\u0131l\u0131r?\u201d kitab\u0131d\u0131r. Sizi ve hayat\u0131n\u0131z\u0131 sadece maddi anlamda zenginle\u015ftirmekle kalmayacak, hayattan istedi\u011finiz her ne varsa, onlar\u0131 da elde etmenize yard\u0131mc\u0131 olacakt\u0131r. D\u00fc\u015f\u00fcn ve Zengin Ol!\u2019un bu yeni bask\u0131s\u0131, kitab\u0131n ilk ve tek tam a\u00e7\u0131klamal\u0131 versiyonudur; tam notlarla a\u00e7\u0131klanm\u0131\u015f ve dizinlenmi\u015f tek \u00f6rne\u011fidir. Orijinal metni g\u00fcn\u00fcm\u00fcz ekonomisine uyarlayan bu yeni edisyon, g\u00fcn\u00fcm\u00fczde son derece g\u00fcncel ve \u00f6nemli olan zorlu ekonomik d\u00f6nemlerde nas\u0131l ba\u015far\u0131l\u0131 olunaca\u011f\u0131na dair size rehberlik etmeyi ama\u00e7l\u0131yor. Zenginli\u011fin ve servetin s\u0131rr\u0131na ula\u015fmak, refah i\u00e7inde ya\u015famak ve kendi kaderinizi \u015fekillendirmek istiyorsan\u0131z bu zamans\u0131z, ilham verici eseri mutlaka okumal\u0131s\u0131n\u0131z. Bug\u00fcne kadar ba\u015far\u0131 \u00fczerine yay\u0131nlanm\u0131\u015f, en \u00e7ok \u00f6vg\u00fc alan ve en etkili eser! <\/p>\n","protected":false},"excerpt":{"rendered":"<p>\u201cBu, hi\u00e7bir \u015feyim yokken beni milyoner yapan, ki\u015fisel ba\u015far\u0131 \u00fczerine yaz\u0131lm\u0131\u015f en iyi kitapt\u0131r.\u201dBRIAN TRACY &#8211; Milyon Dolarl\u0131k Al\u0131\u015fkanl\u0131klar kitab\u0131n\u0131n yazar\u0131Hayat\u0131n\u0131z\u0131n her alan\u0131nda istedi\u011finiz ba\u015far\u0131 ve<span class=\"excerpt-hellip\"> [\u2026]<\/span><\/p>\n","protected":false},"featured_media":0,"template":"","meta":{"_monsterinsights_skip_tracking":false,"_monsterinsights_sitenote_active":false,"_monsterinsights_sitenote_note":"","_monsterinsights_sitenote_category":0},"product_brand":[],"product_cat":[20333,13043],"product_tag":[],"class_list":{"0":"post-779418","1":"product","2":"type-product","3":"status-publish","5":"product_cat-diger-ekonomi","6":"product_cat-ekonomi","7":"pa_cilt-ciltsiz","8":"pa_tur-kitap","9":"pa_yayinevi-nemesis-kitap","10":"pa_yazar-napoleon-hill","11":"pa_yazar-ross-cornwell","13":"first","14":"instock","15":"sale","16":"shipping-taxable","17":"purchasable","18":"product-type-simple"},"_links":{"self":[{"href":"https:\/\/roveyayinevi.com.tr\/index.php\/wp-json\/wp\/v2\/product\/779418","targetHints":{"allow":["GET"]}}],"collection":[{"href":"https:\/\/roveyayinevi.com.tr\/index.php\/wp-json\/wp\/v2\/product"}],"about":[{"href":"https:\/\/roveyayinevi.com.tr\/index.php\/wp-json\/wp\/v2\/types\/product"}],"wp:attachment":[{"href":"https:\/\/roveyayinevi.com.tr\/index.php\/wp-json\/wp\/v2\/media?parent=779418"}],"wp:term":[{"taxonomy":"product_brand","embeddable":true,"href":"https:\/\/roveyayinevi.com.tr\/index.php\/wp-json\/wp\/v2\/product_brand?post=779418"},{"taxonomy":"product_cat","embeddable":true,"href":"https:\/\/roveyayinevi.com.tr\/index.php\/wp-json\/wp\/v2\/product_cat?post=779418"},{"taxonomy":"product_tag","embeddable":true,"href":"https:\/\/roveyayinevi.com.tr\/index.php\/wp-json\/wp\/v2\/product_tag?post=779418"}],"curies":[{"name":"wp","href":"https:\/\/api.w.org\/{rel}","templated":true}]}}