{"id":779417,"date":"2025-12-30T11:52:51","date_gmt":"2025-12-30T08:52:51","guid":{"rendered":"https:\/\/roveyayinevi.com.tr\/index.php\/urun\/geldiler-gorduler\/"},"modified":"2026-04-15T03:44:08","modified_gmt":"2026-04-15T00:44:08","slug":"geldiler-gorduler","status":"publish","type":"product","link":"https:\/\/roveyayinevi.com.tr\/index.php\/urun\/geldiler-gorduler\/","title":{"rendered":"Geldiler G\u00f6rd\u00fcler"},"content":{"rendered":"<p>On alt\u0131nc\u0131 y\u00fczy\u0131lda, Cihan Devleti Osmanl\u0131\u2019n\u0131n g\u00f6lgesinde bir \u00e7ocu\u011fun kaderi yeniden \u015fekilleniyor. Bosna\u2019n\u0131n sessiz bir k\u00f6y\u00fcnde ba\u015flayan roman, Josif\u2019in Yusuf\u2019a d\u00f6n\u00fc\u015f\u00fcm\u00fcn\u00fcn destan\u0131. Bir dev\u015firmenin g\u00f6z\u00fcnden; hem bir \u00e7ocu\u011fun kimli\u011fini, inanc\u0131n\u0131, aidiyetini yeniden bulma yolculu\u011fu hem de bir cihan devletinin insan ruhunu yo\u011furan d\u00fczeni anlat\u0131l\u0131yor. \u201cGeldiler G\u00f6rd\u00fcler\u201d tarih\u00ee bir roman olman\u0131n \u00f6tesinde, insan\u0131n i\u00e7sel yolculu\u011funu, teslimiyet ile direni\u015f aras\u0131ndaki ince \u00e7izgiyi, ge\u00e7mi\u015fin kudretinde \u015fekillenen bir gelece\u011fi sorguluyor. Levent \u015eener, Osmanl\u0131\u2019n\u0131n disiplinini, adaletini ve merhametini bir \u00e7ocu\u011fun kalbinde yo\u011furarak; okuyucuyu hem tarihin i\u00e7ine hem de insan\u0131n kendi derinli\u011fine davet ediyor. <\/p>\n","protected":false},"excerpt":{"rendered":"<p>On alt\u0131nc\u0131 y\u00fczy\u0131lda, Cihan Devleti Osmanl\u0131\u2019n\u0131n g\u00f6lgesinde bir \u00e7ocu\u011fun kaderi yeniden \u015fekilleniyor. Bosna\u2019n\u0131n sessiz bir k\u00f6y\u00fcnde ba\u015flayan roman, Josif\u2019in Yusuf\u2019a d\u00f6n\u00fc\u015f\u00fcm\u00fcn\u00fcn destan\u0131. Bir dev\u015firmenin g\u00f6z\u00fcnden; hem<span class=\"excerpt-hellip\"> [\u2026]<\/span><\/p>\n","protected":false},"featured_media":0,"template":"","meta":{"_monsterinsights_skip_tracking":false,"_monsterinsights_sitenote_active":false,"_monsterinsights_sitenote_note":"","_monsterinsights_sitenote_category":0},"product_brand":[],"product_cat":[12291,12711],"product_tag":[],"class_list":{"0":"post-779417","1":"product","2":"type-product","3":"status-publish","5":"product_cat-edebiyat","6":"product_cat-roman-oyku","7":"pa_cilt-ciltsiz","8":"pa_tur-kitap","9":"pa_yayinevi-gulnar-yayinlari","10":"pa_yazar-levent-sener","12":"first","13":"instock","14":"sale","15":"shipping-taxable","16":"purchasable","17":"product-type-simple"},"_links":{"self":[{"href":"https:\/\/roveyayinevi.com.tr\/index.php\/wp-json\/wp\/v2\/product\/779417","targetHints":{"allow":["GET"]}}],"collection":[{"href":"https:\/\/roveyayinevi.com.tr\/index.php\/wp-json\/wp\/v2\/product"}],"about":[{"href":"https:\/\/roveyayinevi.com.tr\/index.php\/wp-json\/wp\/v2\/types\/product"}],"wp:attachment":[{"href":"https:\/\/roveyayinevi.com.tr\/index.php\/wp-json\/wp\/v2\/media?parent=779417"}],"wp:term":[{"taxonomy":"product_brand","embeddable":true,"href":"https:\/\/roveyayinevi.com.tr\/index.php\/wp-json\/wp\/v2\/product_brand?post=779417"},{"taxonomy":"product_cat","embeddable":true,"href":"https:\/\/roveyayinevi.com.tr\/index.php\/wp-json\/wp\/v2\/product_cat?post=779417"},{"taxonomy":"product_tag","embeddable":true,"href":"https:\/\/roveyayinevi.com.tr\/index.php\/wp-json\/wp\/v2\/product_tag?post=779417"}],"curies":[{"name":"wp","href":"https:\/\/api.w.org\/{rel}","templated":true}]}}