{"id":779416,"date":"2025-12-30T11:52:49","date_gmt":"2025-12-30T08:52:49","guid":{"rendered":"https:\/\/roveyayinevi.com.tr\/index.php\/urun\/kirpiye-sarilmak\/"},"modified":"2026-04-15T03:44:08","modified_gmt":"2026-04-15T00:44:08","slug":"kirpiye-sarilmak","status":"publish","type":"product","link":"https:\/\/roveyayinevi.com.tr\/index.php\/urun\/kirpiye-sarilmak\/","title":{"rendered":"Kirpiye Sar\u0131lmak"},"content":{"rendered":"<p>Hepimizin Hayat\u0131nda En Az Bir Kirpi Var  Kimisi i\u015f yerinde, kimisi aile sofras\u0131nda, kimisi ise en yak\u0131n dostlu\u011fun i\u00e7inde\u2026 Huysuz, ele\u015ftirel, negatif ya da s\u00fcrekli sorun \u00e7\u0131karan insanlar hayat\u0131m\u0131z\u0131n bir par\u00e7as\u0131. Onlardan ka\u00e7mak m\u00fcmk\u00fcn de\u011fil. Peki ya onlarla ya\u015famay\u0131 \u00f6\u011frenmek? \u0130\u015fte Kirpiye Sar\u0131lmak, tam da bu sorunun cevab\u0131n\u0131 veriyor: dikenleriyle bile sevebilmeyi \u00f6\u011fretmek.    Basit, S\u0131cak ve Uygulanabilir Bir Rehber  Kitap, zor insanlar\u0131 sevmeyi bir kirpiye sar\u0131lmaya benzetiyor. \u0130lk ba\u015fta imk\u00e2ns\u0131z gibi g\u00f6r\u00fcnse de asl\u0131nda birka\u00e7 basit teknikle, biraz sab\u0131r ve anlay\u0131\u015fla m\u00fcmk\u00fcn. Karma\u015f\u0131k psikoloji teorilerine bo\u011fmadan, k\u0131sa b\u00f6l\u00fcmler ve pratik \u00f6nerilerle okura yol g\u00f6steriyor. Her sayfa, \u201cbunu ben de yapabilirim\u201d dedirten kolay ipu\u00e7lar\u0131yla dolu.    Dikenlere Ra\u011fmen Yakla\u015fabilmenin S\u0131rlar\u0131  \u2022    Ele\u015ftirel insanlarla ili\u015fki kurarken kendi duygular\u0131n\u0131 korumak  \u2022    Empati geli\u015ftirerek gerginli\u011fi azaltmak  \u2022    Negatif tav\u0131rlar\u0131n ki\u015fisel bir sald\u0131r\u0131 olmad\u0131\u011f\u0131n\u0131 fark etmek  \u2022    Zor insanlara ra\u011fmen pozitif kalabilmek  \u2022    Basit sevgi g\u00f6sterileriyle ili\u015fkileri d\u00f6n\u00fc\u015ft\u00fcrmek    Okur, bu kitab\u0131 bitirdi\u011finde hayat\u0131ndaki zor insanlar\u0131 de\u011fi\u015ftiremeyece\u011fini ama yakla\u015f\u0131m\u0131n\u0131 de\u011fi\u015ftirebilece\u011fini g\u00f6recek. Ve bu fark, hem ili\u015fkilerde hem de i\u00e7 huzurda b\u00fcy\u00fck bir d\u00f6n\u00fc\u015f\u00fcm yaratacak.    Samimi Bir \u00dcslup, Evrensel Bir Konu  June Eding\u2019in edit\u00f6rl\u00fc\u011f\u00fcnde haz\u0131rlanan Kirpiye Sar\u0131lmak, yal\u0131n dili ve s\u0131cak \u00fcslubuyla geni\u015f bir kitleye hitap ediyor. \u00c7al\u0131\u015fma hayat\u0131ndaki profesyonellerden, aile i\u00e7i huzuru arayan ebeveynlere; gen\u00e7lerden ki\u015fisel geli\u015fim merakl\u0131lar\u0131na kadar herkes kendine dokunan bir b\u00f6l\u00fcm bulacak.    \u201cDikenleriyle bile sevebilmeyi \u00f6\u011frenin.\u201d  \u00c7\u00fcnk\u00fc hepimizin hayat\u0131nda bir kirpi var. Ve bazen, onu uzakla\u015ft\u0131rmak yerine sar\u0131lmak \u00e7ok daha kolay bir yol. Bu kitap, sadece zor insanlarla de\u011fil, kendi sabr\u0131m\u0131zla, sevgimizle ve ileti\u015fim bi\u00e7imimizle de y\u00fczle\u015fmemizi sa\u011fl\u0131yor. <\/p>\n","protected":false},"excerpt":{"rendered":"<p>Hepimizin Hayat\u0131nda En Az Bir Kirpi Var Kimisi i\u015f yerinde, kimisi aile sofras\u0131nda, kimisi ise en yak\u0131n dostlu\u011fun i\u00e7inde\u2026 Huysuz, ele\u015ftirel, negatif ya da s\u00fcrekli sorun<span class=\"excerpt-hellip\"> [\u2026]<\/span><\/p>\n","protected":false},"featured_media":0,"template":"","meta":{"_monsterinsights_skip_tracking":false,"_monsterinsights_sitenote_active":false,"_monsterinsights_sitenote_note":"","_monsterinsights_sitenote_category":0},"product_brand":[],"product_cat":[20502,12357],"product_tag":[],"class_list":{"0":"post-779416","1":"product","2":"type-product","3":"status-publish","5":"product_cat-basvuru-kitaplari-psikoloji","6":"product_cat-psikoloji","7":"pa_cilt-ciltsiz","8":"pa_tur-kitap","9":"pa_yayinevi-okuyan-us-yayin","10":"pa_yazar-june-eding","12":"first","13":"instock","14":"sale","15":"shipping-taxable","16":"purchasable","17":"product-type-simple"},"_links":{"self":[{"href":"https:\/\/roveyayinevi.com.tr\/index.php\/wp-json\/wp\/v2\/product\/779416","targetHints":{"allow":["GET"]}}],"collection":[{"href":"https:\/\/roveyayinevi.com.tr\/index.php\/wp-json\/wp\/v2\/product"}],"about":[{"href":"https:\/\/roveyayinevi.com.tr\/index.php\/wp-json\/wp\/v2\/types\/product"}],"wp:attachment":[{"href":"https:\/\/roveyayinevi.com.tr\/index.php\/wp-json\/wp\/v2\/media?parent=779416"}],"wp:term":[{"taxonomy":"product_brand","embeddable":true,"href":"https:\/\/roveyayinevi.com.tr\/index.php\/wp-json\/wp\/v2\/product_brand?post=779416"},{"taxonomy":"product_cat","embeddable":true,"href":"https:\/\/roveyayinevi.com.tr\/index.php\/wp-json\/wp\/v2\/product_cat?post=779416"},{"taxonomy":"product_tag","embeddable":true,"href":"https:\/\/roveyayinevi.com.tr\/index.php\/wp-json\/wp\/v2\/product_tag?post=779416"}],"curies":[{"name":"wp","href":"https:\/\/api.w.org\/{rel}","templated":true}]}}