{"id":779415,"date":"2025-12-30T11:52:48","date_gmt":"2025-12-30T08:52:48","guid":{"rendered":"https:\/\/roveyayinevi.com.tr\/index.php\/urun\/stalinizmden-once\/"},"modified":"2026-01-22T03:56:15","modified_gmt":"2026-01-22T00:56:15","slug":"stalinizmden-once","status":"publish","type":"product","link":"https:\/\/roveyayinevi.com.tr\/index.php\/urun\/stalinizmden-once\/","title":{"rendered":"Stalinizmden \u00d6nce"},"content":{"rendered":"<p>Samuel Farber\u2019\u0131n Stalinizmden \u00d6nce adl\u0131 \u00e7al\u0131\u015fmas\u0131, \u201cDevrim Sonras\u0131n\u0131n\u201d en nadide \u00e7al\u0131\u015fmalar\u0131ndan biri. Kitap, Sovyet Demokrasisinin \u201cin\u015fas\u0131 ve \u00e7\u00f6k\u00fc\u015f\u00fc\u201d \u00fczerine odaklan\u0131yor. Devrim nas\u0131l ba\u015flad\u0131, nas\u0131l s\u00f6n\u00fcmlendi? Samuel Farber\u2019in tezleri, ayn\u0131 zamanda bir devrimin kozmopolitizmini nas\u0131l kaybetti\u011fine dair derinlikli ve renkli bir \u00e7al\u0131\u015fmay\u0131 da i\u00e7eriyor. Kitapta d\u00f6nemin kadrolar\u0131na, meclislerin bile\u015fenlerine, yasalara ve de tarihsel atmosferin i\u00e7eri\u011fine dair bir y\u0131\u011f\u0131n veri bulacaks\u0131n\u0131z. Yazar, \u00f6zy\u00f6netimlerden b\u00fcrokrasiye ge\u00e7i\u015fin nedenlerini \u00e7\u00f6z\u00fcmlerken, analizlerini \u00fc\u00e7 tarihsel aral\u0131\u011fa ay\u0131r\u0131yor: 1917-1918, 1918-1920, 1920-1924. Samuel Farber \u00e7al\u0131\u015fmas\u0131nda, sa\u011f-sol Bol\u015fevizm ayr\u0131m\u0131ndan, ilk meclislerdeki di\u011fer devrimci \u00f6rg\u00fctlerin ne yapt\u0131klar\u0131na, Bas\u0131n Sans\u00fcr Yasas\u0131\u2019ndan Kron\u015ftad\u2019\u0131n \u201cso\u011fukkanl\u0131 ele\u015ftirisine\u201d de\u011fin, Devrim sonras\u0131 Sovyet Demokrasisinin \u201cg\u00fcnl\u00fc\u011f\u00fcn\u00fc\u201d olabildi\u011fince nesnel bir bi\u00e7imde sunuyor. \u00d6yle ki yazar\u0131n d\u00f6neme dair \u201cele\u015ftirisinden\u201d Tro\u00e7ki de nasibini alm\u0131yor de\u011fil.   Siyasi \u015eeyler dizimizden daha \u00f6nce \u00e7\u0131kan N.N.Sukhanov\u2019un 1917 Rus Devrimi kitab\u0131n\u0131n devam\u0131nda okunabilecek \u201cnadide\u201d \u00e7al\u0131\u015fmalardan biri olan Samuel Farber\u2019\u0131n Stalinizmden \u00d6nce adl\u0131 kitab\u0131, Siyasi \u015eeyler\u2019de okurlar\u0131yla bulu\u015fuyor.   <\/p>\n","protected":false},"excerpt":{"rendered":"<p>Samuel Farber\u2019\u0131n Stalinizmden \u00d6nce adl\u0131 \u00e7al\u0131\u015fmas\u0131, \u201cDevrim Sonras\u0131n\u0131n\u201d en nadide \u00e7al\u0131\u015fmalar\u0131ndan biri. Kitap, Sovyet Demokrasisinin \u201cin\u015fas\u0131 ve \u00e7\u00f6k\u00fc\u015f\u00fc\u201d \u00fczerine odaklan\u0131yor. Devrim nas\u0131l ba\u015flad\u0131, nas\u0131l s\u00f6n\u00fcmlendi? Samuel<span class=\"excerpt-hellip\"> [\u2026]<\/span><\/p>\n","protected":false},"featured_media":0,"template":"","meta":{"_monsterinsights_skip_tracking":false,"_monsterinsights_sitenote_active":false,"_monsterinsights_sitenote_note":"","_monsterinsights_sitenote_category":0},"product_brand":[],"product_cat":[16098,12337],"product_tag":[],"class_list":{"0":"post-779415","1":"product","2":"type-product","3":"status-publish","5":"product_cat-politik-akimlar-hareketler","6":"product_cat-politika-siyaset","7":"pa_cilt-ciltsiz","8":"pa_tur-kitap","9":"pa_yayinevi-edebi-seyler","10":"pa_yazar-samuel-farber","12":"first","13":"instock","14":"sale","15":"shipping-taxable","16":"purchasable","17":"product-type-simple"},"_links":{"self":[{"href":"https:\/\/roveyayinevi.com.tr\/index.php\/wp-json\/wp\/v2\/product\/779415","targetHints":{"allow":["GET"]}}],"collection":[{"href":"https:\/\/roveyayinevi.com.tr\/index.php\/wp-json\/wp\/v2\/product"}],"about":[{"href":"https:\/\/roveyayinevi.com.tr\/index.php\/wp-json\/wp\/v2\/types\/product"}],"wp:attachment":[{"href":"https:\/\/roveyayinevi.com.tr\/index.php\/wp-json\/wp\/v2\/media?parent=779415"}],"wp:term":[{"taxonomy":"product_brand","embeddable":true,"href":"https:\/\/roveyayinevi.com.tr\/index.php\/wp-json\/wp\/v2\/product_brand?post=779415"},{"taxonomy":"product_cat","embeddable":true,"href":"https:\/\/roveyayinevi.com.tr\/index.php\/wp-json\/wp\/v2\/product_cat?post=779415"},{"taxonomy":"product_tag","embeddable":true,"href":"https:\/\/roveyayinevi.com.tr\/index.php\/wp-json\/wp\/v2\/product_tag?post=779415"}],"curies":[{"name":"wp","href":"https:\/\/api.w.org\/{rel}","templated":true}]}}