{"id":779414,"date":"2025-12-30T11:52:46","date_gmt":"2025-12-30T08:52:46","guid":{"rendered":"https:\/\/roveyayinevi.com.tr\/index.php\/urun\/dort-kapi-bir-oda\/"},"modified":"2026-04-15T03:44:08","modified_gmt":"2026-04-15T00:44:08","slug":"dort-kapi-bir-oda","status":"publish","type":"product","link":"https:\/\/roveyayinevi.com.tr\/index.php\/urun\/dort-kapi-bir-oda\/","title":{"rendered":"D\u00f6rt Kap\u0131 Bir Oda"},"content":{"rendered":"<p>Bipolar Bozuklu\u011fa insani bir pencereden bakmaya davetlisiniz: Ya\u015fam\u0131n bir rengi, \u00e7e\u015fitlili\u011fin bir yans\u0131mas\u0131 olarak g\u00f6rmeye\u2026   Bipolar Bozukluk \u00e7o\u011fu zaman bir tan\u0131dan ibaret g\u00f6r\u00fcl\u00fcr. Oysa D\u00f6rt Kap\u0131 Bir Oda, Bipolar Bozuklu\u011fu t\u0131bbi bir mesele olman\u0131n yan\u0131nda, insan deneyiminin bir par\u00e7as\u0131 olarak ele al\u0131yor; okura o tan\u0131n\u0131n ard\u0131ndaki insan\u0131, o insan\u0131n ard\u0131ndaki hayat\u0131 g\u00f6steriyor.     Dr. Dilek Ye\u015filba\u015f\u2019\u0131n sade bir dille kaleme ald\u0131\u011f\u0131 kitap, d\u00f6rt farkl\u0131 insan hik\u00e2yesi arac\u0131l\u0131\u011f\u0131yla Bipolar Bozuklu\u011fu olan ki\u015filerin ve yak\u0131nlar\u0131n\u0131n kar\u015f\u0131la\u015ft\u0131\u011f\u0131 zorluklara \u0131\u015f\u0131k tutmay\u0131 ama\u00e7l\u0131yor. Aile ya\u015fam\u0131, \u00e7ocuk sahibi olmak, i\u015f hayat\u0131, sosyal hayat ve toplumsal etkiler gibi \u00e7e\u015fitli konulardaki sorulara yan\u0131t veriyor.     Okuru Bipolar Bozuklu\u011fun do\u011fas\u0131, tedavi y\u00f6ntemleri ve e\u015flik eden ba\u015fka rahats\u0131zl\u0131klar hakk\u0131nda bilgilendirirken yayg\u0131n yanl\u0131\u015f kabullere ve \u00f6nyarg\u0131lara de\u011finiyor.     Ruhsal rahats\u0131zl\u0131klar hakk\u0131nda do\u011fruyla yanl\u0131\u015f\u0131 ay\u0131rt etmenin zorla\u015ft\u0131\u011f\u0131 bu g\u00fcnlerde, Dr. Ye\u015filba\u015f\u2019\u0131n D\u00f6rt Kap\u0131 Bir Oda kitab\u0131, Bipolar Bozukluk ile ilgili do\u011fru bilgilerin yay\u0131lmas\u0131na \u00f6nemli bir katk\u0131 sunacak.     Bu Kitap Neyi\/Neleri De\u011fi\u015ftirecek?  \u00b7           Ruh sa\u011fl\u0131\u011f\u0131 alan\u0131nda fark\u0131ndal\u0131\u011f\u0131 art\u0131rarak psikiyatrik rahats\u0131zl\u0131klara daha empatik yakla\u015fabilmeyi,   \u00b7           Bipolar Bozuklu\u011fu ya\u015fam\u0131n \u00e7e\u015fitlili\u011fine dair bir ger\u00e7eklik olarak g\u00f6rmeyi,  \u00b7           Bipolar Bozukluk ile ya\u015faman\u0131n yaratt\u0131\u011f\u0131 zorluklar\u0131 kolayla\u015ft\u0131racak \u00e7\u00f6z\u00fcmlerin oldu\u011funu fark etmeyi,  \u00b7           Bipolar Bozukluk ile ya\u015fayanlar\u0131n ve yak\u0131nlar\u0131n\u0131n yaln\u0131z olmad\u0131klar\u0131n\u0131 hissetmelerini; alabilecekleri t\u00fcm destekler hakk\u0131nda fikir sahibi olmalar\u0131n\u0131,  \u00b7           Kabullenmenin, dengeyi bulman\u0131n ve birlikte iyile\u015fmenin g\u00fcc\u00fcn\u00fc ke\u015ffetmeyi,  sa\u011flayarak Bipolar Bozuklukla ilgili t\u00fcm kafa kar\u0131\u015f\u0131kl\u0131\u011f\u0131n\u0131 giderip bu konuya bak\u0131\u015f\u0131 k\u00f6kten de\u011fi\u015ftirecek.      Kap\u0131lar\u0131n Ard\u0131ndaki Bipolar Bozukluk Hik\u00e2yeleri  Dr. Dilek Ye\u015filba\u015f, y\u0131llara dayanan mesleki tan\u0131kl\u0131klar\u0131n\u0131 d\u00f6rt hik\u00e2ye \u00fczerinden payla\u015f\u0131yor. Ayn\u0131 zamanda kitab\u0131n b\u00f6l\u00fcmlerini de olu\u015fturan her bir hik\u00e2ye, terapi odas\u0131na a\u00e7\u0131lan bir kap\u0131 ile simgeleniyor. Dirayet, S\u00fck\u00fbnet, Mizan ve Sebat\u2026     Her b\u00f6l\u00fcmde Bipolar Bozuklu\u011fun farkl\u0131 tiplerine ili\u015fkin bilgiler hik\u00e2yedeki karakterler \u00fczerinden anlat\u0131l\u0131yor: Dirayet\u2019te Tip 1 tan\u0131s\u0131 alm\u0131\u015f olan Hasret\u2019in, S\u00fck\u00fbnet\u2019te \u015eizoaffektif Bozukluk tan\u0131s\u0131 alan Ya\u011f\u0131z\u2019\u0131n, Mizan\u2019da Bipolar Bozuklu\u011fun H\u0131zl\u0131 D\u00f6ng\u00fcl\u00fc t\u00fcr\u00fcn\u00fc ya\u015fayan Berk\u2019in annesi Zuhal Han\u0131m\u2019\u0131n ve Sebat\u2019ta ise hem Bipolar Bozukluk Tip 2 hem de Borderline Ki\u015filik Bozuklu\u011fu olan Gizem\u2019in ba\u015f\u0131ndan ge\u00e7enlere tan\u0131kl\u0131k ediyoruz.    Kitab\u0131n sonunda herkesin akl\u0131na tak\u0131lan sorulara yan\u0131t veren bir soru-cevap b\u00f6l\u00fcm\u00fc de bulunuyor.    D\u00f6rt Kap\u0131 Bir Oda, psikiyatrik bilgiyi insani sezgiyle birle\u015ftirerek, umudu diri tutan bir anlat\u0131\u2026     <\/p>\n","protected":false},"excerpt":{"rendered":"<p>Bipolar Bozuklu\u011fa insani bir pencereden bakmaya davetlisiniz: Ya\u015fam\u0131n bir rengi, \u00e7e\u015fitlili\u011fin bir yans\u0131mas\u0131 olarak g\u00f6rmeye\u2026 Bipolar Bozukluk \u00e7o\u011fu zaman bir tan\u0131dan ibaret g\u00f6r\u00fcl\u00fcr. Oysa D\u00f6rt Kap\u0131<span class=\"excerpt-hellip\"> [\u2026]<\/span><\/p>\n","protected":false},"featured_media":0,"template":"","meta":{"_monsterinsights_skip_tracking":false,"_monsterinsights_sitenote_active":false,"_monsterinsights_sitenote_note":"","_monsterinsights_sitenote_category":0},"product_brand":[],"product_cat":[12357],"product_tag":[],"class_list":{"0":"post-779414","1":"product","2":"type-product","3":"status-publish","5":"product_cat-psikoloji","6":"pa_cilt-ciltsiz","7":"pa_tur-kitap","8":"pa_yayinevi-okuyan-us-yayin","9":"pa_yazar-dilek-yesilbas","11":"first","12":"instock","13":"sale","14":"shipping-taxable","15":"purchasable","16":"product-type-simple"},"_links":{"self":[{"href":"https:\/\/roveyayinevi.com.tr\/index.php\/wp-json\/wp\/v2\/product\/779414","targetHints":{"allow":["GET"]}}],"collection":[{"href":"https:\/\/roveyayinevi.com.tr\/index.php\/wp-json\/wp\/v2\/product"}],"about":[{"href":"https:\/\/roveyayinevi.com.tr\/index.php\/wp-json\/wp\/v2\/types\/product"}],"wp:attachment":[{"href":"https:\/\/roveyayinevi.com.tr\/index.php\/wp-json\/wp\/v2\/media?parent=779414"}],"wp:term":[{"taxonomy":"product_brand","embeddable":true,"href":"https:\/\/roveyayinevi.com.tr\/index.php\/wp-json\/wp\/v2\/product_brand?post=779414"},{"taxonomy":"product_cat","embeddable":true,"href":"https:\/\/roveyayinevi.com.tr\/index.php\/wp-json\/wp\/v2\/product_cat?post=779414"},{"taxonomy":"product_tag","embeddable":true,"href":"https:\/\/roveyayinevi.com.tr\/index.php\/wp-json\/wp\/v2\/product_tag?post=779414"}],"curies":[{"name":"wp","href":"https:\/\/api.w.org\/{rel}","templated":true}]}}