{"id":779412,"date":"2025-12-30T11:52:41","date_gmt":"2025-12-30T08:52:41","guid":{"rendered":"https:\/\/roveyayinevi.com.tr\/index.php\/urun\/yapi-statigi\/"},"modified":"2026-04-15T03:44:08","modified_gmt":"2026-04-15T00:44:08","slug":"yapi-statigi","status":"publish","type":"product","link":"https:\/\/roveyayinevi.com.tr\/index.php\/urun\/yapi-statigi\/","title":{"rendered":"Yap\u0131 Stati\u011fi"},"content":{"rendered":"<p>Bu eser, yap\u0131 stati\u011fi disiplininin temel kavramlar\u0131n\u0131 sistematik bir yakla\u015f\u0131mla ele al\u0131rken, farkl\u0131 ta\u015f\u0131y\u0131c\u0131 sistem t\u00fcrlerinin davran\u0131\u015f\u0131n\u0131 kuramsal ve uygulamal\u0131 \u00f6rneklerle a\u00e7\u0131klamaktad\u0131r. M\u00fchendislik e\u011fitimine ve uygulamalar\u0131na y\u00f6nelik kapsaml\u0131 bir kaynak niteli\u011fi ta\u015f\u0131r. <\/p>\n","protected":false},"excerpt":{"rendered":"<p>Bu eser, yap\u0131 stati\u011fi disiplininin temel kavramlar\u0131n\u0131 sistematik bir yakla\u015f\u0131mla ele al\u0131rken, farkl\u0131 ta\u015f\u0131y\u0131c\u0131 sistem t\u00fcrlerinin davran\u0131\u015f\u0131n\u0131 kuramsal ve uygulamal\u0131 \u00f6rneklerle a\u00e7\u0131klamaktad\u0131r. M\u00fchendislik e\u011fitimine ve uygulamalar\u0131na<span class=\"excerpt-hellip\"> [\u2026]<\/span><\/p>\n","protected":false},"featured_media":0,"template":"","meta":{"_monsterinsights_skip_tracking":false,"_monsterinsights_sitenote_active":false,"_monsterinsights_sitenote_note":"","_monsterinsights_sitenote_category":0},"product_brand":[],"product_cat":[13005,37328],"product_tag":[],"class_list":{"0":"post-779412","1":"product","2":"type-product","3":"status-publish","5":"product_cat-bilim-muhendislik","6":"product_cat-diger-bilim-muhendislik","7":"pa_cilt-ciltsiz","8":"pa_tur-kitap","9":"pa_yayinevi-istanbul-sabahattin-zaim-universitesi","10":"pa_yazar-sadettin-okten","12":"first","13":"instock","14":"sale","15":"shipping-taxable","16":"purchasable","17":"product-type-simple"},"_links":{"self":[{"href":"https:\/\/roveyayinevi.com.tr\/index.php\/wp-json\/wp\/v2\/product\/779412","targetHints":{"allow":["GET"]}}],"collection":[{"href":"https:\/\/roveyayinevi.com.tr\/index.php\/wp-json\/wp\/v2\/product"}],"about":[{"href":"https:\/\/roveyayinevi.com.tr\/index.php\/wp-json\/wp\/v2\/types\/product"}],"wp:attachment":[{"href":"https:\/\/roveyayinevi.com.tr\/index.php\/wp-json\/wp\/v2\/media?parent=779412"}],"wp:term":[{"taxonomy":"product_brand","embeddable":true,"href":"https:\/\/roveyayinevi.com.tr\/index.php\/wp-json\/wp\/v2\/product_brand?post=779412"},{"taxonomy":"product_cat","embeddable":true,"href":"https:\/\/roveyayinevi.com.tr\/index.php\/wp-json\/wp\/v2\/product_cat?post=779412"},{"taxonomy":"product_tag","embeddable":true,"href":"https:\/\/roveyayinevi.com.tr\/index.php\/wp-json\/wp\/v2\/product_tag?post=779412"}],"curies":[{"name":"wp","href":"https:\/\/api.w.org\/{rel}","templated":true}]}}