{"id":779411,"date":"2025-12-30T11:52:38","date_gmt":"2025-12-30T08:52:38","guid":{"rendered":"https:\/\/roveyayinevi.com.tr\/index.php\/urun\/arden-2-ciltli-kutulu-set\/"},"modified":"2026-04-15T03:44:08","modified_gmt":"2026-04-15T00:44:08","slug":"arden-2-ciltli-kutulu-set","status":"publish","type":"product","link":"https:\/\/roveyayinevi.com.tr\/index.php\/urun\/arden-2-ciltli-kutulu-set\/","title":{"rendered":"Arden 2 (Ciltli-Kutulu Set)"},"content":{"rendered":"<p>Kutu \u0130\u00e7eri\u011fi: \u00fc Ciltli Kitap \u00fc 5 Adet Karakter Kart\u0131 \u00fc Pleksi Ayra\u00e7 \u00fc Defter \u00fc Poster \u00fc Ayra\u00e7 \u00fc Rozet \u00fc \u00c7engel Bulmaca Sticker Seti<\/p>\n","protected":false},"excerpt":{"rendered":"<p>Kutu \u0130\u00e7eri\u011fi: \u00fc Ciltli Kitap \u00fc 5 Adet Karakter Kart\u0131 \u00fc Pleksi Ayra\u00e7 \u00fc Defter \u00fc Poster \u00fc Ayra\u00e7 \u00fc Rozet \u00fc \u00c7engel Bulmaca Sticker Seti<\/p>\n","protected":false},"featured_media":0,"template":"","meta":{"_monsterinsights_skip_tracking":false,"_monsterinsights_sitenote_active":false,"_monsterinsights_sitenote_note":"","_monsterinsights_sitenote_category":0},"product_brand":[],"product_cat":[12291,17033],"product_tag":[],"class_list":{"0":"post-779411","1":"product","2":"type-product","3":"status-publish","5":"product_cat-edebiyat","6":"product_cat-korku-gerilim","7":"pa_cilt-ciltli","8":"pa_tur-kitap","9":"pa_yayinevi-artemis-yayinlari","10":"pa_yazar-isil-isik","12":"first","13":"instock","14":"sale","15":"shipping-taxable","16":"purchasable","17":"product-type-simple"},"_links":{"self":[{"href":"https:\/\/roveyayinevi.com.tr\/index.php\/wp-json\/wp\/v2\/product\/779411","targetHints":{"allow":["GET"]}}],"collection":[{"href":"https:\/\/roveyayinevi.com.tr\/index.php\/wp-json\/wp\/v2\/product"}],"about":[{"href":"https:\/\/roveyayinevi.com.tr\/index.php\/wp-json\/wp\/v2\/types\/product"}],"wp:attachment":[{"href":"https:\/\/roveyayinevi.com.tr\/index.php\/wp-json\/wp\/v2\/media?parent=779411"}],"wp:term":[{"taxonomy":"product_brand","embeddable":true,"href":"https:\/\/roveyayinevi.com.tr\/index.php\/wp-json\/wp\/v2\/product_brand?post=779411"},{"taxonomy":"product_cat","embeddable":true,"href":"https:\/\/roveyayinevi.com.tr\/index.php\/wp-json\/wp\/v2\/product_cat?post=779411"},{"taxonomy":"product_tag","embeddable":true,"href":"https:\/\/roveyayinevi.com.tr\/index.php\/wp-json\/wp\/v2\/product_tag?post=779411"}],"curies":[{"name":"wp","href":"https:\/\/api.w.org\/{rel}","templated":true}]}}