{"id":779410,"date":"2025-12-30T11:52:36","date_gmt":"2025-12-30T08:52:36","guid":{"rendered":"https:\/\/roveyayinevi.com.tr\/index.php\/urun\/t-c-bize-devlet-kursun-imrali-tutanaklariyla-ihanetin-kodlari\/"},"modified":"2026-04-15T03:44:08","modified_gmt":"2026-04-15T00:44:08","slug":"t-c-bize-devlet-kursun-imrali-tutanaklariyla-ihanetin-kodlari","status":"publish","type":"product","link":"https:\/\/roveyayinevi.com.tr\/index.php\/urun\/t-c-bize-devlet-kursun-imrali-tutanaklariyla-ihanetin-kodlari\/","title":{"rendered":"T.C. Bize Devlet Kursun \u2013 \u0130mral\u0131 Tutanaklar\u0131yla \u0130hanetin Kodlar\u0131"},"content":{"rendered":"<p>Bar\u0131\u015f g\u00fcvercinleri, demokratik toplum, demokratik cumhuriyet, entegrasyon, umut hakk\u0131 sloganlar\u0131yla icra edilmi\u015f b\u00fcy\u00fck bir operasyon tiyatrosunun haz\u0131rlanan son perdesi gizli belgeleriyle sunuluyor. Cumhuriyet\u2019in tasfiyesini, \u00fcniter b\u00fct\u00fcnl\u00fc\u011f\u00fcn da\u011f\u0131t\u0131ld\u0131\u011f\u0131n\u0131, T\u00fcrk milletinin etnik ve mezhepsel d\u00fczeyde parampar\u00e7a edildi\u011fini g\u00f6rmeyi arzulay\u0131p Amerikan bayra\u011f\u0131n\u0131 g\u00f6ndere \u00e7eken i\u015f birlik\u00e7ilerin \u201cK\u00fcrdistan\u201d h\u00fclyalar\u0131 if\u015fa ve mahk\u00fbm ediliyor. On y\u0131llard\u0131r emperyalist merkezlerin garant\u00f6rl\u00fc\u011f\u00fcnde T\u00fcrk milletinin egemenli\u011fine sald\u0131r\u0131y\u0131 \u015fiar edinmi\u015f g\u00fcruhlar\u0131n ger\u00e7ek emelleri de\u015fifre ediliyor. PKK a\u00e7\u0131l\u0131m\u0131n\u0131n t\u00fcm gizli y\u00f6nleri, siyasilerin saklad\u0131\u011f\u0131 s\u0131rlar\u0131, \u0130mral\u0131 tutanaklar\u0131yla ortaya \u00e7\u0131kar\u0131yoruz! &#8211;              T\u00fcrkiye hamili\u011finde K\u00fcrdistan projesi nedir? &#8211;              T\u00fcrk vatanda\u015fl\u0131\u011f\u0131 tan\u0131m\u0131nda Saray&#8217;\u0131n tuza\u011f\u0131 &#8211;              \u00d6calan\u2019\u0131n ortaklar\u0131 Suriye\u2019yi nas\u0131l b\u00f6ld\u00fc? &#8211;              \u00d6calan\u2019\u0131n eyleme ge\u00e7irmek istedi\u011fi \u201c\u00f6z savunma\u201d birlikleri nedir? &#8211;              Anayasa pazarl\u0131\u011f\u0131n\u0131n perde arkas\u0131nda ne var? &#8211;              S\u00f6zde silah b\u0131rakanlar ter\u00f6ristlikten emekli mi oldu? &#8211;              \u00d6calan\u2019\u0131n ortaya att\u0131\u011f\u0131 \u201ce\u015fit yurtta\u015fl\u0131k\u201d kavram\u0131 ne anlama geliyor? &#8211;              B\u00f6l\u00fcc\u00fcl\u00fck nas\u0131l kamufle ediliyor? &#8211;              \u00d6zerkli\u011fe giden PKK a\u00e7\u0131l\u0131m tiyatrosunun s\u0131rlar\u0131 neler? <\/p>\n","protected":false},"excerpt":{"rendered":"<p>Bar\u0131\u015f g\u00fcvercinleri, demokratik toplum, demokratik cumhuriyet, entegrasyon, umut hakk\u0131 sloganlar\u0131yla icra edilmi\u015f b\u00fcy\u00fck bir operasyon tiyatrosunun haz\u0131rlanan son perdesi gizli belgeleriyle sunuluyor. Cumhuriyet\u2019in tasfiyesini, \u00fcniter b\u00fct\u00fcnl\u00fc\u011f\u00fcn<span class=\"excerpt-hellip\"> [\u2026]<\/span><\/p>\n","protected":false},"featured_media":0,"template":"","meta":{"_monsterinsights_skip_tracking":false,"_monsterinsights_sitenote_active":false,"_monsterinsights_sitenote_note":"","_monsterinsights_sitenote_category":0},"product_brand":[],"product_cat":[13590,12337],"product_tag":[],"class_list":{"0":"post-779410","1":"product","2":"type-product","3":"status-publish","5":"product_cat-arastirma-inceleme-politika-siyaset","6":"product_cat-politika-siyaset","7":"pa_cilt-ciltsiz","8":"pa_tur-kitap","9":"pa_yayinevi-pankus-yayinlari","10":"pa_yazar-erdem-atay-eray-celebi","12":"first","13":"instock","14":"sale","15":"shipping-taxable","16":"purchasable","17":"product-type-simple"},"_links":{"self":[{"href":"https:\/\/roveyayinevi.com.tr\/index.php\/wp-json\/wp\/v2\/product\/779410","targetHints":{"allow":["GET"]}}],"collection":[{"href":"https:\/\/roveyayinevi.com.tr\/index.php\/wp-json\/wp\/v2\/product"}],"about":[{"href":"https:\/\/roveyayinevi.com.tr\/index.php\/wp-json\/wp\/v2\/types\/product"}],"wp:attachment":[{"href":"https:\/\/roveyayinevi.com.tr\/index.php\/wp-json\/wp\/v2\/media?parent=779410"}],"wp:term":[{"taxonomy":"product_brand","embeddable":true,"href":"https:\/\/roveyayinevi.com.tr\/index.php\/wp-json\/wp\/v2\/product_brand?post=779410"},{"taxonomy":"product_cat","embeddable":true,"href":"https:\/\/roveyayinevi.com.tr\/index.php\/wp-json\/wp\/v2\/product_cat?post=779410"},{"taxonomy":"product_tag","embeddable":true,"href":"https:\/\/roveyayinevi.com.tr\/index.php\/wp-json\/wp\/v2\/product_tag?post=779410"}],"curies":[{"name":"wp","href":"https:\/\/api.w.org\/{rel}","templated":true}]}}