{"id":779409,"date":"2025-12-30T11:52:32","date_gmt":"2025-12-30T08:52:32","guid":{"rendered":"https:\/\/roveyayinevi.com.tr\/index.php\/urun\/parmak-boyama-resim-kadar-guzel\/"},"modified":"2026-04-15T03:44:08","modified_gmt":"2026-04-15T00:44:08","slug":"parmak-boyama-resim-kadar-guzel","status":"publish","type":"product","link":"https:\/\/roveyayinevi.com.tr\/index.php\/urun\/parmak-boyama-resim-kadar-guzel\/","title":{"rendered":"Parmak Boyama-Resim Kadar G\u00fczel"},"content":{"rendered":"<p>*Patates Bask\u0131 *Parmak Boyama *\u00c7izim   \u00c7ocu\u011funuzun hayal g\u00fcc\u00fcn\u00fc harekete ge\u00e7irecek harika bir ba\u015flang\u0131\u00e7 seti!   Bu setin i\u00e7inde tatl\u0131 m\u0131 tatl\u0131 \u00e7izimler ve miniklere uygun, kolay anla\u015f\u0131l\u0131r metinler yer al\u0131yor.   Be\u015f farkl\u0131 renkteki boya ve pek \u00e7ok e\u011flenceli etkinlikle dolu bu e\u011flenceli set sayesinde \u00e7ocuklar parmak boyama yapacak, patates bask\u0131 basacak, yaratacak ve s\u00fcsleyecek. Resim Kadar G\u00fczel Parmak Boyama&#8217;yla haydi resim yapal\u0131m. <\/p>\n","protected":false},"excerpt":{"rendered":"<p>*Patates Bask\u0131 *Parmak Boyama *\u00c7izim \u00c7ocu\u011funuzun hayal g\u00fcc\u00fcn\u00fc harekete ge\u00e7irecek harika bir ba\u015flang\u0131\u00e7 seti! Bu setin i\u00e7inde tatl\u0131 m\u0131 tatl\u0131 \u00e7izimler ve miniklere uygun, kolay anla\u015f\u0131l\u0131r<span class=\"excerpt-hellip\"> [\u2026]<\/span><\/p>\n","protected":false},"featured_media":0,"template":"","meta":{"_monsterinsights_skip_tracking":false,"_monsterinsights_sitenote_active":false,"_monsterinsights_sitenote_note":"","_monsterinsights_sitenote_category":0},"product_brand":[],"product_cat":[12644,12274],"product_tag":[],"class_list":{"0":"post-779409","1":"product","2":"type-product","3":"status-publish","5":"product_cat-boyama-kitaplari","6":"product_cat-cocuk-ve-genclik-kitaplari","7":"pa_cilt-ciltsiz","8":"pa_tur-kitap","9":"pa_yayinevi-net-cocuk-yayinlari","10":"pa_yazar-kolektif","12":"first","13":"instock","14":"sale","15":"shipping-taxable","16":"purchasable","17":"product-type-simple"},"_links":{"self":[{"href":"https:\/\/roveyayinevi.com.tr\/index.php\/wp-json\/wp\/v2\/product\/779409","targetHints":{"allow":["GET"]}}],"collection":[{"href":"https:\/\/roveyayinevi.com.tr\/index.php\/wp-json\/wp\/v2\/product"}],"about":[{"href":"https:\/\/roveyayinevi.com.tr\/index.php\/wp-json\/wp\/v2\/types\/product"}],"wp:attachment":[{"href":"https:\/\/roveyayinevi.com.tr\/index.php\/wp-json\/wp\/v2\/media?parent=779409"}],"wp:term":[{"taxonomy":"product_brand","embeddable":true,"href":"https:\/\/roveyayinevi.com.tr\/index.php\/wp-json\/wp\/v2\/product_brand?post=779409"},{"taxonomy":"product_cat","embeddable":true,"href":"https:\/\/roveyayinevi.com.tr\/index.php\/wp-json\/wp\/v2\/product_cat?post=779409"},{"taxonomy":"product_tag","embeddable":true,"href":"https:\/\/roveyayinevi.com.tr\/index.php\/wp-json\/wp\/v2\/product_tag?post=779409"}],"curies":[{"name":"wp","href":"https:\/\/api.w.org\/{rel}","templated":true}]}}