{"id":779408,"date":"2025-12-30T11:52:29","date_gmt":"2025-12-30T08:52:29","guid":{"rendered":"https:\/\/roveyayinevi.com.tr\/index.php\/urun\/parmak-boyama-dinozorlar\/"},"modified":"2026-04-15T03:44:07","modified_gmt":"2026-04-15T00:44:07","slug":"parmak-boyama-dinozorlar","status":"publish","type":"product","link":"https:\/\/roveyayinevi.com.tr\/index.php\/urun\/parmak-boyama-dinozorlar\/","title":{"rendered":"Parmak Boyama-Dinozorlar"},"content":{"rendered":"<p>*Patates Bask\u0131 *Parmak Boyama *\u00c7izim \u00c7ocu\u011funuzun hayal g\u00fcc\u00fcn\u00fc harekete ge\u00e7irecek harika bir ba\u015flang\u0131\u00e7 seti ! Bu setin i\u00e7inde k\u00fckremeye haz\u0131r dinozor \u00e7izimleri ve miniklere uygun,kolay anla\u015f\u0131l\u0131r metinler yer al\u0131yor. Be\u015f farkl\u0131 renkteki boya ve pek \u00e7ok dinozor temal\u0131 etkinliklerle dolu bu e\u011flenceli set sayesinde \u00e7ocuklar parmak boyama yapacak,patates bask\u0131 basacak,yaratacak ve s\u00fcsleyecek.Dinozorlar Parmak Boyama ile haydi ke\u015ffedelim. <\/p>\n","protected":false},"excerpt":{"rendered":"<p>*Patates Bask\u0131 *Parmak Boyama *\u00c7izim \u00c7ocu\u011funuzun hayal g\u00fcc\u00fcn\u00fc harekete ge\u00e7irecek harika bir ba\u015flang\u0131\u00e7 seti ! Bu setin i\u00e7inde k\u00fckremeye haz\u0131r dinozor \u00e7izimleri ve miniklere uygun,kolay anla\u015f\u0131l\u0131r<span class=\"excerpt-hellip\"> [\u2026]<\/span><\/p>\n","protected":false},"featured_media":0,"template":"","meta":{"_monsterinsights_skip_tracking":false,"_monsterinsights_sitenote_active":false,"_monsterinsights_sitenote_note":"","_monsterinsights_sitenote_category":0},"product_brand":[],"product_cat":[12644,12274],"product_tag":[],"class_list":{"0":"post-779408","1":"product","2":"type-product","3":"status-publish","5":"product_cat-boyama-kitaplari","6":"product_cat-cocuk-ve-genclik-kitaplari","7":"pa_cilt-ciltsiz","8":"pa_tur-kitap","9":"pa_yayinevi-net-cocuk-yayinlari","10":"pa_yazar-kolektif","12":"first","13":"instock","14":"sale","15":"shipping-taxable","16":"purchasable","17":"product-type-simple"},"_links":{"self":[{"href":"https:\/\/roveyayinevi.com.tr\/index.php\/wp-json\/wp\/v2\/product\/779408","targetHints":{"allow":["GET"]}}],"collection":[{"href":"https:\/\/roveyayinevi.com.tr\/index.php\/wp-json\/wp\/v2\/product"}],"about":[{"href":"https:\/\/roveyayinevi.com.tr\/index.php\/wp-json\/wp\/v2\/types\/product"}],"wp:attachment":[{"href":"https:\/\/roveyayinevi.com.tr\/index.php\/wp-json\/wp\/v2\/media?parent=779408"}],"wp:term":[{"taxonomy":"product_brand","embeddable":true,"href":"https:\/\/roveyayinevi.com.tr\/index.php\/wp-json\/wp\/v2\/product_brand?post=779408"},{"taxonomy":"product_cat","embeddable":true,"href":"https:\/\/roveyayinevi.com.tr\/index.php\/wp-json\/wp\/v2\/product_cat?post=779408"},{"taxonomy":"product_tag","embeddable":true,"href":"https:\/\/roveyayinevi.com.tr\/index.php\/wp-json\/wp\/v2\/product_tag?post=779408"}],"curies":[{"name":"wp","href":"https:\/\/api.w.org\/{rel}","templated":true}]}}