{"id":779406,"date":"2025-12-30T11:52:24","date_gmt":"2025-12-30T08:52:24","guid":{"rendered":"https:\/\/roveyayinevi.com.tr\/index.php\/urun\/2026-semboller-ve-ritueller-ajandasi\/"},"modified":"2026-04-15T03:44:07","modified_gmt":"2026-04-15T00:44:07","slug":"2026-semboller-ve-ritueller-ajandasi","status":"publish","type":"product","link":"https:\/\/roveyayinevi.com.tr\/index.php\/urun\/2026-semboller-ve-ritueller-ajandasi\/","title":{"rendered":"2026 Semboller Ve Rit\u00fceller Ajandas\u0131"},"content":{"rendered":"<p>2026 SEMBOLLER ve R\u0130T\u00dcELLER AJANDASI Ho\u015f Geldin Sevgili Yolcu, Bu ajanda, sembollerin ve rit\u00fcellerin rehberli\u011fiyle i\u00e7sel bir d\u00f6n\u00fc\u015f\u00fcm yolculu\u011fudur. \u201cAjanda\u201d denilince akla gelen al\u0131\u015f\u0131ld\u0131k kal\u0131plar\u0131n \u00e7ok \u00f6tesine ge\u00e7en, sezgiyle, sab\u0131rla ve incelikli bir emekle dokunmu\u015f bir ya\u015fam deneyimidir. Y\u0131l boyunca sana e\u015flik ederken y\u0131l\u0131n her g\u00fcn\u00fc sana bir sembol, bir rit\u00fcel veya bir niyet sunacak. Ay\u2019\u0131n d\u00f6ng\u00fcleriyle ritim tutan, do\u011fan\u0131n kadim bilgeli\u011fiyle akan, Semboller ve Rit\u00fceller Ajandas\u0131; seni kendini ke\u015ffetmeye, potansiyelini g\u00f6rmeye, niyetini hat\u0131rlamaya davet ediyor. Kadim k\u00fclt\u00fcrlerin bilgeli\u011finden, do\u011fadan ve astrolojinin pusulas\u0131ndan ilham alabilirsin. Her ay bir tema, sembol ve y\u00f6n e\u015fli\u011finde, i\u00e7sel yolculu\u011funda ilerleyebilirsin. Her hafta bir rit\u00fcel, her g\u00fcn bir fark\u0131ndal\u0131k alan\u0131 ile hayat\u0131nda yeni a\u00e7\u0131l\u0131mlara yer verebilirsin. Ay d\u00f6ng\u00fcleri, mevsimler, elementler ve semboller arac\u0131l\u0131\u011f\u0131yla, g\u00fcndelik ya\u015fam\u0131nda i\u00e7 sesinle daha derin bir ba\u011f kurabilirsin. \u015eimdi, bu ajanday\u0131 eline alarak y\u0131l boyunca s\u00fcrecek i\u00e7sel d\u00f6n\u00fc\u015f\u00fcm yolculu\u011funda ilk ad\u0131m\u0131 at\u0131yorsun. Bu yolculu\u011fa e\u015flik etmek \u00fczere \u00f6zel haz\u0131rlanan 12 Sembol Kart\u0131 da seninle birlikte olacak. \u0130yi yolculuklar\u2026<\/p>\n","protected":false},"excerpt":{"rendered":"<p>2026 SEMBOLLER ve R\u0130T\u00dcELLER AJANDASI Ho\u015f Geldin Sevgili Yolcu, Bu ajanda, sembollerin ve rit\u00fcellerin rehberli\u011fiyle i\u00e7sel bir d\u00f6n\u00fc\u015f\u00fcm yolculu\u011fudur. \u201cAjanda\u201d denilince akla gelen al\u0131\u015f\u0131ld\u0131k kal\u0131plar\u0131n \u00e7ok<span class=\"excerpt-hellip\"> [\u2026]<\/span><\/p>\n","protected":false},"featured_media":0,"template":"","meta":{"_monsterinsights_skip_tracking":false,"_monsterinsights_sitenote_active":false,"_monsterinsights_sitenote_note":"","_monsterinsights_sitenote_category":0},"product_brand":[],"product_cat":[12364,12376],"product_tag":[],"class_list":{"0":"post-779406","1":"product","2":"type-product","3":"status-publish","5":"product_cat-genel-konular","6":"product_cat-kisisel-gelisim","7":"pa_cilt-ciltsiz","8":"pa_tur-kitap","9":"pa_yayinevi-kuraldisi-yayinevi","10":"pa_yazar-funda-can","12":"first","13":"instock","14":"sale","15":"shipping-taxable","16":"purchasable","17":"product-type-simple"},"_links":{"self":[{"href":"https:\/\/roveyayinevi.com.tr\/index.php\/wp-json\/wp\/v2\/product\/779406","targetHints":{"allow":["GET"]}}],"collection":[{"href":"https:\/\/roveyayinevi.com.tr\/index.php\/wp-json\/wp\/v2\/product"}],"about":[{"href":"https:\/\/roveyayinevi.com.tr\/index.php\/wp-json\/wp\/v2\/types\/product"}],"wp:attachment":[{"href":"https:\/\/roveyayinevi.com.tr\/index.php\/wp-json\/wp\/v2\/media?parent=779406"}],"wp:term":[{"taxonomy":"product_brand","embeddable":true,"href":"https:\/\/roveyayinevi.com.tr\/index.php\/wp-json\/wp\/v2\/product_brand?post=779406"},{"taxonomy":"product_cat","embeddable":true,"href":"https:\/\/roveyayinevi.com.tr\/index.php\/wp-json\/wp\/v2\/product_cat?post=779406"},{"taxonomy":"product_tag","embeddable":true,"href":"https:\/\/roveyayinevi.com.tr\/index.php\/wp-json\/wp\/v2\/product_tag?post=779406"}],"curies":[{"name":"wp","href":"https:\/\/api.w.org\/{rel}","templated":true}]}}