{"id":779403,"date":"2025-12-30T11:52:14","date_gmt":"2025-12-30T08:52:14","guid":{"rendered":"https:\/\/roveyayinevi.com.tr\/index.php\/urun\/gozyuzuyle-yuz-yuze\/"},"modified":"2026-04-15T03:44:07","modified_gmt":"2026-04-15T00:44:07","slug":"gozyuzuyle-yuz-yuze","status":"publish","type":"product","link":"https:\/\/roveyayinevi.com.tr\/index.php\/urun\/gozyuzuyle-yuz-yuze\/","title":{"rendered":"G\u00f6zy\u00fcz\u00fcyle Y\u00fcz Y\u00fcze"},"content":{"rendered":"<p>G\u00f6ky\u00fcz\u00fcyle Y\u00fcz Y\u00fcze her okuyucuya kendi g\u00f6ky\u00fcz\u00fcyle y\u00fczle\u015fmeye davet ediyor\u2026 \u00dcnl\u00fc \u00e7izer Sel\u00e7uk Demirel\u2019in y\u0131llarca biriktirdi\u011fi notlar\u0131 aforizmalar\u0131, an\u0131lar\u0131, s\u00f6yle\u015fileri ve mektuplar\u0131ndan derlenen G\u00f6ky\u00fcz\u00fcyle Y\u00fcz Y\u00fcze, okuyucular\u0131 g\u00f6ky\u00fcz\u00fcyle seyre davet eden bir varolu\u015f anlat\u0131s\u0131. Yazar defterlerinde s\u0131k s\u0131k yaln\u0131zl\u0131k, zaman, sanat, \u00e7izgi ve ya\u015fam gibi temalar \u00fczerine derin d\u00fc\u015f\u00fcncelere yer verirken, gazete ve dergilerde yay\u0131mlanan s\u00f6yleyi\u015fleri ve r\u00f6portajlar\u0131yla ya\u015fam ve kariyer yolcu\u011funu anlat\u0131yor.   Paris\u2019e ta\u015f\u0131nd\u0131\u011f\u0131 ilk y\u0131llar\u0131nda ya\u015fad\u0131\u011f\u0131 zorluklara, memleket \u00f6zlemine, yeni ve eski dostluklar\u0131na yer verdi\u011fi yaz\u0131lar\u0131nda ve mektuplar\u0131nda samimi payla\u015f\u0131mlar\u0131yla okuyuculara Sel\u00e7uk Demirel\u2019in bilinmeyen i\u00e7 d\u00fcnyas\u0131n\u0131n kap\u0131lar\u0131n\u0131 a\u00e7\u0131yor. Ki\u015fisel anlat\u0131lar\u0131n\u0131n yan\u0131 s\u0131ra 1980\u2019li ve 1990\u2019l\u0131 y\u0131llarda not defterlerine yazd\u0131\u011f\u0131 \u015fiirler, denemeler, \u00e7e\u015fitli kitaplardan aforizmalar, okuma \u00f6nerileri kitab\u0131 edebiyat severler i\u00e7in bir ilham kayna\u011f\u0131na d\u00f6n\u00fc\u015ft\u00fcr\u00fcyor.   Unutulmaz Dostluklar: John Berger, Ferit Edg\u00fc, Abidin Dino, Komet, Ya\u015far Kemal, Latif Demirci\u2026  Kitapta yer alan an\u0131lar ve mektuplar arac\u0131l\u0131\u011f\u0131yla Sel\u00e7uk Demirel, T\u00fcrk ve d\u00fcnya sanat camias\u0131n\u0131n \u00f6nde gelen isimleriyle kurdu\u011fu derin ba\u011flar\u0131 ve bu dostluklar\u0131n sanat\u0131na yans\u0131malar\u0131n\u0131 da okuyucularla payla\u015f\u0131yor. Edebiyat\u00e7\u0131lar, ressamlar ve di\u011fer sanat dallar\u0131ndan \u00f6nemli \u015fahsiyetlerle olan kar\u015f\u0131la\u015fmalar\u0131, sohbetleri ve ortak \u00fcretim s\u00fcre\u00e7leri Demirel\u2019in sadece kendi i\u00e7 d\u00fcnyas\u0131n\u0131 de\u011fil, ayn\u0131 zamanda d\u00f6nemin sanat ortam\u0131n\u0131 da ayd\u0131nlatan e\u015fsiz bir pencere sunuyor. Bu samimi payla\u015f\u0131mlar, okuyuculara sanat\u00e7\u0131lar\u0131n perde arkas\u0131ndaki d\u00fcnyalar\u0131na tan\u0131kl\u0131k etme ve ilham verici ili\u015fkilerin nas\u0131l \u015fekillendi\u011fini g\u00f6rme f\u0131rsat\u0131 veriyor\u2026  Yazar, John Berger\u2019le 30 y\u0131ll\u0131k dostlu\u011fun ilk g\u00fcn\u00fcn\u00fc, Paris\u2019te Komet\u2019le tan\u0131\u015fmas\u0131n\u0131, Orhan Pamuk\u2019la birka\u00e7 kez ya\u015fanan tan\u0131\u015fma an\u0131lar\u0131n\u0131 anlatt\u0131\u011f\u0131 s\u00f6yle\u015filerde samimi payla\u015f\u0131mlara yer veriyor.  <\/p>\n","protected":false},"excerpt":{"rendered":"<p>G\u00f6ky\u00fcz\u00fcyle Y\u00fcz Y\u00fcze her okuyucuya kendi g\u00f6ky\u00fcz\u00fcyle y\u00fczle\u015fmeye davet ediyor\u2026 \u00dcnl\u00fc \u00e7izer Sel\u00e7uk Demirel\u2019in y\u0131llarca biriktirdi\u011fi notlar\u0131 aforizmalar\u0131, an\u0131lar\u0131, s\u00f6yle\u015fileri ve mektuplar\u0131ndan derlenen G\u00f6ky\u00fcz\u00fcyle Y\u00fcz Y\u00fcze,<span class=\"excerpt-hellip\"> [\u2026]<\/span><\/p>\n","protected":false},"featured_media":0,"template":"","meta":{"_monsterinsights_skip_tracking":false,"_monsterinsights_sitenote_active":false,"_monsterinsights_sitenote_note":"","_monsterinsights_sitenote_category":0},"product_brand":[],"product_cat":[12777,12291],"product_tag":[],"class_list":{"0":"post-779403","1":"product","2":"type-product","3":"status-publish","5":"product_cat-deneme","6":"product_cat-edebiyat","7":"pa_cilt-ciltsiz","8":"pa_tur-kitap","9":"pa_yayinevi-okuyan-us-yayin","10":"pa_yazar-selcuk-demirel","12":"first","13":"instock","14":"sale","15":"shipping-taxable","16":"purchasable","17":"product-type-simple"},"_links":{"self":[{"href":"https:\/\/roveyayinevi.com.tr\/index.php\/wp-json\/wp\/v2\/product\/779403","targetHints":{"allow":["GET"]}}],"collection":[{"href":"https:\/\/roveyayinevi.com.tr\/index.php\/wp-json\/wp\/v2\/product"}],"about":[{"href":"https:\/\/roveyayinevi.com.tr\/index.php\/wp-json\/wp\/v2\/types\/product"}],"wp:attachment":[{"href":"https:\/\/roveyayinevi.com.tr\/index.php\/wp-json\/wp\/v2\/media?parent=779403"}],"wp:term":[{"taxonomy":"product_brand","embeddable":true,"href":"https:\/\/roveyayinevi.com.tr\/index.php\/wp-json\/wp\/v2\/product_brand?post=779403"},{"taxonomy":"product_cat","embeddable":true,"href":"https:\/\/roveyayinevi.com.tr\/index.php\/wp-json\/wp\/v2\/product_cat?post=779403"},{"taxonomy":"product_tag","embeddable":true,"href":"https:\/\/roveyayinevi.com.tr\/index.php\/wp-json\/wp\/v2\/product_tag?post=779403"}],"curies":[{"name":"wp","href":"https:\/\/api.w.org\/{rel}","templated":true}]}}