{"id":779402,"date":"2025-12-30T11:52:10","date_gmt":"2025-12-30T08:52:10","guid":{"rendered":"https:\/\/roveyayinevi.com.tr\/index.php\/urun\/soyleyemedigimiz-her-sey\/"},"modified":"2026-04-15T03:44:07","modified_gmt":"2026-04-15T00:44:07","slug":"soyleyemedigimiz-her-sey","status":"publish","type":"product","link":"https:\/\/roveyayinevi.com.tr\/index.php\/urun\/soyleyemedigimiz-her-sey\/","title":{"rendered":"S\u00f6yleyemedi\u011fimiz Her \u015eey"},"content":{"rendered":"<p>\u201cKeder, benimle, en b\u00fcy\u00fck felaketi k\u00f6t\u00fc \u00e7ekilen g\u00f6z kalemi ve u\u00e7u\u015fan sa\u00e7lar olan bir y\u0131l \u00f6nceki aptal k\u0131z aras\u0131nda bir u\u00e7urum a\u00e7t\u0131. Ondan ne \u00e7ok nefret ediyorum. Onu ne \u00e7ok \u00f6zl\u00fcyorum.\u201d   Ella, en yak\u0131n arkada\u015f\u0131 Hayley\u2019nin \u00f6l\u00fcm\u00fcn\u00fcn ard\u0131ndan h\u00e2l\u00e2 kendine gelememi\u015f olsa da okula geri d\u00f6n\u00fcp hayat\u0131na kald\u0131\u011f\u0131 yerden devam etmek zorundad\u0131r.   Pek \u00e7ok karma\u015f\u0131k duyguyla bo\u011fu\u015fan Ella, Hayley\u2019nin g\u00fcnl\u00fc\u011f\u00fcn\u00fc buldu\u011funda onunla yeniden ba\u011f kurabilmek i\u00e7in okumaya ba\u015flar. Fakat sayfalar ilerledik\u00e7e okuduklar\u0131 kar\u015f\u0131s\u0131nda deh\u015fete d\u00fc\u015fer \u00e7\u00fcnk\u00fc Hayley\u2019nin y\u0131llarca saklamaya \u00e7al\u0131\u015ft\u0131\u011f\u0131 karanl\u0131k ge\u00e7mi\u015finin tam ortas\u0131ndad\u0131r.   Harlow Sloan; gen\u00e7 yeti\u015fkinlerin d\u00fcnyas\u0131ndaki yas, depresyon, i\u015flevsiz ebeveynler, \u015fiddet, su\u00e7luluk gibi zorlu konular\u0131 ustal\u0131kla ele al\u0131yor ve son sayfaya kadar elinizden b\u0131rakamayaca\u011f\u0131n\u0131z m\u00fcthi\u015f bir romantik gerilim sunuyor! <\/p>\n","protected":false},"excerpt":{"rendered":"<p>\u201cKeder, benimle, en b\u00fcy\u00fck felaketi k\u00f6t\u00fc \u00e7ekilen g\u00f6z kalemi ve u\u00e7u\u015fan sa\u00e7lar olan bir y\u0131l \u00f6nceki aptal k\u0131z aras\u0131nda bir u\u00e7urum a\u00e7t\u0131. Ondan ne \u00e7ok nefret<span class=\"excerpt-hellip\"> [\u2026]<\/span><\/p>\n","protected":false},"featured_media":0,"template":"","meta":{"_monsterinsights_skip_tracking":false,"_monsterinsights_sitenote_active":false,"_monsterinsights_sitenote_note":"","_monsterinsights_sitenote_category":0},"product_brand":[],"product_cat":[12291,17033],"product_tag":[],"class_list":{"0":"post-779402","1":"product","2":"type-product","3":"status-publish","5":"product_cat-edebiyat","6":"product_cat-korku-gerilim","7":"pa_cilt-ciltsiz","8":"pa_tur-kitap","9":"pa_yayinevi-epsilon-yayinlari","10":"pa_yazar-sloan-harlow","12":"first","13":"instock","14":"sale","15":"shipping-taxable","16":"purchasable","17":"product-type-simple"},"_links":{"self":[{"href":"https:\/\/roveyayinevi.com.tr\/index.php\/wp-json\/wp\/v2\/product\/779402","targetHints":{"allow":["GET"]}}],"collection":[{"href":"https:\/\/roveyayinevi.com.tr\/index.php\/wp-json\/wp\/v2\/product"}],"about":[{"href":"https:\/\/roveyayinevi.com.tr\/index.php\/wp-json\/wp\/v2\/types\/product"}],"wp:attachment":[{"href":"https:\/\/roveyayinevi.com.tr\/index.php\/wp-json\/wp\/v2\/media?parent=779402"}],"wp:term":[{"taxonomy":"product_brand","embeddable":true,"href":"https:\/\/roveyayinevi.com.tr\/index.php\/wp-json\/wp\/v2\/product_brand?post=779402"},{"taxonomy":"product_cat","embeddable":true,"href":"https:\/\/roveyayinevi.com.tr\/index.php\/wp-json\/wp\/v2\/product_cat?post=779402"},{"taxonomy":"product_tag","embeddable":true,"href":"https:\/\/roveyayinevi.com.tr\/index.php\/wp-json\/wp\/v2\/product_tag?post=779402"}],"curies":[{"name":"wp","href":"https:\/\/api.w.org\/{rel}","templated":true}]}}