{"id":779401,"date":"2025-12-30T11:52:07","date_gmt":"2025-12-30T08:52:07","guid":{"rendered":"https:\/\/roveyayinevi.com.tr\/index.php\/urun\/22-metrekare-gokyuzu\/"},"modified":"2026-04-15T03:43:50","modified_gmt":"2026-04-15T00:43:50","slug":"22-metrekare-gokyuzu","status":"publish","type":"product","link":"https:\/\/roveyayinevi.com.tr\/index.php\/urun\/22-metrekare-gokyuzu\/","title":{"rendered":"22 Metrekare G\u00f6ky\u00fcz\u00fc"},"content":{"rendered":"<p>Bu\u011fra G\u00f6kce, \u00e7al\u0131\u015ft\u0131\u011f\u0131 t\u00fcm kamu kurumlar\u0131nda liyakatten taviz vermeyen duru\u015fuyla bilinen, ald\u0131\u011f\u0131 her karar\u0131 vicdan\u0131yla harmanlayan, kent hakk\u0131n\u0131 savunmay\u0131 ya\u015fam bi\u00e7imi olarak kavram\u0131\u015f bir h\u00fcmanist. G\u00f6kce, y\u0131llard\u0131r \u00c7ankaya Belediyesi; \u0130zmir ve \u0130stanbul B\u00fcy\u00fck\u015fehir Belediyelerinde biriktirdi\u011fi deneyimini, en son \u0130stanbul Planlama Ajans\u0131 Ba\u015fkanl\u0131\u011f\u0131yla daha etkin bi\u00e7imde kullan\u0131yordu. Halk\u0131n kaynaklar\u0131n\u0131 yine halk\u00e7\u0131 bir do\u011frultuda kullan\u0131rken, \u201cresmi yalanlara\u201d meydan okuyan ger\u00e7ek verilerle, bilimsel \u00e7al\u0131\u015fmalarla rant odaklar\u0131n\u0131n hedefi h\u00e2line geldi; 19 Mart Operasyonlar\u0131 sonucu haks\u0131z bi\u00e7imde tutukland\u0131! Bu kitap, b\u00fct\u00fcn meslek ya\u015fam\u0131n\u0131 halk\u0131na, \u00fclkesine adam\u0131\u015f bir \u015fehir planc\u0131s\u0131n\u0131n, Cumhuriyet sevdal\u0131s\u0131 bir yurtseverin Silivri Cezaevi\u2019nde tuttu\u011fu notlardan ve G\u00f6kce\u2019nin mesleki, entelekt\u00fcel donan\u0131m\u0131n\u0131 ortaya seren, hedef olu\u015funu a\u00e7\u0131klayan gazeteci g\u00f6r\u00fc\u015flerinden olu\u015fuyor. Ya\u015fad\u0131klar\u0131n\u0131 anlamland\u0131rmaya \u00e7al\u0131\u015f\u0131rken h\u00fcz\u00fcnl\u00fc, h\u00fczne teslim olmayacak kadar inat\u00e7\u0131, d\u00f6rt duvar aras\u0131nda \u00fclkesinin g\u00fcncel sorunlar\u0131na \u00e7are arayacak kadar sorumlu bir insan\u0131n, \u201cplanlama\u201dy\u0131 yerel \u00f6l\u00e7eklerde yeniden imleyen, her sat\u0131r\u0131nda kentin yeniden d\u00fc\u015flenmesi gerekti\u011fini an\u0131msatan bu \u00e7al\u0131\u015fmas\u0131, ta\u015f duvarlar\u0131-tel \u00f6rg\u00fcleri a\u015farak bir d\u00fc\u015f\u00fcncenin pe\u015finde y\u00fcr\u00fcmeye \u00e7a\u011f\u0131r\u0131yor.<\/p>\n","protected":false},"excerpt":{"rendered":"<p>Bu\u011fra G\u00f6kce, \u00e7al\u0131\u015ft\u0131\u011f\u0131 t\u00fcm kamu kurumlar\u0131nda liyakatten taviz vermeyen duru\u015fuyla bilinen, ald\u0131\u011f\u0131 her karar\u0131 vicdan\u0131yla harmanlayan, kent hakk\u0131n\u0131 savunmay\u0131 ya\u015fam bi\u00e7imi olarak kavram\u0131\u015f bir h\u00fcmanist. G\u00f6kce,<span class=\"excerpt-hellip\"> [\u2026]<\/span><\/p>\n","protected":false},"featured_media":0,"template":"","meta":{"_monsterinsights_skip_tracking":false,"_monsterinsights_sitenote_active":false,"_monsterinsights_sitenote_note":"","_monsterinsights_sitenote_category":0},"product_brand":[],"product_cat":[13590,12337],"product_tag":[],"class_list":{"0":"post-779401","1":"product","2":"type-product","3":"status-publish","5":"product_cat-arastirma-inceleme-politika-siyaset","6":"product_cat-politika-siyaset","7":"pa_cilt-ciltsiz","8":"pa_tur-kitap","9":"pa_yayinevi-kirmizi-kedi-yayinevi","10":"pa_yazar-bugra-gokce","12":"first","13":"instock","14":"sale","15":"shipping-taxable","16":"purchasable","17":"product-type-simple"},"_links":{"self":[{"href":"https:\/\/roveyayinevi.com.tr\/index.php\/wp-json\/wp\/v2\/product\/779401","targetHints":{"allow":["GET"]}}],"collection":[{"href":"https:\/\/roveyayinevi.com.tr\/index.php\/wp-json\/wp\/v2\/product"}],"about":[{"href":"https:\/\/roveyayinevi.com.tr\/index.php\/wp-json\/wp\/v2\/types\/product"}],"wp:attachment":[{"href":"https:\/\/roveyayinevi.com.tr\/index.php\/wp-json\/wp\/v2\/media?parent=779401"}],"wp:term":[{"taxonomy":"product_brand","embeddable":true,"href":"https:\/\/roveyayinevi.com.tr\/index.php\/wp-json\/wp\/v2\/product_brand?post=779401"},{"taxonomy":"product_cat","embeddable":true,"href":"https:\/\/roveyayinevi.com.tr\/index.php\/wp-json\/wp\/v2\/product_cat?post=779401"},{"taxonomy":"product_tag","embeddable":true,"href":"https:\/\/roveyayinevi.com.tr\/index.php\/wp-json\/wp\/v2\/product_tag?post=779401"}],"curies":[{"name":"wp","href":"https:\/\/api.w.org\/{rel}","templated":true}]}}