{"id":779398,"date":"2025-12-30T11:51:56","date_gmt":"2025-12-30T08:51:56","guid":{"rendered":"https:\/\/roveyayinevi.com.tr\/index.php\/urun\/ilk-sovyet\/"},"modified":"2026-03-23T03:34:31","modified_gmt":"2026-03-23T00:34:31","slug":"ilk-sovyet","status":"publish","type":"product","link":"https:\/\/roveyayinevi.com.tr\/index.php\/urun\/ilk-sovyet\/","title":{"rendered":"\u0130lk Sovyet"},"content":{"rendered":"<p>Birinci Rus Devrimi olarak da an\u0131lan 1905 Devrimi\u2019nin \u0130vanovo Voznesensk\u2019teki aya\u011f\u0131n\u0131 ve burada i\u015f\u00e7ilerin \u00f6z\u00f6rg\u00fct\u00fc olarak ilk kez \u015fehir \u00f6l\u00e7e\u011finde bir Sovyetin kurulmas\u0131n\u0131 anlatan bu kitap, hacminin \u00e7ok \u00f6tesinde bir de\u011fer ta\u015f\u0131yor.Sovyet&#8217;in ve Bol\u015fevik Parti\u2019nin bir \u00fcyesi olarak, iki aydan fazla s\u00fcren Yaz Grevi\u2019nin ba\u015f\u0131ndan sonuna kadar \u00f6rg\u00fctlenmesinde etkin rol oynayan F. N. Samoylov\u2019un an\u0131lar\u0131na yaln\u0131zca tarihsel bir belge olarak yakla\u015fmak eksik bir de\u011ferlendirme olur. \u00c7\u00fcnk\u00fc yazar, grevin \u00f6rg\u00fctlenmesindeki pratik sorunlardan i\u015f\u00e7ilerin ruh haline, d\u00f6nemin politik atmosferinden i\u015f\u00e7i s\u0131n\u0131f\u0131n\u0131n \u00f6rg\u00fctsel ve ideolojik konumuna kadar pek \u00e7ok \u00f6nemli bilgiyi \u00e7arp\u0131c\u0131 bir dille aktar\u0131yor. Bu y\u00f6n\u00fcyle Samoylov\u2019un an\u0131lar\u0131, politik literat\u00fcr\u00fcm\u00fczde s\u0131k\u00e7a at\u0131fta bulunulan 1905 Devrimi\u2019nin hangi tarihsel, toplumsal ve s\u0131n\u0131fsal ko\u015fullarda ger\u00e7ekle\u015fti\u011fini anlamam\u0131z a\u00e7\u0131s\u0131ndan \u00f6nemli bir kaynak niteli\u011finde. Bu eser, Lenin\u2019in Nisan Tezleri\u2019nin d\u00f6rd\u00fcnc\u00fc maddesinde \u201cm\u00fcmk\u00fcn olan tek devrimci h\u00fck\u00fcmet bi\u00e7imi\u201d olarak tan\u0131mlad\u0131\u011f\u0131 \u0130\u015f\u00e7i Temsilcileri Sovyeti\u2019nin tarihsel k\u00f6keni, i\u015flevi ve siyasal anlam\u0131na ili\u015fkin s\u0131n\u0131rl\u0131 literat\u00fcre m\u00fctevaz\u0131 bir katk\u0131 sunmay\u0131 ama\u00e7lamaktad\u0131r. \u0130\u015f\u00e7ilerin \u00f6z \u00f6rg\u00fctl\u00fcl\u00fc\u011f\u00fc olarak ortaya \u00e7\u0131kan ve siyasal iktidar\u0131n sosyalist temelde yeniden kurulu\u015funun \u00f6rg\u00fctsel temelini olu\u015fturan Sovyetler, bug\u00fcn de i\u015f\u00e7i s\u0131n\u0131f\u0131n\u0131n m\u00fccadelesine yol g\u00f6sterebilecek zengin bir deneyim sunmaktad\u0131r.<\/p>\n","protected":false},"excerpt":{"rendered":"<p>Birinci Rus Devrimi olarak da an\u0131lan 1905 Devrimi\u2019nin \u0130vanovo Voznesensk\u2019teki aya\u011f\u0131n\u0131 ve burada i\u015f\u00e7ilerin \u00f6z\u00f6rg\u00fct\u00fc olarak ilk kez \u015fehir \u00f6l\u00e7e\u011finde bir Sovyetin kurulmas\u0131n\u0131 anlatan bu kitap,<span class=\"excerpt-hellip\"> [\u2026]<\/span><\/p>\n","protected":false},"featured_media":0,"template":"","meta":{"_monsterinsights_skip_tracking":false,"_monsterinsights_sitenote_active":false,"_monsterinsights_sitenote_note":"","_monsterinsights_sitenote_category":0},"product_brand":[],"product_cat":[13590,12337],"product_tag":[],"class_list":{"0":"post-779398","1":"product","2":"type-product","3":"status-publish","5":"product_cat-arastirma-inceleme-politika-siyaset","6":"product_cat-politika-siyaset","7":"pa_cilt-ciltsiz","8":"pa_tur-kitap","9":"pa_yayinevi-kor-kitap","10":"pa_yazar-f-n-samoylov","12":"first","13":"instock","14":"sale","15":"shipping-taxable","16":"purchasable","17":"product-type-simple"},"_links":{"self":[{"href":"https:\/\/roveyayinevi.com.tr\/index.php\/wp-json\/wp\/v2\/product\/779398","targetHints":{"allow":["GET"]}}],"collection":[{"href":"https:\/\/roveyayinevi.com.tr\/index.php\/wp-json\/wp\/v2\/product"}],"about":[{"href":"https:\/\/roveyayinevi.com.tr\/index.php\/wp-json\/wp\/v2\/types\/product"}],"wp:attachment":[{"href":"https:\/\/roveyayinevi.com.tr\/index.php\/wp-json\/wp\/v2\/media?parent=779398"}],"wp:term":[{"taxonomy":"product_brand","embeddable":true,"href":"https:\/\/roveyayinevi.com.tr\/index.php\/wp-json\/wp\/v2\/product_brand?post=779398"},{"taxonomy":"product_cat","embeddable":true,"href":"https:\/\/roveyayinevi.com.tr\/index.php\/wp-json\/wp\/v2\/product_cat?post=779398"},{"taxonomy":"product_tag","embeddable":true,"href":"https:\/\/roveyayinevi.com.tr\/index.php\/wp-json\/wp\/v2\/product_tag?post=779398"}],"curies":[{"name":"wp","href":"https:\/\/api.w.org\/{rel}","templated":true}]}}