{"id":779397,"date":"2025-12-30T11:51:52","date_gmt":"2025-12-30T08:51:52","guid":{"rendered":"https:\/\/roveyayinevi.com.tr\/index.php\/urun\/magonun-ormani\/"},"modified":"2026-04-15T03:43:48","modified_gmt":"2026-04-15T00:43:48","slug":"magonun-ormani","status":"publish","type":"product","link":"https:\/\/roveyayinevi.com.tr\/index.php\/urun\/magonun-ormani\/","title":{"rendered":"Mago\u2019nun Orman\u0131"},"content":{"rendered":"<p>Sakin bir orman\u0131n derinliklerinde kaybolan k\u00fc\u00e7\u00fck k\u0131z Damul, kar\u015f\u0131s\u0131na \u00e7\u0131kan Mago\u2019nun Orman\u0131 tabelas\u0131yla bamba\u015fka ve gizemli bir d\u00fcnyaya ad\u0131m atar. Annesinin ta\u015fa d\u00f6n\u00fc\u015fmesinin ard\u0131ndan ger\u00e7ek ile r\u00fcyan\u0131n, gizem ile fantezinin i\u00e7 i\u00e7e ge\u00e7ti\u011fi bu bilinmezlik dolu ormanda Dev Mago\u2019yu bulmak ve annesini kurtarmak i\u00e7in zorlu bir yolculu\u011fa \u00e7\u0131kar. Damul, yan\u0131nda sad\u0131k yol arkada\u015flar\u0131 Beyaz Geyik Ahu ve \u00fcrkek Goncam\u2019la birlikte Ak Sa\u00e7l\u0131 Nine\u2019in Sis Orman\u0131, Kad\u0131nlar \u00dclkesi, Ejderha Vadisi, Tah\u0131l \u00dclkesi ve \u00d6l\u00fcms\u00fczl\u00fck \u00dclkesi gibi say\u0131s\u0131z gizemli diyarda inan\u0131lmaz ve esrarengiz hikayelere tan\u0131kl\u0131k eder. Ve nihayet Damul, son s\u0131r kap\u0131s\u0131na yakla\u015f\u0131r\u2026 Peki Mago\u2019yla ger\u00e7ekten bulu\u015fabilecek midir? Kore\u2019nin kadim mitlerinden ilham alan bu \u00f6zg\u00fcn fantastik roman, sadece bir macera de\u011fil; ayn\u0131 zamanda ya\u015fam\u0131n anlam\u0131n\u0131, do\u011fan\u0131n kutsall\u0131\u011f\u0131n\u0131 ve ger\u00e7ek sevginin iyile\u015ftirici g\u00fcc\u00fcn\u00fc ke\u015ffetti\u011fimiz bir yeniden do\u011fu\u015f hikayesidir. Her sayfas\u0131nda gizem, b\u00fcy\u00fc ve umutla \u00f6rt\u00fcl\u00fc bu yolculuk, Mago\u2019nun Orman\u0131\u2019n\u0131n derim s\u0131rlar\u0131n\u0131 arayan herkese unutulmaz bir deneyim sunuyor!<\/p>\n","protected":false},"excerpt":{"rendered":"<p>Sakin bir orman\u0131n derinliklerinde kaybolan k\u00fc\u00e7\u00fck k\u0131z Damul, kar\u015f\u0131s\u0131na \u00e7\u0131kan Mago\u2019nun Orman\u0131 tabelas\u0131yla bamba\u015fka ve gizemli bir d\u00fcnyaya ad\u0131m atar. Annesinin ta\u015fa d\u00f6n\u00fc\u015fmesinin ard\u0131ndan ger\u00e7ek ile<span class=\"excerpt-hellip\"> [\u2026]<\/span><\/p>\n","protected":false},"featured_media":0,"template":"","meta":{"_monsterinsights_skip_tracking":false,"_monsterinsights_sitenote_active":false,"_monsterinsights_sitenote_note":"","_monsterinsights_sitenote_category":0},"product_brand":[],"product_cat":[12291,14777],"product_tag":[],"class_list":{"0":"post-779397","1":"product","2":"type-product","3":"status-publish","5":"product_cat-edebiyat","6":"product_cat-fantastik","7":"pa_cilt-ciltsiz","8":"pa_tur-kitap","9":"pa_yayinevi-peta-kitap","10":"pa_yazar-seong-yu-jang","12":"first","13":"instock","14":"sale","15":"shipping-taxable","16":"purchasable","17":"product-type-simple"},"_links":{"self":[{"href":"https:\/\/roveyayinevi.com.tr\/index.php\/wp-json\/wp\/v2\/product\/779397","targetHints":{"allow":["GET"]}}],"collection":[{"href":"https:\/\/roveyayinevi.com.tr\/index.php\/wp-json\/wp\/v2\/product"}],"about":[{"href":"https:\/\/roveyayinevi.com.tr\/index.php\/wp-json\/wp\/v2\/types\/product"}],"wp:attachment":[{"href":"https:\/\/roveyayinevi.com.tr\/index.php\/wp-json\/wp\/v2\/media?parent=779397"}],"wp:term":[{"taxonomy":"product_brand","embeddable":true,"href":"https:\/\/roveyayinevi.com.tr\/index.php\/wp-json\/wp\/v2\/product_brand?post=779397"},{"taxonomy":"product_cat","embeddable":true,"href":"https:\/\/roveyayinevi.com.tr\/index.php\/wp-json\/wp\/v2\/product_cat?post=779397"},{"taxonomy":"product_tag","embeddable":true,"href":"https:\/\/roveyayinevi.com.tr\/index.php\/wp-json\/wp\/v2\/product_tag?post=779397"}],"curies":[{"name":"wp","href":"https:\/\/api.w.org\/{rel}","templated":true}]}}