{"id":779392,"date":"2025-12-30T11:51:33","date_gmt":"2025-12-30T08:51:33","guid":{"rendered":"https:\/\/roveyayinevi.com.tr\/index.php\/urun\/kor-noktalarimiz\/"},"modified":"2026-04-12T03:34:00","modified_gmt":"2026-04-12T00:34:00","slug":"kor-noktalarimiz","status":"publish","type":"product","link":"https:\/\/roveyayinevi.com.tr\/index.php\/urun\/kor-noktalarimiz\/","title":{"rendered":"K\u00f6r Noktalar\u0131m\u0131z"},"content":{"rendered":"<p>Neden kimse kusurlar\u0131n\u0131 itiraf etmez? \u00c7\u00fcnk\u00fc kendisi daha onlar\u0131n i\u00e7indedir. Ancak uyanm\u0131\u015f olan bir ki\u015fi r\u00fcyas\u0131n\u0131 anlatabilir.\u201d Montaigne K\u00f6r noktalar\u0131m\u0131z var. Kendimize itiraf edemedi\u011fimiz, fark edemedi\u011fimiz, kabullenemedi\u011fimiz hatta ink\u00e2r etti\u011fimiz bir yan\u0131m\u0131z&#8230; \u0130steklerimiz, heveslerimiz, zaaflar\u0131m\u0131z, korkular\u0131m\u0131z\u2026 Yolculuk kendimizi tan\u0131ma yolculu\u011fudur. Daha \u00f6zg\u00fcn ve tutarl\u0131 bir kimlik olu\u015fturabilmek i\u00e7in k\u00f6r noktalar\u0131m\u0131z\u0131 tan\u0131maya ihtiyac\u0131m\u0131z var. \u00d6\u011frendiklerimiz bir \u201csens\u00f6r\u201d etkisiyle daha sonra olu\u015fabilecek hatalar\u0131n \u00f6n\u00fcne ge\u00e7memize yard\u0131mc\u0131 olabilir. Bu kitap ger\u00e7ekte ne istedi\u011fimiz, nelerden korktu\u011fumuz ve ger\u00e7ekte kim oldu\u011fumuzla ilgilidir. K\u00f6r noktalar\u0131m\u0131z\u0131 tan\u0131mak kendimizi tan\u0131makt\u0131r.<\/p>\n","protected":false},"excerpt":{"rendered":"<p>Neden kimse kusurlar\u0131n\u0131 itiraf etmez? \u00c7\u00fcnk\u00fc kendisi daha onlar\u0131n i\u00e7indedir. Ancak uyanm\u0131\u015f olan bir ki\u015fi r\u00fcyas\u0131n\u0131 anlatabilir.\u201d Montaigne K\u00f6r noktalar\u0131m\u0131z var. Kendimize itiraf edemedi\u011fimiz, fark edemedi\u011fimiz,<span class=\"excerpt-hellip\"> [\u2026]<\/span><\/p>\n","protected":false},"featured_media":0,"template":"","meta":{"_monsterinsights_skip_tracking":false,"_monsterinsights_sitenote_active":false,"_monsterinsights_sitenote_note":"","_monsterinsights_sitenote_category":0},"product_brand":[],"product_cat":[12364,12376],"product_tag":[],"class_list":{"0":"post-779392","1":"product","2":"type-product","3":"status-publish","5":"product_cat-genel-konular","6":"product_cat-kisisel-gelisim","7":"pa_cilt-ciltsiz","8":"pa_tur-kitap","9":"pa_yayinevi-foliant-yayinlari","10":"pa_yazar-yavuz-selvi","12":"first","13":"instock","14":"sale","15":"shipping-taxable","16":"purchasable","17":"product-type-simple"},"_links":{"self":[{"href":"https:\/\/roveyayinevi.com.tr\/index.php\/wp-json\/wp\/v2\/product\/779392","targetHints":{"allow":["GET"]}}],"collection":[{"href":"https:\/\/roveyayinevi.com.tr\/index.php\/wp-json\/wp\/v2\/product"}],"about":[{"href":"https:\/\/roveyayinevi.com.tr\/index.php\/wp-json\/wp\/v2\/types\/product"}],"wp:attachment":[{"href":"https:\/\/roveyayinevi.com.tr\/index.php\/wp-json\/wp\/v2\/media?parent=779392"}],"wp:term":[{"taxonomy":"product_brand","embeddable":true,"href":"https:\/\/roveyayinevi.com.tr\/index.php\/wp-json\/wp\/v2\/product_brand?post=779392"},{"taxonomy":"product_cat","embeddable":true,"href":"https:\/\/roveyayinevi.com.tr\/index.php\/wp-json\/wp\/v2\/product_cat?post=779392"},{"taxonomy":"product_tag","embeddable":true,"href":"https:\/\/roveyayinevi.com.tr\/index.php\/wp-json\/wp\/v2\/product_tag?post=779392"}],"curies":[{"name":"wp","href":"https:\/\/api.w.org\/{rel}","templated":true}]}}