{"id":779391,"date":"2025-12-30T11:51:31","date_gmt":"2025-12-30T08:51:31","guid":{"rendered":"https:\/\/roveyayinevi.com.tr\/index.php\/urun\/musluman-bilim-onculeri\/"},"modified":"2026-04-15T03:43:46","modified_gmt":"2026-04-15T00:43:46","slug":"musluman-bilim-onculeri","status":"publish","type":"product","link":"https:\/\/roveyayinevi.com.tr\/index.php\/urun\/musluman-bilim-onculeri\/","title":{"rendered":"M\u00fcsl\u00fcman Bilim \u00d6nc\u00fcleri"},"content":{"rendered":"<p>M\u00fcsl\u00fcmanlar Kur\u2019an\u2019\u0131n ilk ayeti olan \u201cYaratan Rabbinin ad\u0131yla oku\u201d emrini, daha geni\u015f anlamda \u201ckainat kitab\u0131n\u0131n okunmas\u0131\u201d olarak yorumlay\u0131p b\u00fcy\u00fck bir ara\u015ft\u0131rma seferberli\u011fi ba\u015flatt\u0131lar. Bilimin hemen her dal\u0131nda bulu\u015flar yap\u0131p, y\u00fczy\u0131llar boyunca \u00f6l\u00fcms\u00fcz eserler ortaya koydular. Fakat Bat\u0131l\u0131 bilim adamlar\u0131n\u0131n baz\u0131lar\u0131, bu eserleri ve bulu\u015flar\u0131 kendilerine mal ederek bilim h\u0131rs\u0131zl\u0131\u011f\u0131 yapt\u0131lar. Prof. Dr. Fuat Sezgin, \u0130slam Bilim Tarihine b\u00fcy\u00fck hizmetler yapm\u0131\u015ft\u0131r. M\u00fcsl\u00fcman Bilim \u00d6nc\u00fcleri\u2019nin, Bat\u0131l\u0131lardan y\u00fczy\u0131llarca \u00f6nce yazd\u0131\u011f\u0131 eserleri ve bulu\u015flar\u0131n\u0131 b\u00fct\u00fcn d\u00fcnyaya tan\u0131tm\u0131\u015ft\u0131r. Bu kitap da onun izinden giderek a\u00e7t\u0131\u011f\u0131 yolda, M\u00fcsl\u00fcman Bilim \u00d6nc\u00fcleri\u2019ni tan\u0131tmaya \u00e7al\u0131\u015fmaktad\u0131r. De\u011fi\u015fik bilim dallar\u0131nda 50 bulu\u015fun, kimler taraf\u0131ndan yap\u0131ld\u0131\u011f\u0131n\u0131 ve hangi Bat\u0131l\u0131 taraf\u0131ndan (\u00e7)al\u0131nd\u0131\u011f\u0131n\u0131 detayl\u0131 olarak ortaya koymaktad\u0131r<\/p>\n","protected":false},"excerpt":{"rendered":"<p>M\u00fcsl\u00fcmanlar Kur\u2019an\u2019\u0131n ilk ayeti olan \u201cYaratan Rabbinin ad\u0131yla oku\u201d emrini, daha geni\u015f anlamda \u201ckainat kitab\u0131n\u0131n okunmas\u0131\u201d olarak yorumlay\u0131p b\u00fcy\u00fck bir ara\u015ft\u0131rma seferberli\u011fi ba\u015flatt\u0131lar. Bilimin hemen her<span class=\"excerpt-hellip\"> [\u2026]<\/span><\/p>\n","protected":false},"featured_media":0,"template":"","meta":{"_monsterinsights_skip_tracking":false,"_monsterinsights_sitenote_active":false,"_monsterinsights_sitenote_note":"","_monsterinsights_sitenote_category":0},"product_brand":[],"product_cat":[13036,12718,12719],"product_tag":[],"class_list":{"0":"post-779391","1":"product","2":"type-product","3":"status-publish","5":"product_cat-arastirma-inceleme-islam","6":"product_cat-din","7":"product_cat-islam","8":"pa_cilt-ciltsiz","9":"pa_tur-kitap","10":"pa_yayinevi-foliant-yayinlari","11":"pa_yazar-nurettin-taskesen","13":"first","14":"instock","15":"sale","16":"shipping-taxable","17":"purchasable","18":"product-type-simple"},"_links":{"self":[{"href":"https:\/\/roveyayinevi.com.tr\/index.php\/wp-json\/wp\/v2\/product\/779391","targetHints":{"allow":["GET"]}}],"collection":[{"href":"https:\/\/roveyayinevi.com.tr\/index.php\/wp-json\/wp\/v2\/product"}],"about":[{"href":"https:\/\/roveyayinevi.com.tr\/index.php\/wp-json\/wp\/v2\/types\/product"}],"wp:attachment":[{"href":"https:\/\/roveyayinevi.com.tr\/index.php\/wp-json\/wp\/v2\/media?parent=779391"}],"wp:term":[{"taxonomy":"product_brand","embeddable":true,"href":"https:\/\/roveyayinevi.com.tr\/index.php\/wp-json\/wp\/v2\/product_brand?post=779391"},{"taxonomy":"product_cat","embeddable":true,"href":"https:\/\/roveyayinevi.com.tr\/index.php\/wp-json\/wp\/v2\/product_cat?post=779391"},{"taxonomy":"product_tag","embeddable":true,"href":"https:\/\/roveyayinevi.com.tr\/index.php\/wp-json\/wp\/v2\/product_tag?post=779391"}],"curies":[{"name":"wp","href":"https:\/\/api.w.org\/{rel}","templated":true}]}}