{"id":779390,"date":"2025-12-30T11:51:30","date_gmt":"2025-12-30T08:51:30","guid":{"rendered":"https:\/\/roveyayinevi.com.tr\/index.php\/urun\/kuranda-kozmik-sifreler\/"},"modified":"2026-04-15T03:43:46","modified_gmt":"2026-04-15T00:43:46","slug":"kuranda-kozmik-sifreler","status":"publish","type":"product","link":"https:\/\/roveyayinevi.com.tr\/index.php\/urun\/kuranda-kozmik-sifreler\/","title":{"rendered":"Kuran\u2019da Kozmik \u015eifreler"},"content":{"rendered":"<p>Kur\u2019\u00e2n, y\u00fczy\u0131llard\u0131r anlamlar\u0131yla, \u00f6\u011f\u00fctleriyle, k\u0131ssalar\u0131yla insanl\u0131\u011fa \u0131\u015f\u0131k tutmu\u015f bir ilah\u00ee kel\u00e2md\u0131r. Fakat Kur\u2019\u00e2n yaln\u0131zca anlam d\u00fcnyas\u0131yla de\u011fil, yap\u0131sal d\u00fczeniyle de mucizedir. Elinizdeki eser, Kur\u2019\u00e2n\u2019\u0131n sat\u0131r aralar\u0131na gizlenmi\u015f say\u0131sal d\u00fczenleri, kelime ve harflerin matematiksel uyumlar\u0131n\u0131 g\u00f6zler \u00f6n\u00fcne seriyor. Hur\u00fbf-u mukattaadan s\u00fbrelerin konumuna, harflerin tekrarlanma frekanslar\u0131ndan kelimelerin simetrik da\u011f\u0131l\u0131mlar\u0131na kadar uzanan bu inceleme, Kur\u2019\u00e2n\u2019\u0131n \u201csay\u0131 diliyle konu\u015fan\u201d y\u00f6n\u00fcn\u00fc a\u00e7\u0131\u011fa \u00e7\u0131kar\u0131yor. Yazar, \u201cEl-Hak\u00eem\u201d olan Allah\u2019\u0131n her \u015feyi \u00f6l\u00e7\u00fcyle yaratt\u0131\u011f\u0131na inanan bir bak\u0131\u015fla, kutsal metnin harf ve rakam \u00f6rg\u00fcs\u00fcndeki hikmeti ad\u0131m ad\u0131m \u00e7\u00f6z\u00fcml\u00fcyor. Bu kitap, bir inan\u00e7tan \u00e7ok, bir tefekk\u00fcr davetidir: Kur\u2019\u00e2n\u2019a yaln\u0131zca anlam g\u00f6z\u00fcyle de\u011fil, say\u0131lar g\u00f6z\u00fcyle de bakmak\u2026 \u00c7\u00fcnk\u00fc bu g\u00f6klerden inen kel\u00e2m, her \u00e7a\u011f\u0131n diliyle konu\u015fur. Ve i\u00e7inde bulundu\u011fumuz say\u0131sal \u00e7a\u011fda, Kur\u2019\u00e2n\u2019\u0131n bu y\u00f6n\u00fc, yeniden ke\u015ffedilmeyi bekleyen bir mucizedir.<\/p>\n","protected":false},"excerpt":{"rendered":"<p>Kur\u2019\u00e2n, y\u00fczy\u0131llard\u0131r anlamlar\u0131yla, \u00f6\u011f\u00fctleriyle, k\u0131ssalar\u0131yla insanl\u0131\u011fa \u0131\u015f\u0131k tutmu\u015f bir ilah\u00ee kel\u00e2md\u0131r. Fakat Kur\u2019\u00e2n yaln\u0131zca anlam d\u00fcnyas\u0131yla de\u011fil, yap\u0131sal d\u00fczeniyle de mucizedir. Elinizdeki eser, Kur\u2019\u00e2n\u2019\u0131n sat\u0131r aralar\u0131na<span class=\"excerpt-hellip\"> [\u2026]<\/span><\/p>\n","protected":false},"featured_media":0,"template":"","meta":{"_monsterinsights_skip_tracking":false,"_monsterinsights_sitenote_active":false,"_monsterinsights_sitenote_note":"","_monsterinsights_sitenote_category":0},"product_brand":[],"product_cat":[13036,12718,12719],"product_tag":[],"class_list":{"0":"post-779390","1":"product","2":"type-product","3":"status-publish","5":"product_cat-arastirma-inceleme-islam","6":"product_cat-din","7":"product_cat-islam","8":"pa_cilt-ciltsiz","9":"pa_tur-kitap","10":"pa_yayinevi-foliant-yayinlari","11":"pa_yazar-muhammed-ali-arslan","13":"first","14":"instock","15":"sale","16":"shipping-taxable","17":"purchasable","18":"product-type-simple"},"_links":{"self":[{"href":"https:\/\/roveyayinevi.com.tr\/index.php\/wp-json\/wp\/v2\/product\/779390","targetHints":{"allow":["GET"]}}],"collection":[{"href":"https:\/\/roveyayinevi.com.tr\/index.php\/wp-json\/wp\/v2\/product"}],"about":[{"href":"https:\/\/roveyayinevi.com.tr\/index.php\/wp-json\/wp\/v2\/types\/product"}],"wp:attachment":[{"href":"https:\/\/roveyayinevi.com.tr\/index.php\/wp-json\/wp\/v2\/media?parent=779390"}],"wp:term":[{"taxonomy":"product_brand","embeddable":true,"href":"https:\/\/roveyayinevi.com.tr\/index.php\/wp-json\/wp\/v2\/product_brand?post=779390"},{"taxonomy":"product_cat","embeddable":true,"href":"https:\/\/roveyayinevi.com.tr\/index.php\/wp-json\/wp\/v2\/product_cat?post=779390"},{"taxonomy":"product_tag","embeddable":true,"href":"https:\/\/roveyayinevi.com.tr\/index.php\/wp-json\/wp\/v2\/product_tag?post=779390"}],"curies":[{"name":"wp","href":"https:\/\/api.w.org\/{rel}","templated":true}]}}