{"id":779384,"date":"2025-12-30T11:51:09","date_gmt":"2025-12-30T08:51:09","guid":{"rendered":"https:\/\/roveyayinevi.com.tr\/index.php\/urun\/efsanesoyu\/"},"modified":"2026-04-15T03:43:41","modified_gmt":"2026-04-15T00:43:41","slug":"efsanesoyu","status":"publish","type":"product","link":"https:\/\/roveyayinevi.com.tr\/index.php\/urun\/efsanesoyu\/","title":{"rendered":"Efsanesoyu"},"content":{"rendered":"<p>Annesi bir kazada \u00f6ld\u00fckten sonra, on alt\u0131 ya\u015f\u0131ndaki Bree Matthews aile ve \u00e7ocuklu\u011funun an\u0131lar\u0131yla dolu evinde kalmak istemez. Kuzey Karolina Erken \u00dcniversitesi\u2019ndeki parlak lise \u00f6\u011frencileri i\u00e7in d\u00fczenlenen yat\u0131l\u0131 program\u0131 m\u00fckemmel bir ka\u00e7\u0131\u015f gibi g\u00f6r\u00fcnmektedir; ta ki Bree kamp\u00fcsteki ilk gecesinde b\u00fcy\u00fcl\u00fc bir sald\u0131r\u0131ya tan\u0131k olana kadar. \u0130nsan enerjisiyle beslenen u\u00e7an bir iblis. Yarat\u0131klar\u0131 avlayan \u201cEfsanesoyu\u201d \u00f6\u011frencilerden olu\u015fan gizli bir topluluk. Ve kendine \u201cMerlin\u201d diyen ve Bree&#8217;nin g\u00f6rd\u00fc\u011f\u00fc her \u015feyi haf\u0131zas\u0131ndan silmeye \u00e7al\u0131\u015fan ama ba\u015faramayan gizemli bir gen\u00e7 b\u00fcy\u00fcc\u00fc. B\u00fcy\u00fcc\u00fcn\u00fcn ba\u015far\u0131s\u0131zl\u0131\u011f\u0131, Bree&#8217;nin kendi e\u015fsiz b\u00fcy\u00fcs\u00fcn\u00fcn ve derinlerde g\u00f6m\u00fcl\u00fc bir an\u0131n\u0131n kilidini a\u00e7ar: Annesinin \u00f6ld\u00fc\u011f\u00fc gece, hastanede ba\u015fka bir Merlin vard\u0131r. Bree art\u0131k annesinin \u00f6l\u00fcm\u00fcnde polis raporundakinden daha fazlas\u0131 oldu\u011funu bildi\u011finden, ger\u00e7e\u011fi \u00f6\u011frenmek i\u00e7in ne gerekiyorsa yapacakt\u0131r; bu, Efsanesoyu\u2019na kabul edilerek s\u0131zmak anlam\u0131na gelse bile. Efsanesoyu \u00fcyeleri kendilerini Kral Arthur&#8217;un \u015f\u00f6valyelerinin torunlar\u0131 olarak tan\u0131t\u0131p b\u00fcy\u00fcl\u00fc bir sava\u015f\u0131n yakla\u015ft\u0131\u011f\u0131n\u0131 a\u00e7\u0131klad\u0131klar\u0131nda, Bree ger\u00e7ek i\u00e7in ne kadar ileri gidece\u011fine ve b\u00fcy\u00fcs\u00fcn\u00fc toplulu\u011fu y\u0131kmak i\u00e7in mi yoksa sava\u015fa kat\u0131lmak i\u00e7in mi kullanaca\u011f\u0131na karar vermek zorunda kal\u0131r.<\/p>\n","protected":false},"excerpt":{"rendered":"<p>Annesi bir kazada \u00f6ld\u00fckten sonra, on alt\u0131 ya\u015f\u0131ndaki Bree Matthews aile ve \u00e7ocuklu\u011funun an\u0131lar\u0131yla dolu evinde kalmak istemez. Kuzey Karolina Erken \u00dcniversitesi\u2019ndeki parlak lise \u00f6\u011frencileri i\u00e7in<span class=\"excerpt-hellip\"> [\u2026]<\/span><\/p>\n","protected":false},"featured_media":0,"template":"","meta":{"_monsterinsights_skip_tracking":false,"_monsterinsights_sitenote_active":false,"_monsterinsights_sitenote_note":"","_monsterinsights_sitenote_category":0},"product_brand":[],"product_cat":[12540,12291],"product_tag":[],"class_list":{"0":"post-779384","1":"product","2":"type-product","3":"status-publish","5":"product_cat-bilim-kurgu","6":"product_cat-edebiyat","7":"pa_cilt-ciltsiz","8":"pa_tur-kitap","9":"pa_yayinevi-epsilon-yayinlari","10":"pa_yazar-tracy-deonn","12":"first","13":"instock","14":"sale","15":"shipping-taxable","16":"purchasable","17":"product-type-simple"},"_links":{"self":[{"href":"https:\/\/roveyayinevi.com.tr\/index.php\/wp-json\/wp\/v2\/product\/779384","targetHints":{"allow":["GET"]}}],"collection":[{"href":"https:\/\/roveyayinevi.com.tr\/index.php\/wp-json\/wp\/v2\/product"}],"about":[{"href":"https:\/\/roveyayinevi.com.tr\/index.php\/wp-json\/wp\/v2\/types\/product"}],"wp:attachment":[{"href":"https:\/\/roveyayinevi.com.tr\/index.php\/wp-json\/wp\/v2\/media?parent=779384"}],"wp:term":[{"taxonomy":"product_brand","embeddable":true,"href":"https:\/\/roveyayinevi.com.tr\/index.php\/wp-json\/wp\/v2\/product_brand?post=779384"},{"taxonomy":"product_cat","embeddable":true,"href":"https:\/\/roveyayinevi.com.tr\/index.php\/wp-json\/wp\/v2\/product_cat?post=779384"},{"taxonomy":"product_tag","embeddable":true,"href":"https:\/\/roveyayinevi.com.tr\/index.php\/wp-json\/wp\/v2\/product_tag?post=779384"}],"curies":[{"name":"wp","href":"https:\/\/api.w.org\/{rel}","templated":true}]}}