{"id":779381,"date":"2025-12-30T11:51:02","date_gmt":"2025-12-30T08:51:02","guid":{"rendered":"https:\/\/roveyayinevi.com.tr\/index.php\/urun\/dinonun-kitabini-kim-yedi\/"},"modified":"2026-04-15T03:43:41","modified_gmt":"2026-04-15T00:43:41","slug":"dinonun-kitabini-kim-yedi","status":"publish","type":"product","link":"https:\/\/roveyayinevi.com.tr\/index.php\/urun\/dinonun-kitabini-kim-yedi\/","title":{"rendered":"Dinonun Kitab\u0131n\u0131 Kim Yedi?"},"content":{"rendered":"<p>\u201cBirisi kitab\u0131 yemi\u015f! Ama kim acaba?\u201d   E\u011flenceli, renkli ve \u00e7ok merakl\u0131 bir seri geliyor! Her kitapta bir hayvan\u0131n en sevdi\u011fi kitab\u0131 gizemli biri \u201chapur hupur\u201d yemi\u015f! Minik okurlar, sayfalardaki ipu\u00e7lar\u0131n\u0131 takip ederek su\u00e7luyu bulmaya \u00e7al\u0131\u015f\u0131yor. Mizah dolu hik\u00e2yeler, renkli ill\u00fcstrasyonlar ve delikli sayfalarla dolu bu seri, \u00e7ocuklara hem kahkaha hem de dikkat geli\u015ftiren bir okuma deneyimi sunuyor.   Olamaz! Biri Dino\u2019nun kitab\u0131n\u0131 hapur hupur yemi\u015f! Peki bunu kim yapm\u0131\u015f olabilir? Triceratops mu yoksa Brachiosaurus mu? Dino\u2019nun ara\u015ft\u0131rmas\u0131na kat\u0131l, ipu\u00e7lar\u0131n\u0131 takip et ve su\u00e7luyu bul!   Kazan\u0131mlar   \u00b7         Dikkat, tahmin ve neden-sonu\u00e7 ili\u015fkisi kurma becerilerini geli\u015ftirir.   \u00b7         Mizah duygusunu besler, okuma sevgisini art\u0131r\u0131r.   \u00b7         Ebeveyn\u2013\u00e7ocuk ortak okuma deneyimi sunar.   \u00b7         Kal\u0131n karton sayfalar\u0131yla k\u00fc\u00e7\u00fck eller i\u00e7in dayan\u0131kl\u0131 yap\u0131dad\u0131r. <\/p>\n","protected":false},"excerpt":{"rendered":"<p>\u201cBirisi kitab\u0131 yemi\u015f! Ama kim acaba?\u201d E\u011flenceli, renkli ve \u00e7ok merakl\u0131 bir seri geliyor! Her kitapta bir hayvan\u0131n en sevdi\u011fi kitab\u0131 gizemli biri \u201chapur hupur\u201d yemi\u015f!<span class=\"excerpt-hellip\"> [\u2026]<\/span><\/p>\n","protected":false},"featured_media":0,"template":"","meta":{"_monsterinsights_skip_tracking":false,"_monsterinsights_sitenote_active":false,"_monsterinsights_sitenote_note":"","_monsterinsights_sitenote_category":0},"product_brand":[],"product_cat":[12274,12284],"product_tag":[],"class_list":{"0":"post-779381","1":"product","2":"type-product","3":"status-publish","5":"product_cat-cocuk-ve-genclik-kitaplari","6":"product_cat-hikayeler","7":"pa_cilt-ciltli","8":"pa_tur-kitap","9":"pa_yayinevi-masalperest","10":"pa_yazar-kolektif","12":"first","13":"instock","14":"sale","15":"shipping-taxable","16":"purchasable","17":"product-type-simple"},"_links":{"self":[{"href":"https:\/\/roveyayinevi.com.tr\/index.php\/wp-json\/wp\/v2\/product\/779381","targetHints":{"allow":["GET"]}}],"collection":[{"href":"https:\/\/roveyayinevi.com.tr\/index.php\/wp-json\/wp\/v2\/product"}],"about":[{"href":"https:\/\/roveyayinevi.com.tr\/index.php\/wp-json\/wp\/v2\/types\/product"}],"wp:attachment":[{"href":"https:\/\/roveyayinevi.com.tr\/index.php\/wp-json\/wp\/v2\/media?parent=779381"}],"wp:term":[{"taxonomy":"product_brand","embeddable":true,"href":"https:\/\/roveyayinevi.com.tr\/index.php\/wp-json\/wp\/v2\/product_brand?post=779381"},{"taxonomy":"product_cat","embeddable":true,"href":"https:\/\/roveyayinevi.com.tr\/index.php\/wp-json\/wp\/v2\/product_cat?post=779381"},{"taxonomy":"product_tag","embeddable":true,"href":"https:\/\/roveyayinevi.com.tr\/index.php\/wp-json\/wp\/v2\/product_tag?post=779381"}],"curies":[{"name":"wp","href":"https:\/\/api.w.org\/{rel}","templated":true}]}}