{"id":779380,"date":"2025-12-30T11:50:58","date_gmt":"2025-12-30T08:50:58","guid":{"rendered":"https:\/\/roveyayinevi.com.tr\/index.php\/urun\/defteri-kebir\/"},"modified":"2026-01-30T04:15:50","modified_gmt":"2026-01-30T01:15:50","slug":"defteri-kebir","status":"publish","type":"product","link":"https:\/\/roveyayinevi.com.tr\/index.php\/urun\/defteri-kebir\/","title":{"rendered":"Defteri Kebir"},"content":{"rendered":"<p>Sessiz bir isyan\u0131m kendime kar\u015f\u0131. Ar\u015f\u0131 titretmiyor dualar\u0131m. Asili\u011fim de bir bok de\u011fil. K\u0131\u00e7a batan i\u011fne kadar fark edilmiyorum yalan ve riyay\u0131 beceremedi\u011fimden. G\u00f6k \u00e7\u00f6kmedi, yer yar\u0131lmad\u0131. Herkes i\u015finde g\u00fcc\u00fcnde. Mevsimler kimler i\u00e7in de\u011fi\u015fiyor, iklimler kimler i\u00e7in? Ben hangi kudretin mahzeninde ilahi bir kermeyim? Al\u0131n ve vazge\u00e7emedi\u011finiz mek\u00e2nlar\u0131n\u0131z\u0131n duvarlar\u0131n\u0131 s\u0131vay\u0131n. Kusursuz hayallerinize kusur se\u00e7tiklerinizin yaralar\u0131ndan s\u0131zan kan kurak hayallerinizi ye\u015fertsin.<\/p>\n","protected":false},"excerpt":{"rendered":"<p>Sessiz bir isyan\u0131m kendime kar\u015f\u0131. Ar\u015f\u0131 titretmiyor dualar\u0131m. Asili\u011fim de bir bok de\u011fil. K\u0131\u00e7a batan i\u011fne kadar fark edilmiyorum yalan ve riyay\u0131 beceremedi\u011fimden. G\u00f6k \u00e7\u00f6kmedi, yer<span class=\"excerpt-hellip\"> [\u2026]<\/span><\/p>\n","protected":false},"featured_media":0,"template":"","meta":{"_monsterinsights_skip_tracking":false,"_monsterinsights_sitenote_active":false,"_monsterinsights_sitenote_note":"","_monsterinsights_sitenote_category":0},"product_brand":[],"product_cat":[12291],"product_tag":[],"class_list":{"0":"post-779380","1":"product","2":"type-product","3":"status-publish","5":"product_cat-edebiyat","6":"pa_cilt-ciltsiz","7":"pa_tur-kitap","8":"pa_yayinevi-vova-yayinlari","9":"pa_yazar-osman-aktas","11":"first","12":"instock","13":"sale","14":"shipping-taxable","15":"purchasable","16":"product-type-simple"},"_links":{"self":[{"href":"https:\/\/roveyayinevi.com.tr\/index.php\/wp-json\/wp\/v2\/product\/779380","targetHints":{"allow":["GET"]}}],"collection":[{"href":"https:\/\/roveyayinevi.com.tr\/index.php\/wp-json\/wp\/v2\/product"}],"about":[{"href":"https:\/\/roveyayinevi.com.tr\/index.php\/wp-json\/wp\/v2\/types\/product"}],"wp:attachment":[{"href":"https:\/\/roveyayinevi.com.tr\/index.php\/wp-json\/wp\/v2\/media?parent=779380"}],"wp:term":[{"taxonomy":"product_brand","embeddable":true,"href":"https:\/\/roveyayinevi.com.tr\/index.php\/wp-json\/wp\/v2\/product_brand?post=779380"},{"taxonomy":"product_cat","embeddable":true,"href":"https:\/\/roveyayinevi.com.tr\/index.php\/wp-json\/wp\/v2\/product_cat?post=779380"},{"taxonomy":"product_tag","embeddable":true,"href":"https:\/\/roveyayinevi.com.tr\/index.php\/wp-json\/wp\/v2\/product_tag?post=779380"}],"curies":[{"name":"wp","href":"https:\/\/api.w.org\/{rel}","templated":true}]}}