{"id":779377,"date":"2025-12-30T11:50:51","date_gmt":"2025-12-30T08:50:51","guid":{"rendered":"https:\/\/roveyayinevi.com.tr\/index.php\/urun\/cumhuriyetin-oteki-yarisi-turkiyede-merkez-sag\/"},"modified":"2026-04-15T03:43:40","modified_gmt":"2026-04-15T00:43:40","slug":"cumhuriyetin-oteki-yarisi-turkiyede-merkez-sag","status":"publish","type":"product","link":"https:\/\/roveyayinevi.com.tr\/index.php\/urun\/cumhuriyetin-oteki-yarisi-turkiyede-merkez-sag\/","title":{"rendered":"Cumhuriyetin \u00f6teki yar\u0131s\u0131 : T\u00fcrkiye&#8217;de merkez sa\u011f"},"content":{"rendered":"<p>T\u00fcrk siyasetinde merkez sa\u011f, Cumhuriyetin kurulu\u015fundan itibaren kendini \u201c\u00f6teki yar\u0131\u201d olarak konumland\u0131rd\u0131; fakat halk\u0131n \u00e7o\u011funlu\u011funun deste\u011fiyle her zaman iktidar\u0131 talep etti. Bu kitap, 1946\u20132002 aras\u0131nda Demokrat Parti (DP), Adalet Partisi (AP), Anavatan Partisi (ANAP) ve Do\u011fru Yol Partisi (DYP) \u00fczerinden merkez sa\u011f gelene\u011fin SEYR\u2019ini, sosyal destek taban\u0131, ekonomi politikalar\u0131, ya\u015fam tarz\u0131 b\u00f6l\u00fcnmesi, rejimle ili\u015fkiler ve mill\u00ee g\u00fcvenlik\/d\u0131\u015f politika parametreleriyle analiz ediyor. \u201cYeter&#8230;S\u00f6z Milletindir!\u201d slogan\u0131yla ba\u015flayan yolculuk, s\u00f6z hakk\u0131 m\u00fccadelelerinden askeri m\u00fcdahalelere, sand\u0131k zaferlerinden darbelere kadar S\u00f6z \u2013 Sand\u0131k \u2013 Silah ekseninde \u00e7alkant\u0131l\u0131 bir seyir izledi. Peki, merkezin \u00e7evresindeki elitler iktidar merkezine nas\u0131l y\u00fcr\u00fcd\u00fc? K\u00f6yl\u00fc, t\u00fcccar, esnaf ve muhafazak\u00e2r kesimlerin pragmatik ittifak\u0131 nas\u0131l kuruldu? Vesayet rejimiyle s\u00fcregelen gerilim, demokratikle\u015fme s\u00fcrecini nas\u0131l \u015fekillendirdi? 1946\u2019da \u00e7ok partili hayat\u0131n ba\u015flamas\u0131ndan 2002\u2019deki b\u00fcy\u00fck siyasal d\u00f6n\u00fc\u015f\u00fcme uzanan yar\u0131m as\u0131rda merkez sa\u011f, T\u00fcrkiye\u2019nin modernle\u015fmesinde kritik roller \u00fcstlendi. Bu \u00e7al\u0131\u015fma, yaln\u0131zca bir siyasi gelene\u011fin tarihini de\u011fil; ayn\u0131 zamanda Cumhuriyetin ihmal edilmi\u015f yar\u0131s\u0131n\u0131n me\u015fruiyet aray\u0131\u015f\u0131n\u0131 ve iktidar m\u00fccadelesini \u00f6zg\u00fcn SEYR-MG modeliyle yeniden yaz\u0131yor. <\/p>\n","protected":false},"excerpt":{"rendered":"<p>T\u00fcrk siyasetinde merkez sa\u011f, Cumhuriyetin kurulu\u015fundan itibaren kendini \u201c\u00f6teki yar\u0131\u201d olarak konumland\u0131rd\u0131; fakat halk\u0131n \u00e7o\u011funlu\u011funun deste\u011fiyle her zaman iktidar\u0131 talep etti. Bu kitap, 1946\u20132002 aras\u0131nda Demokrat<span class=\"excerpt-hellip\"> [\u2026]<\/span><\/p>\n","protected":false},"featured_media":0,"template":"","meta":{"_monsterinsights_skip_tracking":false,"_monsterinsights_sitenote_active":false,"_monsterinsights_sitenote_note":"","_monsterinsights_sitenote_category":0},"product_brand":[],"product_cat":[12337],"product_tag":[],"class_list":{"0":"post-779377","1":"product","2":"type-product","3":"status-publish","5":"product_cat-politika-siyaset","6":"pa_cilt-ciltsiz","7":"pa_tur-kitap","8":"pa_yayinevi-orion-kitabevi","9":"pa_yazar-serpil-seda-simsek","11":"first","12":"instock","13":"sale","14":"shipping-taxable","15":"purchasable","16":"product-type-simple"},"_links":{"self":[{"href":"https:\/\/roveyayinevi.com.tr\/index.php\/wp-json\/wp\/v2\/product\/779377","targetHints":{"allow":["GET"]}}],"collection":[{"href":"https:\/\/roveyayinevi.com.tr\/index.php\/wp-json\/wp\/v2\/product"}],"about":[{"href":"https:\/\/roveyayinevi.com.tr\/index.php\/wp-json\/wp\/v2\/types\/product"}],"wp:attachment":[{"href":"https:\/\/roveyayinevi.com.tr\/index.php\/wp-json\/wp\/v2\/media?parent=779377"}],"wp:term":[{"taxonomy":"product_brand","embeddable":true,"href":"https:\/\/roveyayinevi.com.tr\/index.php\/wp-json\/wp\/v2\/product_brand?post=779377"},{"taxonomy":"product_cat","embeddable":true,"href":"https:\/\/roveyayinevi.com.tr\/index.php\/wp-json\/wp\/v2\/product_cat?post=779377"},{"taxonomy":"product_tag","embeddable":true,"href":"https:\/\/roveyayinevi.com.tr\/index.php\/wp-json\/wp\/v2\/product_tag?post=779377"}],"curies":[{"name":"wp","href":"https:\/\/api.w.org\/{rel}","templated":true}]}}