{"id":779373,"date":"2025-12-30T11:50:39","date_gmt":"2025-12-30T08:50:39","guid":{"rendered":"https:\/\/roveyayinevi.com.tr\/index.php\/urun\/mutlu\/"},"modified":"2026-04-13T03:39:01","modified_gmt":"2026-04-13T00:39:01","slug":"mutlu","status":"publish","type":"product","link":"https:\/\/roveyayinevi.com.tr\/index.php\/urun\/mutlu\/","title":{"rendered":"Mutlu"},"content":{"rendered":"<p>Mutluluk, pe\u015finden ko\u015fulmas\u0131 gereken bir hedef mi, yoksa yanl\u0131\u015f y\u00f6nlendirilmi\u015f bir aray\u0131\u015f m\u0131?   Derren Brown, ak\u0131c\u0131 kalemiyle mutluluk kavram\u0131na dair k\u00f6kl\u00fc yanl\u0131\u015flar\u0131 y\u0131k\u0131yor. Pop\u00fcler ki\u015fisel geli\u015fim kitaplar\u0131n\u0131n sundu\u011fu bo\u015f vaatlerden s\u0131yr\u0131larak tarih boyunca filozoflar\u0131n bu konuda neler s\u00f6yledi\u011fini inceliyor.   \u2022 Mutlulu\u011fu nas\u0131l tan\u0131ml\u0131yoruz?  \u2022 Kayg\u0131 ve korkular\u0131m\u0131zdan nas\u0131l kurtulabiliriz?  \u2022 Daha iyi bir ya\u015fam i\u00e7in ger\u00e7ekten nelere ihtiyac\u0131m\u0131z var?   Brown, bu sorulara hem felsefi hem de psikolojik a\u00e7\u0131lardan yakla\u015farak okuyucular\u0131na yeni bir bak\u0131\u015f a\u00e7\u0131s\u0131 kazand\u0131r\u0131yor. Bu kitap, mutluluk hakk\u0131nda bildiklerinizi sorgulaman\u0131za ve hayat\u0131n\u0131z\u0131 yeniden \u015fekillendirmenize yard\u0131mc\u0131 olacak.   Ger\u00e7ek huzuru bulmaya haz\u0131r m\u0131s\u0131n\u0131z? <\/p>\n","protected":false},"excerpt":{"rendered":"<p>Mutluluk, pe\u015finden ko\u015fulmas\u0131 gereken bir hedef mi, yoksa yanl\u0131\u015f y\u00f6nlendirilmi\u015f bir aray\u0131\u015f m\u0131? Derren Brown, ak\u0131c\u0131 kalemiyle mutluluk kavram\u0131na dair k\u00f6kl\u00fc yanl\u0131\u015flar\u0131 y\u0131k\u0131yor. Pop\u00fcler ki\u015fisel geli\u015fim<span class=\"excerpt-hellip\"> [\u2026]<\/span><\/p>\n","protected":false},"featured_media":0,"template":"","meta":{"_monsterinsights_skip_tracking":false,"_monsterinsights_sitenote_active":false,"_monsterinsights_sitenote_note":"","_monsterinsights_sitenote_category":0},"product_brand":[],"product_cat":[12364,12376],"product_tag":[],"class_list":{"0":"post-779373","1":"product","2":"type-product","3":"status-publish","5":"product_cat-genel-konular","6":"product_cat-kisisel-gelisim","7":"pa_cilt-ciltsiz","8":"pa_tur-kitap","9":"pa_yayinevi-epsilon-yayinlari","10":"pa_yazar-derren-brown","12":"first","13":"instock","14":"sale","15":"shipping-taxable","16":"purchasable","17":"product-type-simple"},"_links":{"self":[{"href":"https:\/\/roveyayinevi.com.tr\/index.php\/wp-json\/wp\/v2\/product\/779373","targetHints":{"allow":["GET"]}}],"collection":[{"href":"https:\/\/roveyayinevi.com.tr\/index.php\/wp-json\/wp\/v2\/product"}],"about":[{"href":"https:\/\/roveyayinevi.com.tr\/index.php\/wp-json\/wp\/v2\/types\/product"}],"wp:attachment":[{"href":"https:\/\/roveyayinevi.com.tr\/index.php\/wp-json\/wp\/v2\/media?parent=779373"}],"wp:term":[{"taxonomy":"product_brand","embeddable":true,"href":"https:\/\/roveyayinevi.com.tr\/index.php\/wp-json\/wp\/v2\/product_brand?post=779373"},{"taxonomy":"product_cat","embeddable":true,"href":"https:\/\/roveyayinevi.com.tr\/index.php\/wp-json\/wp\/v2\/product_cat?post=779373"},{"taxonomy":"product_tag","embeddable":true,"href":"https:\/\/roveyayinevi.com.tr\/index.php\/wp-json\/wp\/v2\/product_tag?post=779373"}],"curies":[{"name":"wp","href":"https:\/\/api.w.org\/{rel}","templated":true}]}}