{"id":779372,"date":"2025-12-30T11:50:36","date_gmt":"2025-12-30T08:50:36","guid":{"rendered":"https:\/\/roveyayinevi.com.tr\/index.php\/urun\/husky-ve-beyaz-kedisi-shizun\/"},"modified":"2026-04-15T03:43:38","modified_gmt":"2026-04-15T00:43:38","slug":"husky-ve-beyaz-kedisi-shizun","status":"publish","type":"product","link":"https:\/\/roveyayinevi.com.tr\/index.php\/urun\/husky-ve-beyaz-kedisi-shizun\/","title":{"rendered":"Husky ve Beyaz Kedisi Shizun"},"content":{"rendered":"<p>\u0130hti\u015fam ve y\u0131k\u0131m aras\u0131nda gidip gelen bir imparatorun hik\u00e2yesi Diz \u00e7\u00f6kmeyenleri kana bulam\u0131\u015f, en yak\u0131nlar\u0131n\u0131 g\u00f6z\u00fcn\u00fc k\u0131rpmadan feda etmi\u015f. Ad\u0131, korkuyla ve lanetle an\u0131lm\u0131\u015f. Mo Ran, \u00f6mr\u00fcn\u00fcn sonunda kendi mezar\u0131n\u0131 kazarak, karanl\u0131\u011fa g\u00f6m\u00fcl\u00fcrken her \u015feyin bitti\u011fini sanm\u0131\u015ft\u0131. Ama \u00f6l\u00fcm bir son de\u011fildi. G\u00f6zlerini yeniden gen\u00e7li\u011finde a\u00e7t\u0131\u011f\u0131nda, kar\u015f\u0131s\u0131nda bamba\u015fka bir ihtimal belirdi. Hatalar\u0131n\u0131 d\u00fczeltme, pi\u015fmanl\u0131klar\u0131n\u0131 telafi etme ve kaybettiklerini geri kazanma ihtimali\u2026 Fakat kaderin oyunu ac\u0131mas\u0131zd\u0131r. Ge\u00e7mi\u015fin g\u00f6lgeleri pe\u015fini b\u0131rakmayacak, a\u015fk ile nefret, sadakat ile ihanet aras\u0131nda yine se\u00e7imler yapmak zorunda kalacakt\u0131r. Bu kez farkl\u0131 m davranacak yoksa ayn\u0131 trajediyi tekrar m\u0131 ya\u015fayacak? \u0130kinci bir \u015fans\u0131n destans\u0131 s\u0131nav\u0131. <\/p>\n","protected":false},"excerpt":{"rendered":"<p>\u0130hti\u015fam ve y\u0131k\u0131m aras\u0131nda gidip gelen bir imparatorun hik\u00e2yesi Diz \u00e7\u00f6kmeyenleri kana bulam\u0131\u015f, en yak\u0131nlar\u0131n\u0131 g\u00f6z\u00fcn\u00fc k\u0131rpmadan feda etmi\u015f. Ad\u0131, korkuyla ve lanetle an\u0131lm\u0131\u015f. Mo Ran,<span class=\"excerpt-hellip\"> [\u2026]<\/span><\/p>\n","protected":false},"featured_media":0,"template":"","meta":{"_monsterinsights_skip_tracking":false,"_monsterinsights_sitenote_active":false,"_monsterinsights_sitenote_note":"","_monsterinsights_sitenote_category":0},"product_brand":[],"product_cat":[12291,12711],"product_tag":[],"class_list":{"0":"post-779372","1":"product","2":"type-product","3":"status-publish","5":"product_cat-edebiyat","6":"product_cat-roman-oyku","7":"pa_cilt-ciltsiz","8":"pa_tur-kitap","9":"pa_yayinevi-athica-yayinlari","10":"pa_yazar-rou-bao-bu-chi-rou","12":"first","13":"instock","14":"sale","15":"shipping-taxable","16":"purchasable","17":"product-type-simple"},"_links":{"self":[{"href":"https:\/\/roveyayinevi.com.tr\/index.php\/wp-json\/wp\/v2\/product\/779372","targetHints":{"allow":["GET"]}}],"collection":[{"href":"https:\/\/roveyayinevi.com.tr\/index.php\/wp-json\/wp\/v2\/product"}],"about":[{"href":"https:\/\/roveyayinevi.com.tr\/index.php\/wp-json\/wp\/v2\/types\/product"}],"wp:attachment":[{"href":"https:\/\/roveyayinevi.com.tr\/index.php\/wp-json\/wp\/v2\/media?parent=779372"}],"wp:term":[{"taxonomy":"product_brand","embeddable":true,"href":"https:\/\/roveyayinevi.com.tr\/index.php\/wp-json\/wp\/v2\/product_brand?post=779372"},{"taxonomy":"product_cat","embeddable":true,"href":"https:\/\/roveyayinevi.com.tr\/index.php\/wp-json\/wp\/v2\/product_cat?post=779372"},{"taxonomy":"product_tag","embeddable":true,"href":"https:\/\/roveyayinevi.com.tr\/index.php\/wp-json\/wp\/v2\/product_tag?post=779372"}],"curies":[{"name":"wp","href":"https:\/\/api.w.org\/{rel}","templated":true}]}}