{"id":779370,"date":"2025-12-30T11:50:03","date_gmt":"2025-12-30T08:50:03","guid":{"rendered":"https:\/\/roveyayinevi.com.tr\/index.php\/urun\/kuran-ve-bilimin-kesistigi-ufuklar\/"},"modified":"2025-12-30T11:50:03","modified_gmt":"2025-12-30T08:50:03","slug":"kuran-ve-bilimin-kesistigi-ufuklar","status":"publish","type":"product","link":"https:\/\/roveyayinevi.com.tr\/index.php\/urun\/kuran-ve-bilimin-kesistigi-ufuklar\/","title":{"rendered":"Kur\u2019an ve Bilimin Kesi\u015fti\u011fi Ufuklar"},"content":{"rendered":"<p>Bu kitap, sadece bilgi vermiyor&#8230; Vicdanlar\u0131 da uyar\u0131yor. \u0130nsanl\u0131k, bilimle k\u00e2inat\u0131n s\u0131rlar\u0131n\u0131 \u00e7\u00f6zmeye \u00e7al\u0131\u015f\u0131rken, 14 as\u0131r \u00f6nce inmi\u015f bir kitab\u0131n sat\u0131r aralar\u0131ndan f\u0131s\u0131ldanan hakikatlerle kar\u015f\u0131la\u015f\u0131yor. Evrenin do\u011fu\u015fundan, anne karn\u0131ndaki embriyonun evrelerine; da\u011flar\u0131n yap\u0131s\u0131ndan okyanus diplerine kadar uzanan bu sessiz \u00e7a\u011fr\u0131, \u201cAcaba?\u201d sorusunu ak\u0131llara b\u0131rak\u0131yor. Bu kitab\u0131n sayfalar\u0131nda dola\u015f\u0131rken, Kur\u2019an ve k\u00e2inat\u0131n ayn\u0131 kudret taraf\u0131ndan yarat\u0131ld\u0131\u011f\u0131na \u015fahit olacaks\u0131n\u0131z&#8230; <\/p>\n","protected":false},"excerpt":{"rendered":"<p>Bu kitap, sadece bilgi vermiyor&#8230; Vicdanlar\u0131 da uyar\u0131yor. \u0130nsanl\u0131k, bilimle k\u00e2inat\u0131n s\u0131rlar\u0131n\u0131 \u00e7\u00f6zmeye \u00e7al\u0131\u015f\u0131rken, 14 as\u0131r \u00f6nce inmi\u015f bir kitab\u0131n sat\u0131r aralar\u0131ndan f\u0131s\u0131ldanan hakikatlerle kar\u015f\u0131la\u015f\u0131yor. Evrenin<span class=\"excerpt-hellip\"> [\u2026]<\/span><\/p>\n","protected":false},"featured_media":0,"template":"","meta":{"_monsterinsights_skip_tracking":false,"_monsterinsights_sitenote_active":false,"_monsterinsights_sitenote_note":"","_monsterinsights_sitenote_category":0},"product_brand":[],"product_cat":[12777,12291],"product_tag":[],"class_list":{"0":"post-779370","1":"product","2":"type-product","3":"status-publish","5":"product_cat-deneme","6":"product_cat-edebiyat","7":"pa_cilt-ciltsiz","8":"pa_tur-kitap","9":"pa_yayinevi-gulnar-yayinlari","10":"pa_yazar-doc-dr-mikail-soylemez","12":"first","13":"instock","14":"sale","15":"shipping-taxable","16":"purchasable","17":"product-type-simple"},"_links":{"self":[{"href":"https:\/\/roveyayinevi.com.tr\/index.php\/wp-json\/wp\/v2\/product\/779370","targetHints":{"allow":["GET"]}}],"collection":[{"href":"https:\/\/roveyayinevi.com.tr\/index.php\/wp-json\/wp\/v2\/product"}],"about":[{"href":"https:\/\/roveyayinevi.com.tr\/index.php\/wp-json\/wp\/v2\/types\/product"}],"wp:attachment":[{"href":"https:\/\/roveyayinevi.com.tr\/index.php\/wp-json\/wp\/v2\/media?parent=779370"}],"wp:term":[{"taxonomy":"product_brand","embeddable":true,"href":"https:\/\/roveyayinevi.com.tr\/index.php\/wp-json\/wp\/v2\/product_brand?post=779370"},{"taxonomy":"product_cat","embeddable":true,"href":"https:\/\/roveyayinevi.com.tr\/index.php\/wp-json\/wp\/v2\/product_cat?post=779370"},{"taxonomy":"product_tag","embeddable":true,"href":"https:\/\/roveyayinevi.com.tr\/index.php\/wp-json\/wp\/v2\/product_tag?post=779370"}],"curies":[{"name":"wp","href":"https:\/\/api.w.org\/{rel}","templated":true}]}}