{"id":779369,"date":"2025-12-30T11:49:57","date_gmt":"2025-12-30T08:49:57","guid":{"rendered":"https:\/\/roveyayinevi.com.tr\/index.php\/urun\/dedemin-antikalari-muzesi\/"},"modified":"2026-04-15T03:43:34","modified_gmt":"2026-04-15T00:43:34","slug":"dedemin-antikalari-muzesi","status":"publish","type":"product","link":"https:\/\/roveyayinevi.com.tr\/index.php\/urun\/dedemin-antikalari-muzesi\/","title":{"rendered":"Dedemin Antikalar\u0131 M\u00fczesi"},"content":{"rendered":"<p>Beren\u2019in dedesinin e\u015fyalar\u0131 bir tuhaf. Guguklu saatler, kocaman bir radyo, tak\u0131r tak\u0131r ses \u00e7\u0131karan sar\u0131 bir daktilo, \u00e7evirmeli bir telefon\u2026 Beren\u2019in en sevdi\u011fi e\u015fya, t\u0131ng\u0131r t\u0131ng\u0131r sallanan sandalye. Hele de dedesinin bu sandalyeye oturup anlatt\u0131\u011f\u0131 masallar\u2026 Beren\u2019in en mutlu anlar\u0131.   Ama bir g\u00fcn\u2026 Bu e\u015fyalar, de\u011fi\u015ftirilmeye karar veriliyor! Dedesi buna \u00fcz\u00fclm\u00fc\u015f gibi\u2026 Peki, Beren\u2019in herkesi mutlu edecek bir \u00e7\u00f6z\u00fcm\u00fc olabilir mi?   \u00d6\u011fretmen yazar Ay\u015feg\u00fcl KANIK\u2019\u0131n kaleminden, \u00e7ocuklara nostaljik de\u011ferleri hat\u0131rlatacak, s\u0131cac\u0131k ve e\u011flenceli bir hik\u00e2ye\u2026<\/p>\n","protected":false},"excerpt":{"rendered":"<p>Beren\u2019in dedesinin e\u015fyalar\u0131 bir tuhaf. Guguklu saatler, kocaman bir radyo, tak\u0131r tak\u0131r ses \u00e7\u0131karan sar\u0131 bir daktilo, \u00e7evirmeli bir telefon\u2026 Beren\u2019in en sevdi\u011fi e\u015fya, t\u0131ng\u0131r t\u0131ng\u0131r<span class=\"excerpt-hellip\"> [\u2026]<\/span><\/p>\n","protected":false},"featured_media":0,"template":"","meta":{"_monsterinsights_skip_tracking":false,"_monsterinsights_sitenote_active":false,"_monsterinsights_sitenote_note":"","_monsterinsights_sitenote_category":0},"product_brand":[],"product_cat":[12274,12284],"product_tag":[],"class_list":{"0":"post-779369","1":"product","2":"type-product","3":"status-publish","5":"product_cat-cocuk-ve-genclik-kitaplari","6":"product_cat-hikayeler","7":"pa_cilt-ciltsiz","8":"pa_tur-kitap","9":"pa_yayinevi-luna-cocuk-yayinlari","10":"pa_yazar-aysegul-kanik","12":"first","13":"instock","14":"sale","15":"shipping-taxable","16":"purchasable","17":"product-type-simple"},"_links":{"self":[{"href":"https:\/\/roveyayinevi.com.tr\/index.php\/wp-json\/wp\/v2\/product\/779369","targetHints":{"allow":["GET"]}}],"collection":[{"href":"https:\/\/roveyayinevi.com.tr\/index.php\/wp-json\/wp\/v2\/product"}],"about":[{"href":"https:\/\/roveyayinevi.com.tr\/index.php\/wp-json\/wp\/v2\/types\/product"}],"wp:attachment":[{"href":"https:\/\/roveyayinevi.com.tr\/index.php\/wp-json\/wp\/v2\/media?parent=779369"}],"wp:term":[{"taxonomy":"product_brand","embeddable":true,"href":"https:\/\/roveyayinevi.com.tr\/index.php\/wp-json\/wp\/v2\/product_brand?post=779369"},{"taxonomy":"product_cat","embeddable":true,"href":"https:\/\/roveyayinevi.com.tr\/index.php\/wp-json\/wp\/v2\/product_cat?post=779369"},{"taxonomy":"product_tag","embeddable":true,"href":"https:\/\/roveyayinevi.com.tr\/index.php\/wp-json\/wp\/v2\/product_tag?post=779369"}],"curies":[{"name":"wp","href":"https:\/\/api.w.org\/{rel}","templated":true}]}}