{"id":779368,"date":"2025-12-30T11:49:55","date_gmt":"2025-12-30T08:49:55","guid":{"rendered":"https:\/\/roveyayinevi.com.tr\/index.php\/urun\/kitabus-selsebil-fi-evsafin-nil-inceleme-metin\/"},"modified":"2026-04-15T03:43:17","modified_gmt":"2026-04-15T00:43:17","slug":"kitabus-selsebil-fi-evsafin-nil-inceleme-metin","status":"publish","type":"product","link":"https:\/\/roveyayinevi.com.tr\/index.php\/urun\/kitabus-selsebil-fi-evsafin-nil-inceleme-metin\/","title":{"rendered":"Kitab\u00fc\u2019s-Selsebil \u2018Fi Evsafi\u2019n-Nil \u0130nceleme-Metin"},"content":{"rendered":"<p>\u00b7         \u0130\u00e7indekiler    \u00b7         Klasik T\u00fcrk Edebiyat\u0131\u2019nda Nil \u00b7         Kit\u00e2b\u00fc\u2019s-Selseb\u00eel f\u00ee Evs\u00e2fi\u2019n-N\u00eel \u00b7         Eserin N\u00fcshalar\u0131 \u00b7         Eser \u00dczerine Yap\u0131lan \u00c7al\u0131\u015fmalar \u00b7         Eserin K\u0131sa Muhtevas\u0131 \u00b7         Metinde Do\u011frudan Ge\u00e7en Bibliyografik Kaynaklar \u00b7         Metne G\u00f6re Hazret-i Nuh ve Evlad\u0131 \u00b7         Sonu\u00e7 ve De\u011ferlendirme Kaynak\u00e7a \u00b7         Metnin Olu\u015fturulmas\u0131nda Dikkat Edilen Hususlar \u00b7         Trankripsiyon Alfabesi \u00b7         Nil\u2019in Vas\u0131flar\u0131 \u00dczerine (Yaz\u0131lm\u0131\u015f Olan) Selsebil\/Su Kitab\u0131 \u00b7         Ha\u1e95a\u0304 Kita\u0304b\u00fc\u2019s-Selsebi\u0304l fi\u0304 Ev\u1e63a\u0304fi\u2019n-Ni\u0304l <\/p>\n","protected":false},"excerpt":{"rendered":"<p>\u00b7 \u0130\u00e7indekiler \u00b7 Klasik T\u00fcrk Edebiyat\u0131\u2019nda Nil \u00b7 Kit\u00e2b\u00fc\u2019s-Selseb\u00eel f\u00ee Evs\u00e2fi\u2019n-N\u00eel \u00b7 Eserin N\u00fcshalar\u0131 \u00b7 Eser \u00dczerine Yap\u0131lan \u00c7al\u0131\u015fmalar \u00b7 Eserin K\u0131sa Muhtevas\u0131 \u00b7 Metinde Do\u011frudan<span class=\"excerpt-hellip\"> [\u2026]<\/span><\/p>\n","protected":false},"featured_media":0,"template":"","meta":{"_monsterinsights_skip_tracking":false,"_monsterinsights_sitenote_active":false,"_monsterinsights_sitenote_note":"","_monsterinsights_sitenote_category":0},"product_brand":[],"product_cat":[13005,40995],"product_tag":[],"class_list":{"0":"post-779368","1":"product","2":"type-product","3":"status-publish","5":"product_cat-bilim-muhendislik","6":"product_cat-sosyal-bilimler","7":"pa_cilt-ciltsiz","8":"pa_tur-kitap","9":"pa_yayinevi-gazi-kitabevi","10":"pa_yazar-busra-kaplan-dincoglu","12":"first","13":"instock","14":"sale","15":"shipping-taxable","16":"purchasable","17":"product-type-simple"},"_links":{"self":[{"href":"https:\/\/roveyayinevi.com.tr\/index.php\/wp-json\/wp\/v2\/product\/779368","targetHints":{"allow":["GET"]}}],"collection":[{"href":"https:\/\/roveyayinevi.com.tr\/index.php\/wp-json\/wp\/v2\/product"}],"about":[{"href":"https:\/\/roveyayinevi.com.tr\/index.php\/wp-json\/wp\/v2\/types\/product"}],"wp:attachment":[{"href":"https:\/\/roveyayinevi.com.tr\/index.php\/wp-json\/wp\/v2\/media?parent=779368"}],"wp:term":[{"taxonomy":"product_brand","embeddable":true,"href":"https:\/\/roveyayinevi.com.tr\/index.php\/wp-json\/wp\/v2\/product_brand?post=779368"},{"taxonomy":"product_cat","embeddable":true,"href":"https:\/\/roveyayinevi.com.tr\/index.php\/wp-json\/wp\/v2\/product_cat?post=779368"},{"taxonomy":"product_tag","embeddable":true,"href":"https:\/\/roveyayinevi.com.tr\/index.php\/wp-json\/wp\/v2\/product_tag?post=779368"}],"curies":[{"name":"wp","href":"https:\/\/api.w.org\/{rel}","templated":true}]}}