{"id":779366,"date":"2025-12-30T11:49:50","date_gmt":"2025-12-30T08:49:50","guid":{"rendered":"https:\/\/roveyayinevi.com.tr\/index.php\/urun\/sporda-insan-kaynaklari-yonetimi\/"},"modified":"2026-04-15T03:43:17","modified_gmt":"2026-04-15T00:43:17","slug":"sporda-insan-kaynaklari-yonetimi","status":"publish","type":"product","link":"https:\/\/roveyayinevi.com.tr\/index.php\/urun\/sporda-insan-kaynaklari-yonetimi\/","title":{"rendered":"Sporda \u0130nsan Kaynaklar\u0131 Y\u00f6netimi"},"content":{"rendered":"<p>\u0130\u00e7indekiler :   I. B\u00d6L\u00dcM TEMEL KAVRAMLAR   II. B\u00d6L\u00dcM SPORDA \u0130NSAN KAYNAKLARI PLANLAMASI VE \u0130\u015eG\u00dcC\u00dc Y\u00d6NET\u0130M\u0130   III. B\u00d6L\u00dcM SPOR KURULU\u015eLARI <\/p>\n","protected":false},"excerpt":{"rendered":"<p>\u0130\u00e7indekiler : I. B\u00d6L\u00dcM TEMEL KAVRAMLAR II. B\u00d6L\u00dcM SPORDA \u0130NSAN KAYNAKLARI PLANLAMASI VE \u0130\u015eG\u00dcC\u00dc Y\u00d6NET\u0130M\u0130 III. B\u00d6L\u00dcM SPOR KURULU\u015eLARI<\/p>\n","protected":false},"featured_media":0,"template":"","meta":{"_monsterinsights_skip_tracking":false,"_monsterinsights_sitenote_active":false,"_monsterinsights_sitenote_note":"","_monsterinsights_sitenote_category":0},"product_brand":[],"product_cat":[15563,15564],"product_tag":[],"class_list":{"0":"post-779366","1":"product","2":"type-product","3":"status-publish","5":"product_cat-hobi","6":"product_cat-spor","7":"pa_cilt-ciltsiz","8":"pa_tur-kitap","9":"pa_yayinevi-gazi-kitabevi","10":"pa_yazar-dursun-katkat","12":"first","13":"instock","14":"sale","15":"shipping-taxable","16":"purchasable","17":"product-type-simple"},"_links":{"self":[{"href":"https:\/\/roveyayinevi.com.tr\/index.php\/wp-json\/wp\/v2\/product\/779366","targetHints":{"allow":["GET"]}}],"collection":[{"href":"https:\/\/roveyayinevi.com.tr\/index.php\/wp-json\/wp\/v2\/product"}],"about":[{"href":"https:\/\/roveyayinevi.com.tr\/index.php\/wp-json\/wp\/v2\/types\/product"}],"wp:attachment":[{"href":"https:\/\/roveyayinevi.com.tr\/index.php\/wp-json\/wp\/v2\/media?parent=779366"}],"wp:term":[{"taxonomy":"product_brand","embeddable":true,"href":"https:\/\/roveyayinevi.com.tr\/index.php\/wp-json\/wp\/v2\/product_brand?post=779366"},{"taxonomy":"product_cat","embeddable":true,"href":"https:\/\/roveyayinevi.com.tr\/index.php\/wp-json\/wp\/v2\/product_cat?post=779366"},{"taxonomy":"product_tag","embeddable":true,"href":"https:\/\/roveyayinevi.com.tr\/index.php\/wp-json\/wp\/v2\/product_tag?post=779366"}],"curies":[{"name":"wp","href":"https:\/\/api.w.org\/{rel}","templated":true}]}}